{"id":10079,"date":"2025-01-13T22:58:05","date_gmt":"2025-01-13T21:58:05","guid":{"rendered":"https:\/\/autopdz.com\/?post_type=product&#038;p=10079"},"modified":"2025-11-30T08:37:54","modified_gmt":"2025-11-30T07:37:54","slug":"diffuseur-de-parfum-de-voiture-solaire","status":"publish","type":"product","link":"https:\/\/autopdz.com\/ar\/product\/diffuseur-de-parfum-de-voiture-solaire\/","title":{"rendered":"Diffuseur De Parfum De Voiture Solaire"},"content":{"rendered":"<p>D\u00e9sodorisant \u00e0 \u00e9nergie solaire : ce produit innovant tourne lorsqu&rsquo;il y a de la lumi\u00e8re, gr\u00e2ce \u00e0 sa conception \u00e0 \u00e9nergie solaire avec un moteur en cuivre pur \u00e0 aimant permanent. Il peut diffuser le parfum rapidement et uniform\u00e9ment dans toute votre voiture, cr\u00e9ant ainsi une atmosph\u00e8re agr\u00e9able et bien entretenue. \u00c9limination des odeurs : gr\u00e2ce \u00e0 sa conception puissante, ce d\u00e9sodorisant de voiture peut \u00e9liminer efficacement les odeurs d\u00e9sagr\u00e9ables dans l&rsquo;air, telles que les odeurs r\u00e9siduelles de nourriture ou d&rsquo;animaux de compagnie, et laisser votre voiture une odeur fra\u00eeche et propre. Conception haute capacit\u00e9 : am\u00e9liorez votre exp\u00e9rience de conduite avec notre d\u00e9sodorisant solaire rotatif pour voiture. Dot\u00e9 de 30 trous de diffusion et d&rsquo;une grande capacit\u00e9, il diffuse un parfum longue dur\u00e9e qui rafra\u00eechit votre voiture. Diffuseur de parfum r\u00e9sistant \u00e0 la chaleur : fabriqu\u00e9 en verre durable et en mat\u00e9riau PC, ce d\u00e9sodorisant solaire rotatif pour voiture peut r\u00e9sister \u00e0 des temp\u00e9ratures \u00e9lev\u00e9es et ne craint pas l&rsquo;exposition au soleil. D\u00e9coratif et relaxant : ce d\u00e9sodorisant solaire rotatif pour voiture est un accessoire \u00e9l\u00e9gant qui peut \u00eatre plac\u00e9 sur le tableau de bord. Il tourne avec la lumi\u00e8re du soleil, cr\u00e9ant un effet apaisant qui peut vous aider \u00e0 vous d\u00e9tendre pendant la conduite.<\/p>","protected":false},"excerpt":{"rendered":"<p>D\u00e9sodorisant \u00e0 \u00e9nergie solaire : ce produit innovant tourne lorsqu&rsquo;il y a de la lumi\u00e8re, gr\u00e2ce \u00e0 sa conception \u00e0 \u00e9nergie solaire avec un moteur en cuivre pur \u00e0 aimant permanent. Il peut diffuser le parfum rapidement et uniform\u00e9ment dans toute votre voiture, cr\u00e9ant ainsi une atmosph\u00e8re agr\u00e9able et bien entretenue. \u00c9limination des odeurs : [&hellip;]<\/p>","protected":false},"featured_media":10078,"comment_status":"open","ping_status":"closed","template":"","meta":[],"product_brand":[],"product_cat":[24],"product_tag":[],"class_list":{"0":"post-10079","1":"product","2":"type-product","3":"status-publish","4":"has-post-thumbnail","6":"product_cat-accessoires-interieur","8":"first","9":"outofstock","10":"shipping-taxable","11":"purchasable","12":"product-type-variable"},"jetpack_sharing_enabled":true,"_links":{"self":[{"href":"https:\/\/autopdz.com\/ar\/wp-json\/wp\/v2\/product\/10079","targetHints":{"allow":["GET"]}}],"collection":[{"href":"https:\/\/autopdz.com\/ar\/wp-json\/wp\/v2\/product"}],"about":[{"href":"https:\/\/autopdz.com\/ar\/wp-json\/wp\/v2\/types\/product"}],"replies":[{"embeddable":true,"href":"https:\/\/autopdz.com\/ar\/wp-json\/wp\/v2\/comments?post=10079"}],"wp:featuredmedia":[{"embeddable":true,"href":"https:\/\/autopdz.com\/ar\/wp-json\/wp\/v2\/media\/10078"}],"wp:attachment":[{"href":"https:\/\/autopdz.com\/ar\/wp-json\/wp\/v2\/media?parent=10079"}],"wp:term":[{"taxonomy":"product_brand","embeddable":true,"href":"https:\/\/autopdz.com\/ar\/wp-json\/wp\/v2\/product_brand?post=10079"},{"taxonomy":"product_cat","embeddable":true,"href":"https:\/\/autopdz.com\/ar\/wp-json\/wp\/v2\/product_cat?post=10079"},{"taxonomy":"product_tag","embeddable":true,"href":"https:\/\/autopdz.com\/ar\/wp-json\/wp\/v2\/product_tag?post=10079"}],"curies":[{"name":"wp","href":"https:\/\/api.w.org\/{rel}","templated":true}]}}