{"id":1023,"date":"2023-10-18T17:46:50","date_gmt":"2023-10-18T16:46:50","guid":{"rendered":"https:\/\/autopdz.com\/?post_type=product&#038;p=1023"},"modified":"2025-09-16T09:52:58","modified_gmt":"2025-09-16T08:52:58","slug":"paire-film-etanche-retroviseur-vue-laterale-verre-anti-pluie","status":"publish","type":"product","link":"https:\/\/autopdz.com\/ar\/product\/paire-film-etanche-retroviseur-vue-laterale-verre-anti-pluie\/","title":{"rendered":"Paire Film \u00e9tanche R\u00e9troviseur vue lat\u00e9rale verre Anti-pluie"},"content":{"rendered":"<p><span style=\"color: #000000;\">Caract\u00e9ristiques:<\/span><br \/>\n<span style=\"color: #000000;\">Film antibu\u00e9e: prot\u00e9gez votre miroir du flou.Protection parfaite: prot\u00e9gez et prot\u00e9gez vos r\u00e9troviseurs lat\u00e9raux contre les rayures ind\u00e9sirables, les frottis, la poussi\u00e8re et la salet\u00e9 afin de garder votre r\u00e9troviseur d\u00e9gag\u00e9 \u00e0 tout moment.Film-de-protection en mat\u00e9riau de bonne performance \u00e0 haute transmittance, anti-bu\u00e9e, anti-\u00e9blouissement, anti-bu\u00e9e, \u00e9tanche, \u00e9tanche \u00e0 la pluie, qui prot\u00e8ge efficacement votre s\u00e9curit\u00e9 de conduite par temps pluvieux ou brumeux.Installation facile: prenez juste quelques minutes pour l&rsquo;installer directement sur votre r\u00e9troviseur, jetez un peu d&rsquo;eau sur le miroir, installez le film-protecteur sur le miroir et collez-le, puis aplatissez-le avec un petit grattoir, rapide \/ facile \/ pratique .Plus mince et plus propre, une meilleure clart\u00e9 pour votre r\u00e9troviseur les jours de brouillard et de pluie.<\/span><\/p>\n<p><img decoding=\"async\" src=\"https:\/\/ma.jumia.is\/cms\/external\/pet\/GE232VP1FBBFQNAFAMZ\/024c1efb41b0feae0568c993dfd2a0a2.jpg\" alt=\"Amazon.com: 2PCS Car Rearview Mirror Rainproof Film\uff0cSide Window Nano Rainproof  Film for All Car SUV and Truck\uff0cSafety Driving Guard, HD Waterproof Anti-Fog  Anti-Glare Anti-Scratch Car Mirror Accessories (Oval): Car Electronics\" data-src=\"https:\/\/ma.jumia.is\/cms\/external\/pet\/GE232VP1FBBFQNAFAMZ\/024c1efb41b0feae0568c993dfd2a0a2.jpg\" \/><\/p>","protected":false},"excerpt":{"rendered":"<p>Caract\u00e9ristiques: Film antibu\u00e9e: prot\u00e9gez votre miroir du flou.Protection parfaite: prot\u00e9gez et prot\u00e9gez vos r\u00e9troviseurs lat\u00e9raux contre les rayures ind\u00e9sirables, les frottis, la poussi\u00e8re et la salet\u00e9 afin de garder votre r\u00e9troviseur d\u00e9gag\u00e9 \u00e0 tout moment.Film-de-protection en mat\u00e9riau de bonne performance \u00e0 haute transmittance, anti-bu\u00e9e, anti-\u00e9blouissement, anti-bu\u00e9e, \u00e9tanche, \u00e9tanche \u00e0 la pluie, qui prot\u00e8ge efficacement votre [&hellip;]<\/p>","protected":false},"featured_media":1026,"comment_status":"open","ping_status":"closed","template":"","meta":[],"product_brand":[],"product_cat":[26],"product_tag":[],"class_list":{"0":"post-1023","1":"product","2":"type-product","3":"status-publish","4":"has-post-thumbnail","6":"product_cat-accessoires-exterieur","8":"first","9":"outofstock","10":"shipping-taxable","11":"purchasable","12":"product-type-simple"},"jetpack_sharing_enabled":true,"_links":{"self":[{"href":"https:\/\/autopdz.com\/ar\/wp-json\/wp\/v2\/product\/1023","targetHints":{"allow":["GET"]}}],"collection":[{"href":"https:\/\/autopdz.com\/ar\/wp-json\/wp\/v2\/product"}],"about":[{"href":"https:\/\/autopdz.com\/ar\/wp-json\/wp\/v2\/types\/product"}],"replies":[{"embeddable":true,"href":"https:\/\/autopdz.com\/ar\/wp-json\/wp\/v2\/comments?post=1023"}],"wp:featuredmedia":[{"embeddable":true,"href":"https:\/\/autopdz.com\/ar\/wp-json\/wp\/v2\/media\/1026"}],"wp:attachment":[{"href":"https:\/\/autopdz.com\/ar\/wp-json\/wp\/v2\/media?parent=1023"}],"wp:term":[{"taxonomy":"product_brand","embeddable":true,"href":"https:\/\/autopdz.com\/ar\/wp-json\/wp\/v2\/product_brand?post=1023"},{"taxonomy":"product_cat","embeddable":true,"href":"https:\/\/autopdz.com\/ar\/wp-json\/wp\/v2\/product_cat?post=1023"},{"taxonomy":"product_tag","embeddable":true,"href":"https:\/\/autopdz.com\/ar\/wp-json\/wp\/v2\/product_tag?post=1023"}],"curies":[{"name":"wp","href":"https:\/\/api.w.org\/{rel}","templated":true}]}}