{"id":10350,"date":"2025-01-18T12:34:00","date_gmt":"2025-01-18T11:34:00","guid":{"rendered":"https:\/\/autopdz.com\/product\/antenne-led-forme-requin-a-energie-solaire-noir\/"},"modified":"2025-02-22T16:52:20","modified_gmt":"2025-02-22T15:52:20","slug":"antenne-led-forme-requin-a-energie-solaire-noir","status":"publish","type":"product","link":"https:\/\/autopdz.com\/ar\/product\/antenne-led-forme-requin-a-energie-solaire-noir\/","title":{"rendered":"Antenne LED forme requin \u00e0 energie solaire Noir"},"content":{"rendered":"<p>8 Perles LED, quatre couleurs avertissement de lumi\u00e8re.<br \/>\nUne plaque lumineuse \u00e0 haute efficacit\u00e9 est utilis\u00e9e, aucune alimentation externe &lsquo;est requise<br \/>\nS\u00e9lection multicolore, apparition \u00e0 travers trois processus de peinture de moulage, r\u00e9sistance \u00e0 corrosion, r\u00e9sistance au vieillissement<br \/>\nConception de l&rsquo;antenne anti-construction, LED Shark Fin Solar Warning Light<\/p>","protected":false},"excerpt":{"rendered":"<p>8 Perles LED, quatre couleurs avertissement de lumi\u00e8re. Une plaque lumineuse \u00e0 haute efficacit\u00e9 est utilis\u00e9e, aucune alimentation externe &lsquo;est requise S\u00e9lection multicolore, apparition \u00e0 travers trois processus de peinture de moulage, r\u00e9sistance \u00e0 corrosion, r\u00e9sistance au vieillissement Conception de l&rsquo;antenne anti-construction, LED Shark Fin Solar Warning Light<\/p>","protected":false},"featured_media":10343,"comment_status":"open","ping_status":"closed","template":"","meta":[],"product_brand":[],"product_cat":[26],"product_tag":[],"class_list":{"0":"post-10350","1":"product","2":"type-product","3":"status-publish","4":"has-post-thumbnail","6":"product_cat-accessoires-exterieur","8":"first","9":"instock","10":"sale","11":"shipping-taxable","12":"purchasable","13":"product-type-simple"},"jetpack_sharing_enabled":true,"_links":{"self":[{"href":"https:\/\/autopdz.com\/ar\/wp-json\/wp\/v2\/product\/10350","targetHints":{"allow":["GET"]}}],"collection":[{"href":"https:\/\/autopdz.com\/ar\/wp-json\/wp\/v2\/product"}],"about":[{"href":"https:\/\/autopdz.com\/ar\/wp-json\/wp\/v2\/types\/product"}],"replies":[{"embeddable":true,"href":"https:\/\/autopdz.com\/ar\/wp-json\/wp\/v2\/comments?post=10350"}],"wp:featuredmedia":[{"embeddable":true,"href":"https:\/\/autopdz.com\/ar\/wp-json\/wp\/v2\/media\/10343"}],"wp:attachment":[{"href":"https:\/\/autopdz.com\/ar\/wp-json\/wp\/v2\/media?parent=10350"}],"wp:term":[{"taxonomy":"product_brand","embeddable":true,"href":"https:\/\/autopdz.com\/ar\/wp-json\/wp\/v2\/product_brand?post=10350"},{"taxonomy":"product_cat","embeddable":true,"href":"https:\/\/autopdz.com\/ar\/wp-json\/wp\/v2\/product_cat?post=10350"},{"taxonomy":"product_tag","embeddable":true,"href":"https:\/\/autopdz.com\/ar\/wp-json\/wp\/v2\/product_tag?post=10350"}],"curies":[{"name":"wp","href":"https:\/\/api.w.org\/{rel}","templated":true}]}}