{"id":1037,"date":"2023-10-19T17:49:19","date_gmt":"2023-10-19T16:49:19","guid":{"rendered":"https:\/\/autopdz.com\/?post_type=product&#038;p=1037"},"modified":"2025-02-10T11:03:40","modified_gmt":"2025-02-10T10:03:40","slug":"sac-de-rangement-pour-siege-arriere-voiture-standard","status":"publish","type":"product","link":"https:\/\/autopdz.com\/ar\/product\/sac-de-rangement-pour-siege-arriere-voiture-standard\/","title":{"rendered":"Sac de Rangement pour Si\u00e8ge arri\u00e8re Voiture Standard"},"content":{"rendered":"<div class=\"woocommerce-product-details__short-description\">\n<ul>\n<li>Fonctionnalit\u00e9 2 en 1-peut facilement \u00eatre utilis\u00e9 comme organisateur de voiture de banquette arri\u00e8re ou comme organisateur de coffre de voiture!<\/li>\n<li>Il y a 4 poches spacieuses et le couvercle avec des attaches. Vous pouvez mettre vos choses pr\u00e9f\u00e9r\u00e9es dans votre poche.<\/li>\n<li>Sangles d\u2019appui-t\u00eate enti\u00e8rement r\u00e9glables-adapt\u00e9es \u00e0 tous les v\u00e9hicules.<\/li>\n<li>Dos solide et poche centrale avant-maintient la rigidit\u00e9 m\u00eame en cas de charge.<\/li>\n<li>Multi-usages-rangement de voiture pour les jouets pour enfants, les pi\u00e8ces de rechange de v\u00e9hicules, les collations, les jouets pour animaux de compagnie, les fournitures pour b\u00e9b\u00e9s, le mat\u00e9riel de cyclisme, l\u2019\u00e9quipement de football et m\u00eame un organisateur de coffre de golf.<\/li>\n<li>Compagnon \u00e9prouv\u00e9 pour tout camping ou voyage de p\u00eache r\u00e9ussi. Gardez les chevilles, le mat\u00e9riel de p\u00eache et les guimauves en toute s\u00e9curit\u00e9 suspendus au-dessus de votre coffre.<\/li>\n<li>Taille du produit: 90cm x 25cm x 12cm\/<\/li>\n<li>Mat\u00e9riel: tissu imperm\u00e9able d\u2019oxford du cryptage 600D<\/li>\n<li>Couleur: noir<\/li>\n<\/ul>\n<\/div>\n<form class=\"cart\" action=\"https:\/\/www.bigshop-dz.com\/produit\/sac-de-rangement-pour-siege-arriere-voiture-standard\/\" enctype=\"multipart\/form-data\" method=\"post\">\n<div class=\"quantity\"><\/div>\n<\/form>","protected":false},"excerpt":{"rendered":"<p>Fonctionnalit\u00e9 2 en 1-peut facilement \u00eatre utilis\u00e9 comme organisateur de voiture de banquette arri\u00e8re ou comme organisateur de coffre de voiture! Il y a 4 poches spacieuses et le couvercle avec des attaches. Vous pouvez mettre vos choses pr\u00e9f\u00e9r\u00e9es dans votre poche. Sangles d\u2019appui-t\u00eate enti\u00e8rement r\u00e9glables-adapt\u00e9es \u00e0 tous les v\u00e9hicules. Dos solide et poche centrale [&hellip;]<\/p>","protected":false},"featured_media":2312,"comment_status":"open","ping_status":"closed","template":"","meta":[],"product_brand":[],"product_cat":[24],"product_tag":[],"class_list":{"0":"post-1037","1":"product","2":"type-product","3":"status-publish","4":"has-post-thumbnail","6":"product_cat-accessoires-interieur","8":"first","9":"instock","10":"shipping-taxable","11":"purchasable","12":"product-type-simple"},"jetpack_sharing_enabled":true,"_links":{"self":[{"href":"https:\/\/autopdz.com\/ar\/wp-json\/wp\/v2\/product\/1037","targetHints":{"allow":["GET"]}}],"collection":[{"href":"https:\/\/autopdz.com\/ar\/wp-json\/wp\/v2\/product"}],"about":[{"href":"https:\/\/autopdz.com\/ar\/wp-json\/wp\/v2\/types\/product"}],"replies":[{"embeddable":true,"href":"https:\/\/autopdz.com\/ar\/wp-json\/wp\/v2\/comments?post=1037"}],"wp:featuredmedia":[{"embeddable":true,"href":"https:\/\/autopdz.com\/ar\/wp-json\/wp\/v2\/media\/2312"}],"wp:attachment":[{"href":"https:\/\/autopdz.com\/ar\/wp-json\/wp\/v2\/media?parent=1037"}],"wp:term":[{"taxonomy":"product_brand","embeddable":true,"href":"https:\/\/autopdz.com\/ar\/wp-json\/wp\/v2\/product_brand?post=1037"},{"taxonomy":"product_cat","embeddable":true,"href":"https:\/\/autopdz.com\/ar\/wp-json\/wp\/v2\/product_cat?post=1037"},{"taxonomy":"product_tag","embeddable":true,"href":"https:\/\/autopdz.com\/ar\/wp-json\/wp\/v2\/product_tag?post=1037"}],"curies":[{"name":"wp","href":"https:\/\/api.w.org\/{rel}","templated":true}]}}