{"id":10414,"date":"2025-01-19T11:25:28","date_gmt":"2025-01-19T10:25:28","guid":{"rendered":"https:\/\/autopdz.com\/product\/support-de-telephone-portable-pour-moto-et-velo-avec-chargeur-usb\/"},"modified":"2025-07-14T13:37:33","modified_gmt":"2025-07-14T12:37:33","slug":"support-de-telephone-portable-pour-moto-et-velo-avec-chargeur-usb","status":"publish","type":"product","link":"https:\/\/autopdz.com\/ar\/product\/support-de-telephone-portable-pour-moto-et-velo-avec-chargeur-usb\/","title":{"rendered":"Support de t\u00e9l\u00e9phone portable pour moto et v\u00e9lo, avec chargeur USB"},"content":{"rendered":"<p>Informations sur le produit<\/p>\n<p>INSTALLATION FACILE ! Le support peut \u00eatre fix\u00e9 sur la table du guidon ou pr\u00e8s du r\u00e9troviseur \u00e0 l&rsquo;aide de la vis pr\u00e9sente sur la moto elle-m\u00eame, il suffit de retirer le r\u00e9troviseur, de remettre le support en place et de remettre le r\u00e9troviseur en place. La partie \u00e9lectrique peut \u00eatre connect\u00e9e au c\u00e2blage des phares ou directement \u00e0 la batterie afin que vous puissiez charger votre appareil ou votre GPS. Attention &#8211; Les bornes du c\u00e2ble de charge qui sort du support doivent \u00eatre connect\u00e9es aux bornes de la batterie, le rouge \u00e9tant le positif et le noir le n\u00e9gatif. Une connexion invers\u00e9e endommagera la charge du produit. \u00c0 QUELS APPAREILS EST-CE ? Le support est r\u00e9glable pour les t\u00e9l\u00e9phones portables ou les appareils GPS de 3 \u00e0 6,3 pouces.<\/p>\n<p>CARACT\u00c9RISTIQUES DU PRODUIT<\/p>\n<p>1 &#8211; Le support a une rotation de 360 degr\u00e9s. Il est pratique, pratique et facile \u00e0 utiliser, en plus d&rsquo;assurer la s\u00e9curit\u00e9, car vous ne serez pas distrait en tenant votre t\u00e9l\u00e9phone portable tout au long du voyage. 2 &#8211; Mat\u00e9riau de haute qualit\u00e9 : tout le corps est en acier avec un mat\u00e9riau ignifuge ABS, qui a une excellente texture et est plus durable. 3 &#8211; Finition : design exclusif, plus belle apparence et personnalit\u00e9. 4 &#8211; Prise USB : prend en charge la charge rapide 2A, identification intelligente. 5 &#8211; Fonctionnement simple : la commande de l&rsquo;interrupteur est ferm\u00e9e, ce qui est pratique en cas d&rsquo;inutilisabilit\u00e9. 6 &#8211; Ferme et stable : Maintient parfaitement l&rsquo;appareil. CARACT\u00c9RISTIQUES &#8211; Port USB pour recharger votre Smartphone ou GPS &#8211; \u00c9quipement \u00e9tanche. &#8211; Parfait pour utiliser divers appareils mobiles tels que PDA \/ GPS \/ Lecteur MP4 sur les motos &#8211; Antid\u00e9rapant et r\u00e9sistant aux petits impacts, con\u00e7u pour transporter des appareils \u00e9lectroniques avec s\u00e9curit\u00e9 et stabilit\u00e9 &#8211; Base rotative \u00e0 360o avec tige flexible &#8211; Compatible avec les smartphones jusqu&rsquo;\u00e0 6.3 \u00a0\u00bb &#8211; Parfait pour la vie de tous les jours &#8211; Installation facile \u00e0 c\u00f4t\u00e9 de la tige du r\u00e9troviseur. &#8211; Housse \u00e9tanche, \u00e9galement id\u00e9ale pour les jours de pluie &#8211; Alimentation 12Vdc DESCRIPTION DU PRODUIT &#8211; Fen\u00eatre transparente pour une visualisation et un acc\u00e8s faciles \u00e0 l&rsquo;\u00e9cran tactile. \u00c9L\u00c9MENTS INCLUS 1 x support pour smartphone\/GPS 1 x dur\u00e9e de garantie 1 x tige flexible 1 x circuit d&rsquo;alimentation USB 1 x bo\u00eete d&#8217;emballage GARANTIE Garantie \u00e0 partir de la date d&rsquo;\u00e9mission de la note Taxe \u00e0 la consommation. Attention &#8211; La garantie ne s&rsquo;applique pas dans les conditions suivantes : Dommages r\u00e9sultant d&rsquo;une mauvaise utilisation ou d&rsquo;installations inad\u00e9quates.<\/p>\n<p>D\u00e9tails du produit<\/p>\n<p>Support de t\u00e9l\u00e9phone portable pour moto et v\u00e9lo, avec chargeur USB universel \u00e9tanche, 6.3 pouces<br \/>\nINSTALLATION FACILE !<br \/>\nLe support peut \u00eatre fix\u00e9 sur la table du guidon ou pr\u00e8s du r\u00e9troviseur \u00e0 l&rsquo;aide de la vis pr\u00e9sente sur la moto elle-m\u00eame, il suffit de retirer le r\u00e9troviseur, de remettre le support en place et de remettre le r\u00e9troviseur en place. La partie \u00e9lectrique peut \u00eatre connect\u00e9e au c\u00e2blage des phares ou directement \u00e0 la batterie afin que vous puissiez charger votre appareil ou votre GPS.<\/p>\n<p>Attention &#8211; Les bornes du c\u00e2ble de charge qui sort du support doivent \u00eatre connect\u00e9es aux bornes de la batterie, le rouge \u00e9tant le positif et le noir le n\u00e9gatif. Une connexion invers\u00e9e endommagera la charge du produit.<\/p>\n<p>\u00c0 QUELS APPAREILS EST-CE ?<br \/>\nLe support est r\u00e9glable pour les t\u00e9l\u00e9phones portables ou les appareils GPS de 3 \u00e0 6,3 pouces.<\/p>\n<p>CARACT\u00c9RISTIQUES DU PRODUIT<\/p>\n<p>1 &#8211; Le support a une rotation de 360 degr\u00e9s. Il est pratique, pratique et facile \u00e0 utiliser, en plus d&rsquo;assurer la s\u00e9curit\u00e9, car vous ne serez pas distrait en tenant votre t\u00e9l\u00e9phone portable tout au long du voyage.<br \/>\n2 &#8211; Mat\u00e9riau de haute qualit\u00e9 : tout le corps est en acier avec<br \/>\nun mat\u00e9riau ignifuge ABS, qui a une excellente texture et est plus durable.<br \/>\n3 &#8211; Finition : design exclusif, plus belle apparence et personnalit\u00e9.<br \/>\n4 &#8211; Prise USB : prend en charge la charge rapide 2A, identification intelligente.<br \/>\n5 &#8211; Fonctionnement simple : la commande de l&rsquo;interrupteur est ferm\u00e9e, ce qui est pratique en cas d&rsquo;inutilisabilit\u00e9.<br \/>\n6 &#8211; Ferme et stable : Maintient parfaitement l&rsquo;appareil.<\/p>\n<p>CARACT\u00c9RISTIQUES<br \/>\n&#8211; Port USB pour recharger votre Smartphone ou GPS<br \/>\n&#8211; \u00c9quipement \u00e9tanche.<br \/>\n&#8211; Parfait pour utiliser divers appareils mobiles tels que PDA \/ GPS \/ Lecteur MP4 sur les motos<br \/>\n&#8211; Antid\u00e9rapant et r\u00e9sistant aux petits impacts, con\u00e7u pour transporter des appareils \u00e9lectroniques avec s\u00e9curit\u00e9 et stabilit\u00e9<br \/>\n&#8211; Base rotative \u00e0 360o avec tige flexible<br \/>\n&#8211; Compatible avec les smartphones jusqu&rsquo;\u00e0 6.3 \u00a0\u00bb<br \/>\n&#8211; Parfait pour la vie de tous les jours<br \/>\n&#8211; Installation facile \u00e0 c\u00f4t\u00e9 de la tige du r\u00e9troviseur.<br \/>\n&#8211; Housse \u00e9tanche, \u00e9galement id\u00e9ale pour les jours de pluie<br \/>\n&#8211; Alimentation 12Vdc<\/p>","protected":false},"excerpt":{"rendered":"<p>Informations sur le produit INSTALLATION FACILE ! Le support peut \u00eatre fix\u00e9 sur la table du guidon ou pr\u00e8s du r\u00e9troviseur \u00e0 l&rsquo;aide de la vis pr\u00e9sente sur la moto elle-m\u00eame, il suffit de retirer le r\u00e9troviseur, de remettre le support en place et de remettre le r\u00e9troviseur en place. La partie \u00e9lectrique peut \u00eatre [&hellip;]<\/p>","protected":false},"featured_media":10409,"comment_status":"open","ping_status":"closed","template":"","meta":[],"product_brand":[],"product_cat":[38],"product_tag":[],"class_list":{"0":"post-10414","1":"product","2":"type-product","3":"status-publish","4":"has-post-thumbnail","6":"product_cat-support-telephone","8":"first","9":"outofstock","10":"shipping-taxable","11":"purchasable","12":"product-type-simple"},"jetpack_sharing_enabled":true,"_links":{"self":[{"href":"https:\/\/autopdz.com\/ar\/wp-json\/wp\/v2\/product\/10414","targetHints":{"allow":["GET"]}}],"collection":[{"href":"https:\/\/autopdz.com\/ar\/wp-json\/wp\/v2\/product"}],"about":[{"href":"https:\/\/autopdz.com\/ar\/wp-json\/wp\/v2\/types\/product"}],"replies":[{"embeddable":true,"href":"https:\/\/autopdz.com\/ar\/wp-json\/wp\/v2\/comments?post=10414"}],"wp:featuredmedia":[{"embeddable":true,"href":"https:\/\/autopdz.com\/ar\/wp-json\/wp\/v2\/media\/10409"}],"wp:attachment":[{"href":"https:\/\/autopdz.com\/ar\/wp-json\/wp\/v2\/media?parent=10414"}],"wp:term":[{"taxonomy":"product_brand","embeddable":true,"href":"https:\/\/autopdz.com\/ar\/wp-json\/wp\/v2\/product_brand?post=10414"},{"taxonomy":"product_cat","embeddable":true,"href":"https:\/\/autopdz.com\/ar\/wp-json\/wp\/v2\/product_cat?post=10414"},{"taxonomy":"product_tag","embeddable":true,"href":"https:\/\/autopdz.com\/ar\/wp-json\/wp\/v2\/product_tag?post=10414"}],"curies":[{"name":"wp","href":"https:\/\/api.w.org\/{rel}","templated":true}]}}