{"id":10566,"date":"2025-01-21T12:15:08","date_gmt":"2025-01-21T11:15:08","guid":{"rendered":"https:\/\/autopdz.com\/product\/systeme-de-verrouillage-centralise-des-portes-saca\/"},"modified":"2025-01-21T12:15:08","modified_gmt":"2025-01-21T11:15:08","slug":"systeme-de-verrouillage-centralise-des-portes-saca","status":"publish","type":"product","link":"https:\/\/autopdz.com\/ar\/product\/systeme-de-verrouillage-centralise-des-portes-saca\/","title":{"rendered":"Syst\u00e8me de verrouillage centralis\u00e9 des portes SACA"},"content":{"rendered":"<p>Emplacement personnalis\u00e9 :<\/p>\n<p>La possibilit\u00e9 d&rsquo;ajuster la position offre une flexibilit\u00e9 d&rsquo;installation, ce qui est important pour s&rsquo;adapter aux diff\u00e9rents types de portes et de m\u00e9canismes de verrouillage.<\/p>\n<p>Fonctionnement puissant et silencieux :<\/p>\n<p>Fournit un verrouillage et un d\u00e9verrouillage efficaces des portes avec des niveaux sonores minimes, ce qui est important pour le confort et la pr\u00e9vention d&rsquo;\u00e9ventuelles interf\u00e9rences.<\/p>\n<p>Bo\u00eetier r\u00e9sistant \u00e0 la chaleur et \u00e0 l&rsquo;humidit\u00e9 :<\/p>\n<p>Le corps de l&rsquo;activateur r\u00e9siste aux changements de temp\u00e9rature et \u00e0 l&rsquo;humidit\u00e9, ce qui augmente la fiabilit\u00e9 et la durabilit\u00e9 de l&rsquo;appareil.<\/p>\n<p>Ces fonctionnalit\u00e9s font de l&rsquo;appareil un compl\u00e9ment pratique et efficace au syst\u00e8me de verrouillage de votre v\u00e9hicule, am\u00e9liorant ainsi la s\u00e9curit\u00e9 et la facilit\u00e9 d&rsquo;utilisation.<\/p>","protected":false},"excerpt":{"rendered":"<p>Emplacement personnalis\u00e9 : La possibilit\u00e9 d&rsquo;ajuster la position offre une flexibilit\u00e9 d&rsquo;installation, ce qui est important pour s&rsquo;adapter aux diff\u00e9rents types de portes et de m\u00e9canismes de verrouillage. Fonctionnement puissant et silencieux : Fournit un verrouillage et un d\u00e9verrouillage efficaces des portes avec des niveaux sonores minimes, ce qui est important pour le confort et [&hellip;]<\/p>","protected":false},"featured_media":10563,"comment_status":"open","ping_status":"closed","template":"","meta":[],"product_brand":[],"product_cat":[26,24],"product_tag":[],"class_list":{"0":"post-10566","1":"product","2":"type-product","3":"status-publish","4":"has-post-thumbnail","6":"product_cat-accessoires-exterieur","7":"product_cat-accessoires-interieur","9":"first","10":"instock","11":"shipping-taxable","12":"purchasable","13":"product-type-simple"},"jetpack_sharing_enabled":true,"_links":{"self":[{"href":"https:\/\/autopdz.com\/ar\/wp-json\/wp\/v2\/product\/10566","targetHints":{"allow":["GET"]}}],"collection":[{"href":"https:\/\/autopdz.com\/ar\/wp-json\/wp\/v2\/product"}],"about":[{"href":"https:\/\/autopdz.com\/ar\/wp-json\/wp\/v2\/types\/product"}],"replies":[{"embeddable":true,"href":"https:\/\/autopdz.com\/ar\/wp-json\/wp\/v2\/comments?post=10566"}],"wp:featuredmedia":[{"embeddable":true,"href":"https:\/\/autopdz.com\/ar\/wp-json\/wp\/v2\/media\/10563"}],"wp:attachment":[{"href":"https:\/\/autopdz.com\/ar\/wp-json\/wp\/v2\/media?parent=10566"}],"wp:term":[{"taxonomy":"product_brand","embeddable":true,"href":"https:\/\/autopdz.com\/ar\/wp-json\/wp\/v2\/product_brand?post=10566"},{"taxonomy":"product_cat","embeddable":true,"href":"https:\/\/autopdz.com\/ar\/wp-json\/wp\/v2\/product_cat?post=10566"},{"taxonomy":"product_tag","embeddable":true,"href":"https:\/\/autopdz.com\/ar\/wp-json\/wp\/v2\/product_tag?post=10566"}],"curies":[{"name":"wp","href":"https:\/\/api.w.org\/{rel}","templated":true}]}}