{"id":10583,"date":"2025-01-21T12:39:16","date_gmt":"2025-01-21T11:39:16","guid":{"rendered":"https:\/\/autopdz.com\/product\/led-calandre-multicouleur-rgb-avec-application-4pcs\/"},"modified":"2025-02-25T14:37:55","modified_gmt":"2025-02-25T13:37:55","slug":"led-calandre-multicouleur-rgb-avec-application-4pcs","status":"publish","type":"product","link":"https:\/\/autopdz.com\/ar\/product\/led-calandre-multicouleur-rgb-avec-application-4pcs\/","title":{"rendered":"Led Calandre Multicouleur RGB Avec Application 4Pcs"},"content":{"rendered":"<p>Caract\u00e9ristiques:<\/p>\n<p>* Perles de lampe LED haute luminosit\u00e9, coque de lampe ABS \u00e9tanche haute temp\u00e9rature.<\/p>\n<p>* Lumi\u00e8res LED tr\u00e8s lumineuses int\u00e9gr\u00e9es pour les feux de calandre avant.<\/p>\n<p>*Universel, rempla\u00e7ant directement la plupart des mod\u00e8les.<\/p>\n<p>*Conception plug-and-play.<\/p>\n<p>*Une bonne fa\u00e7on d&rsquo;am\u00e9liorer votre voiture avec un meilleur \u00e9clairage.<\/p>\n<p>* Lumi\u00e8re haute luminosit\u00e9, installation non destructive, installation pratique sans d\u00e9connexion.<\/p>\n<p>*La version de l&rsquo;application, la couleur et le mode peuvent \u00eatre ajust\u00e9s librement (le code QR sur le contr\u00f4leur de num\u00e9risation peut \u00eatre t\u00e9l\u00e9charg\u00e9 depuis l&rsquo;application)<\/p>\n<p>Nom : lampe LED pour calandre automobile.<\/p>\n<p>Mat\u00e9riel:ABS<\/p>\n<p>Quantit\u00e9 : 4 pi\u00e8ces\/ensemble<\/p>\n<p>Mod\u00e8le Applicable: universel<\/p>\n<p>Taille: 5,5 * 1,7 * 2,1 cm<\/p>\n<p>Couleur de la coque : noir<\/p>\n<p>Le forfait comprend :<\/p>\n<p>1 x \u00e9clairage LED pour calandre de voiture<\/p>\n<p>Note:<\/p>\n<p>1. En raison du l\u00e9ger changement de couleur d\u00fb \u00e0 la mesure manuelle et aux diff\u00e9rents param\u00e8tres d&rsquo;affichage, veuillez pr\u00e9voir une diff\u00e9rence de 1 \u00e0 3 cm (0,4 \u00e0 1,18 \u00ab\u00a0).<\/p>\n<p>2. En raison des diff\u00e9rences de lumi\u00e8re et d&rsquo;\u00e9cran, la couleur du projet peut \u00eatre l\u00e9g\u00e8rement diff\u00e9rente de l&rsquo;image. Merci de votre compr\u00e9hension.<\/p>","protected":false},"excerpt":{"rendered":"<p>Caract\u00e9ristiques: * Perles de lampe LED haute luminosit\u00e9, coque de lampe ABS \u00e9tanche haute temp\u00e9rature. * Lumi\u00e8res LED tr\u00e8s lumineuses int\u00e9gr\u00e9es pour les feux de calandre avant. *Universel, rempla\u00e7ant directement la plupart des mod\u00e8les. *Conception plug-and-play. *Une bonne fa\u00e7on d&rsquo;am\u00e9liorer votre voiture avec un meilleur \u00e9clairage. * Lumi\u00e8re haute luminosit\u00e9, installation non destructive, installation pratique [&hellip;]<\/p>","protected":false},"featured_media":10580,"comment_status":"open","ping_status":"closed","template":"","meta":[],"product_brand":[],"product_cat":[23],"product_tag":[],"class_list":{"0":"post-10583","1":"product","2":"type-product","3":"status-publish","4":"has-post-thumbnail","6":"product_cat-eclairage","8":"first","9":"outofstock","10":"shipping-taxable","11":"purchasable","12":"product-type-simple"},"jetpack_sharing_enabled":true,"_links":{"self":[{"href":"https:\/\/autopdz.com\/ar\/wp-json\/wp\/v2\/product\/10583","targetHints":{"allow":["GET"]}}],"collection":[{"href":"https:\/\/autopdz.com\/ar\/wp-json\/wp\/v2\/product"}],"about":[{"href":"https:\/\/autopdz.com\/ar\/wp-json\/wp\/v2\/types\/product"}],"replies":[{"embeddable":true,"href":"https:\/\/autopdz.com\/ar\/wp-json\/wp\/v2\/comments?post=10583"}],"wp:featuredmedia":[{"embeddable":true,"href":"https:\/\/autopdz.com\/ar\/wp-json\/wp\/v2\/media\/10580"}],"wp:attachment":[{"href":"https:\/\/autopdz.com\/ar\/wp-json\/wp\/v2\/media?parent=10583"}],"wp:term":[{"taxonomy":"product_brand","embeddable":true,"href":"https:\/\/autopdz.com\/ar\/wp-json\/wp\/v2\/product_brand?post=10583"},{"taxonomy":"product_cat","embeddable":true,"href":"https:\/\/autopdz.com\/ar\/wp-json\/wp\/v2\/product_cat?post=10583"},{"taxonomy":"product_tag","embeddable":true,"href":"https:\/\/autopdz.com\/ar\/wp-json\/wp\/v2\/product_tag?post=10583"}],"curies":[{"name":"wp","href":"https:\/\/api.w.org\/{rel}","templated":true}]}}