{"id":10596,"date":"2025-01-21T13:37:27","date_gmt":"2025-01-21T12:37:27","guid":{"rendered":"https:\/\/autopdz.com\/product\/thermometre-pour-temperature-deau-a-ecran-lcd-pour-voiture\/"},"modified":"2025-05-19T15:16:17","modified_gmt":"2025-05-19T14:16:17","slug":"thermometre-pour-temperature-deau-a-ecran-lcd-pour-voiture","status":"publish","type":"product","link":"https:\/\/autopdz.com\/ar\/product\/thermometre-pour-temperature-deau-a-ecran-lcd-pour-voiture\/","title":{"rendered":"Compteur de temp\u00e9rature et de tension d&rsquo;eau LCD"},"content":{"rendered":"<p>Caract\u00e9ristiques:<br \/>\nCe voltm\u00e8tre \u00e0 affichage num\u00e9rique LCD peut vous aider \u00e0 obtenir la temp\u00e9rature en temps r\u00e9el de votre moteur de voiture<br \/>\nCoque en plastique d&rsquo;ing\u00e9nierie, mat\u00e9riaux de haute qualit\u00e9, durables.<br \/>\nAffichage num\u00e9rique \u00e9lectronique, plus clair et intuitif.<br \/>\nPr\u00e9cis, antichoc, faible consommation, pratique.<br \/>\nSp\u00e9cifications:<br \/>\nNom: voltm\u00e8tre d&rsquo;affichage num\u00e9rique d&rsquo;affichage \u00e0 cristaux liquides de voiture<br \/>\nMat\u00e9riau: coque en plastique d&rsquo;ing\u00e9nierie<br \/>\nTension de fonctionnement: DC12V ~ 24V<br \/>\nPr\u00e9cision de mesure: \u00b1 0.1%<br \/>\nDimension: environ 98*57mm\/3.86*2.24 pouces<br \/>\nLongueur du c\u00e2ble: 3m\/118.11 pouces (environ)<br \/>\nTemp\u00e9rature ambiante: -40 \u00b0 ~ 85 \u00b0<br \/>\nCouleur: noir (comme le montrent les images)<br \/>\nComment c\u00e2bler:<br \/>\nRouge: positif; Noir: n\u00e9gatif (connecter en marche arri\u00e8re, l&rsquo;instrument ne fonctionne pas)<br \/>\nNote:<br \/>\n1. En raison de la diff\u00e9rence entre les diff\u00e9rents moniteurs, l&rsquo;image peut ne pas refl\u00e9ter la couleur r\u00e9elle de l&rsquo;article.<br \/>\n2. Veuillez permettre une erreur de 1-3mm en raison de la mesure manuelle.<br \/>\nContenu de l&#8217;emballage:<br \/>\n1 * Kit de voltm\u00e8tre \u00e0 affichage num\u00e9rique<\/p>","protected":false},"excerpt":{"rendered":"<p>Caract\u00e9ristiques: Ce voltm\u00e8tre \u00e0 affichage num\u00e9rique LCD peut vous aider \u00e0 obtenir la temp\u00e9rature en temps r\u00e9el de votre moteur de voiture Coque en plastique d&rsquo;ing\u00e9nierie, mat\u00e9riaux de haute qualit\u00e9, durables. Affichage num\u00e9rique \u00e9lectronique, plus clair et intuitif. Pr\u00e9cis, antichoc, faible consommation, pratique. Sp\u00e9cifications: Nom: voltm\u00e8tre d&rsquo;affichage num\u00e9rique d&rsquo;affichage \u00e0 cristaux liquides de voiture Mat\u00e9riau: [&hellip;]<\/p>","protected":false},"featured_media":10594,"comment_status":"open","ping_status":"closed","template":"","meta":[],"product_brand":[],"product_cat":[26,24],"product_tag":[],"class_list":{"0":"post-10596","1":"product","2":"type-product","3":"status-publish","4":"has-post-thumbnail","6":"product_cat-accessoires-exterieur","7":"product_cat-accessoires-interieur","9":"first","10":"instock","11":"shipping-taxable","12":"purchasable","13":"product-type-simple"},"jetpack_sharing_enabled":true,"_links":{"self":[{"href":"https:\/\/autopdz.com\/ar\/wp-json\/wp\/v2\/product\/10596","targetHints":{"allow":["GET"]}}],"collection":[{"href":"https:\/\/autopdz.com\/ar\/wp-json\/wp\/v2\/product"}],"about":[{"href":"https:\/\/autopdz.com\/ar\/wp-json\/wp\/v2\/types\/product"}],"replies":[{"embeddable":true,"href":"https:\/\/autopdz.com\/ar\/wp-json\/wp\/v2\/comments?post=10596"}],"wp:featuredmedia":[{"embeddable":true,"href":"https:\/\/autopdz.com\/ar\/wp-json\/wp\/v2\/media\/10594"}],"wp:attachment":[{"href":"https:\/\/autopdz.com\/ar\/wp-json\/wp\/v2\/media?parent=10596"}],"wp:term":[{"taxonomy":"product_brand","embeddable":true,"href":"https:\/\/autopdz.com\/ar\/wp-json\/wp\/v2\/product_brand?post=10596"},{"taxonomy":"product_cat","embeddable":true,"href":"https:\/\/autopdz.com\/ar\/wp-json\/wp\/v2\/product_cat?post=10596"},{"taxonomy":"product_tag","embeddable":true,"href":"https:\/\/autopdz.com\/ar\/wp-json\/wp\/v2\/product_tag?post=10596"}],"curies":[{"name":"wp","href":"https:\/\/api.w.org\/{rel}","templated":true}]}}