{"id":10753,"date":"2025-01-23T14:11:13","date_gmt":"2025-01-23T13:11:13","guid":{"rendered":"https:\/\/autopdz.com\/?post_type=product&#038;p=10753"},"modified":"2025-01-23T14:12:56","modified_gmt":"2025-01-23T13:12:56","slug":"mini-loupe-projecteur-led-40w-4400lm-growpal-2pcs","status":"publish","type":"product","link":"https:\/\/autopdz.com\/ar\/product\/mini-loupe-projecteur-led-40w-4400lm-growpal-2pcs\/","title":{"rendered":"Mini Loupe Projecteur Led 40W 4400LM GrowPal 2Pcs"},"content":{"rendered":"<p>Caract\u00e9ristique<br \/>\n1. Lumi\u00e8re vive: 4400LM\/PCS, 40W lumi\u00e8res LED haute luminosit\u00e9.<\/p>\n<p>2. Refroidissement intelligent: alliage d&rsquo;aluminium d&rsquo;aviation et refroidissement du ventilateur turbo, la qualit\u00e9 est plus stable.<\/p>\n<p>3. D\u00e9marrez en m\u00eame temps: lecteur intelligent EMC, d\u00e9codage anti-interf\u00e9rence, utilisation plus stable. 4. Phares de haute qualit\u00e9: perles de lampe LED, mat\u00e9riau de coque: aluminium CNC, perles de lampe utilisent plus de 30,0000 heures.<\/p>\n<p>5. Applications: feux de voiture, feux de camion, feux tout-terrain, feux m\u00e9caniques, feux de moto, machines agricoles, feux d&rsquo;ambulance, feux d&rsquo;ing\u00e9nierie, feux de journalisation, feux de locomotive mini\u00e8re, feux de chariot \u00e9l\u00e9vateur, lumi\u00e8res de charbon, neige, lumi\u00e8res de chasse, lumi\u00e8res blind\u00e9es.<\/p>","protected":false},"excerpt":{"rendered":"<p>Caract\u00e9ristique 1. Lumi\u00e8re vive: 4400LM\/PCS, 40W lumi\u00e8res LED haute luminosit\u00e9. 2. Refroidissement intelligent: alliage d&rsquo;aluminium d&rsquo;aviation et refroidissement du ventilateur turbo, la qualit\u00e9 est plus stable. 3. D\u00e9marrez en m\u00eame temps: lecteur intelligent EMC, d\u00e9codage anti-interf\u00e9rence, utilisation plus stable. 4. Phares de haute qualit\u00e9: perles de lampe LED, mat\u00e9riau de coque: aluminium CNC, perles de [&hellip;]<\/p>","protected":false},"featured_media":10749,"comment_status":"open","ping_status":"closed","template":"","meta":[],"product_brand":[],"product_cat":[23],"product_tag":[],"class_list":{"0":"post-10753","1":"product","2":"type-product","3":"status-publish","4":"has-post-thumbnail","6":"product_cat-eclairage","8":"first","9":"instock","10":"shipping-taxable","11":"purchasable","12":"product-type-variable"},"jetpack_sharing_enabled":true,"_links":{"self":[{"href":"https:\/\/autopdz.com\/ar\/wp-json\/wp\/v2\/product\/10753","targetHints":{"allow":["GET"]}}],"collection":[{"href":"https:\/\/autopdz.com\/ar\/wp-json\/wp\/v2\/product"}],"about":[{"href":"https:\/\/autopdz.com\/ar\/wp-json\/wp\/v2\/types\/product"}],"replies":[{"embeddable":true,"href":"https:\/\/autopdz.com\/ar\/wp-json\/wp\/v2\/comments?post=10753"}],"wp:featuredmedia":[{"embeddable":true,"href":"https:\/\/autopdz.com\/ar\/wp-json\/wp\/v2\/media\/10749"}],"wp:attachment":[{"href":"https:\/\/autopdz.com\/ar\/wp-json\/wp\/v2\/media?parent=10753"}],"wp:term":[{"taxonomy":"product_brand","embeddable":true,"href":"https:\/\/autopdz.com\/ar\/wp-json\/wp\/v2\/product_brand?post=10753"},{"taxonomy":"product_cat","embeddable":true,"href":"https:\/\/autopdz.com\/ar\/wp-json\/wp\/v2\/product_cat?post=10753"},{"taxonomy":"product_tag","embeddable":true,"href":"https:\/\/autopdz.com\/ar\/wp-json\/wp\/v2\/product_tag?post=10753"}],"curies":[{"name":"wp","href":"https:\/\/api.w.org\/{rel}","templated":true}]}}