{"id":10981,"date":"2025-01-27T11:45:04","date_gmt":"2025-01-27T10:45:04","guid":{"rendered":"https:\/\/autopdz.com\/product\/doube-tuyau-dechappement-de-voiture\/"},"modified":"2025-01-27T11:45:04","modified_gmt":"2025-01-27T10:45:04","slug":"doube-tuyau-dechappement-de-voiture","status":"publish","type":"product","link":"https:\/\/autopdz.com\/ar\/product\/doube-tuyau-dechappement-de-voiture\/","title":{"rendered":"Doube Tuyau D&rsquo;\u00e9chappement de Voiture"},"content":{"rendered":"<p>Mat\u00e9riaux de haute qualit\u00e9 : le silencieux est fabriqu\u00e9 en acier inoxydable de haute qualit\u00e9, a une bonne r\u00e9sistance \u00e0 la corrosion aux solutions alcalines et \u00e0 la plupart des acides organiques et inorganiques, et pr\u00e9sente les caract\u00e9ristiques d&rsquo;anti-corrosion, de l\u00e9g\u00e8ret\u00e9, de r\u00e9sistance \u00e0 l&rsquo;usure et de durabilit\u00e9. Il n&rsquo;est pas facile d&rsquo;\u00eatre d\u00e9form\u00e9 et endommag\u00e9, et il est solide et r\u00e9sistant \u00e0 l&rsquo;usure. Fabriqu\u00e9 conform\u00e9ment \u00e0 des normes de contr\u00f4le de qualit\u00e9 strictes,<br \/>\nMat\u00e9riaux de haute qualit\u00e9 : le silencieux est fabriqu\u00e9 en acier inoxydable de haute qualit\u00e9, a une bonne r\u00e9sistance \u00e0 la corrosion aux solutions alcalines et \u00e0 la plupart des acides organiques et inorganiques, et pr\u00e9sente les caract\u00e9ristiques d&rsquo;anti-corrosion, de l\u00e9g\u00e8ret\u00e9, de r\u00e9sistance \u00e0 l&rsquo;usure et de durabilit\u00e9. Il n&rsquo;est pas facile d&rsquo;\u00eatre d\u00e9form\u00e9 et endommag\u00e9, et il est solide et r\u00e9sistant \u00e0 l&rsquo;usure. Fabriqu\u00e9 conform\u00e9ment \u00e0 des normes de contr\u00f4le de qualit\u00e9 strictes,<br \/>\nCompatibilit\u00e9 parfaite : ce tuyau d&rsquo;\u00e9chappement convient \u00e0 la plupart des voitures, tr\u00e8s appropri\u00e9 pour le bricolage automobile, un substitut . Il a une large gamme d&rsquo;applications, respecte ou d\u00e9passe les sp\u00e9cifications d&rsquo;usine d&rsquo;origine et peut \u00eatre directement remplac\u00e9 pour r\u00e9pondre \u00e0 vos divers besoins. Veuillez confirmer si le produit convient avant de passer une commande. pour tuyau d&rsquo;\u00e9chappement double embout d&rsquo;\u00e9chappement en acier inoxydable<br \/>\nsportif : apr\u00e8s l&rsquo;installation, ce tuyau d&rsquo;\u00e9chappement de voiture am\u00e9liorera la superposition de votre v\u00e9hicule, rendra votre v\u00e9hicule plein d&rsquo;un sportif am\u00e9lior\u00e9 et donnera \u00e0 votre voiture un nouveau look.<br \/>\nInstallation pratique : il est pratique d&rsquo;installer avec des vis, sans per\u00e7age ni soudure. L&rsquo;installation est simple et peut \u00eatre compl\u00e9t\u00e9e en quelques minutes. C&rsquo;est votre accessoire id\u00e9al.<br \/>\n\u00c9l\u00e9gant : les sorties d&rsquo;\u00e9chappement argent\u00e9es et noires sont tr\u00e8s belles, pleines d&rsquo;\u00e9l\u00e9gance, accrocheuses et \u00e0 la mode. Vous pouvez l&rsquo;utiliser pour que votre voiture se d\u00e9marque parmi de nombreux v\u00e9hicules. Venez l&rsquo;essayer !<\/p>","protected":false},"excerpt":{"rendered":"<p>Mat\u00e9riaux de haute qualit\u00e9 : le silencieux est fabriqu\u00e9 en acier inoxydable de haute qualit\u00e9, a une bonne r\u00e9sistance \u00e0 la corrosion aux solutions alcalines et \u00e0 la plupart des acides organiques et inorganiques, et pr\u00e9sente les caract\u00e9ristiques d&rsquo;anti-corrosion, de l\u00e9g\u00e8ret\u00e9, de r\u00e9sistance \u00e0 l&rsquo;usure et de durabilit\u00e9. Il n&rsquo;est pas facile d&rsquo;\u00eatre d\u00e9form\u00e9 et [&hellip;]<\/p>","protected":false},"featured_media":10977,"comment_status":"open","ping_status":"closed","template":"","meta":[],"product_brand":[],"product_cat":[26],"product_tag":[],"class_list":{"0":"post-10981","1":"product","2":"type-product","3":"status-publish","4":"has-post-thumbnail","6":"product_cat-accessoires-exterieur","8":"first","9":"instock","10":"shipping-taxable","11":"purchasable","12":"product-type-simple"},"jetpack_sharing_enabled":true,"_links":{"self":[{"href":"https:\/\/autopdz.com\/ar\/wp-json\/wp\/v2\/product\/10981","targetHints":{"allow":["GET"]}}],"collection":[{"href":"https:\/\/autopdz.com\/ar\/wp-json\/wp\/v2\/product"}],"about":[{"href":"https:\/\/autopdz.com\/ar\/wp-json\/wp\/v2\/types\/product"}],"replies":[{"embeddable":true,"href":"https:\/\/autopdz.com\/ar\/wp-json\/wp\/v2\/comments?post=10981"}],"wp:featuredmedia":[{"embeddable":true,"href":"https:\/\/autopdz.com\/ar\/wp-json\/wp\/v2\/media\/10977"}],"wp:attachment":[{"href":"https:\/\/autopdz.com\/ar\/wp-json\/wp\/v2\/media?parent=10981"}],"wp:term":[{"taxonomy":"product_brand","embeddable":true,"href":"https:\/\/autopdz.com\/ar\/wp-json\/wp\/v2\/product_brand?post=10981"},{"taxonomy":"product_cat","embeddable":true,"href":"https:\/\/autopdz.com\/ar\/wp-json\/wp\/v2\/product_cat?post=10981"},{"taxonomy":"product_tag","embeddable":true,"href":"https:\/\/autopdz.com\/ar\/wp-json\/wp\/v2\/product_tag?post=10981"}],"curies":[{"name":"wp","href":"https:\/\/api.w.org\/{rel}","templated":true}]}}