{"id":11000,"date":"2025-01-27T12:53:08","date_gmt":"2025-01-27T11:53:08","guid":{"rendered":"https:\/\/autopdz.com\/product\/2pcs-led-feux-antibrouillard-alimente-par-le-vent\/"},"modified":"2025-12-11T14:49:38","modified_gmt":"2025-12-11T13:49:38","slug":"2pcs-led-feux-antibrouillard-alimente-par-le-vent","status":"publish","type":"product","link":"https:\/\/autopdz.com\/ar\/product\/2pcs-led-feux-antibrouillard-alimente-par-le-vent\/","title":{"rendered":"2Pcs LED feux antibrouillard aliment\u00e9 par le vent"},"content":{"rendered":"<p>Caract\u00e9ristiques:<br \/>\nL\u2019utilisation de l\u2019\u00e9nergie \u00e9olienne g\u00e9n\u00e9r\u00e9e lors de la conduite. Pas de c\u00e2blage, installation facile, la vitesse atteint 30 ch, led s\u2019allumera. Dans l\u2019obscurit\u00e9, comme les \u00e9toiles, mais aussi pour votre s\u00e9curit\u00e9 au volant.<br \/>\nS\u00e9lectionn\u00e9 huit LED haute luminosit\u00e9, \u00e9nergie verte, longue dur\u00e9e de vie.<br \/>\nAvec un support de montage, l\u2019angle peut \u00eatre ajust\u00e9.<br \/>\nEn adoptant l\u2019\u00e9clairage COB, il peut avoir une densit\u00e9 de puce LED plus \u00e9lev\u00e9e et atteindre un niveau de lumi\u00e8re plus \u00e9lev\u00e9 tout en maintenant ou en am\u00e9liorant l\u2019esp\u00e9rance de vie.<br \/>\nConception \u00e9tanche, pas besoin de s\u2019inqui\u00e9ter du probl\u00e8me d\u2019eau, m\u00eame si toute la carte de circuit imprim\u00e9 dans l\u2019eau, la rotation du ventilateur, les lumi\u00e8res LED s\u2019allumeront toujours.<\/p>\n<p>La description:<br \/>\nCouleur:Bleu<br \/>\nType: S\/N LED<br \/>\nPuissance: 0,06 W x 8<br \/>\nTension: 12V<br \/>\nTension de fonctionnement: 8-30V<br \/>\nLumens: 8 x (2-3LM)<br \/>\nTemp\u00e9rature de couleur: 4300K<br \/>\nVie professionnelle: 50 000 heures<br \/>\nMat\u00e9riel: Plastiques techniques et composants \u00e9lectriques<br \/>\nTaille:Comme le montrent les photo<\/p>","protected":false},"excerpt":{"rendered":"<p>Caract\u00e9ristiques: L\u2019utilisation de l\u2019\u00e9nergie \u00e9olienne g\u00e9n\u00e9r\u00e9e lors de la conduite. Pas de c\u00e2blage, installation facile, la vitesse atteint 30 ch, led s\u2019allumera. Dans l\u2019obscurit\u00e9, comme les \u00e9toiles, mais aussi pour votre s\u00e9curit\u00e9 au volant. S\u00e9lectionn\u00e9 huit LED haute luminosit\u00e9, \u00e9nergie verte, longue dur\u00e9e de vie. Avec un support de montage, l\u2019angle peut \u00eatre ajust\u00e9. En [&hellip;]<\/p>","protected":false},"featured_media":10997,"comment_status":"open","ping_status":"closed","template":"","meta":[],"product_brand":[],"product_cat":[23],"product_tag":[],"class_list":{"0":"post-11000","1":"product","2":"type-product","3":"status-publish","4":"has-post-thumbnail","6":"product_cat-eclairage","8":"first","9":"outofstock","10":"shipping-taxable","11":"purchasable","12":"product-type-simple"},"jetpack_sharing_enabled":true,"_links":{"self":[{"href":"https:\/\/autopdz.com\/ar\/wp-json\/wp\/v2\/product\/11000","targetHints":{"allow":["GET"]}}],"collection":[{"href":"https:\/\/autopdz.com\/ar\/wp-json\/wp\/v2\/product"}],"about":[{"href":"https:\/\/autopdz.com\/ar\/wp-json\/wp\/v2\/types\/product"}],"replies":[{"embeddable":true,"href":"https:\/\/autopdz.com\/ar\/wp-json\/wp\/v2\/comments?post=11000"}],"wp:featuredmedia":[{"embeddable":true,"href":"https:\/\/autopdz.com\/ar\/wp-json\/wp\/v2\/media\/10997"}],"wp:attachment":[{"href":"https:\/\/autopdz.com\/ar\/wp-json\/wp\/v2\/media?parent=11000"}],"wp:term":[{"taxonomy":"product_brand","embeddable":true,"href":"https:\/\/autopdz.com\/ar\/wp-json\/wp\/v2\/product_brand?post=11000"},{"taxonomy":"product_cat","embeddable":true,"href":"https:\/\/autopdz.com\/ar\/wp-json\/wp\/v2\/product_cat?post=11000"},{"taxonomy":"product_tag","embeddable":true,"href":"https:\/\/autopdz.com\/ar\/wp-json\/wp\/v2\/product_tag?post=11000"}],"curies":[{"name":"wp","href":"https:\/\/api.w.org\/{rel}","templated":true}]}}