{"id":11008,"date":"2025-01-27T12:57:43","date_gmt":"2025-01-27T11:57:43","guid":{"rendered":"https:\/\/autopdz.com\/product\/poignee-de-volant-en-silicone-a-360-degres\/"},"modified":"2026-02-11T12:24:15","modified_gmt":"2026-02-11T11:24:15","slug":"poignee-de-volant-en-silicone-a-360-degres","status":"publish","type":"product","link":"https:\/\/autopdz.com\/ar\/product\/poignee-de-volant-en-silicone-a-360-degres\/","title":{"rendered":"Poign\u00e9e de volant en silicone \u00e0 360 degr\u00e9s"},"content":{"rendered":"<p>Mat\u00e9riau : le rehausseur de volant est fabriqu\u00e9 en PC, ABS, acier m\u00e9tallique et silicone de haute qualit\u00e9, qui est flexible en rotation, pas facile \u00e0 rouiller, r\u00e9sistant aux hautes temp\u00e9ratures.<br \/>\nAntid\u00e9rapant : les boutons de volant textur\u00e9s en silicone emp\u00eachent de glisser lorsque vous transpirez ou avez de l&rsquo;eau sur vos mains, vous offrant une exp\u00e9rience de conduite confortable et agr\u00e9able.<br \/>\nContr\u00f4le de direction \u00e0 360 degr\u00e9s : la boule de puissance du volant peut r\u00e9duire le rayon de braquage et les virages plus doux, en particulier les demi-tours, la marche arri\u00e8re et les virages continus. Refusez de rester coinc\u00e9 et peut am\u00e9liorer la maniabilit\u00e9.<br \/>\nFacile \u00e0 installer : trouvez d&rsquo;abord la position que vous souhaitez installer, puis ouvrez simplement le bouton de la poign\u00e9e derri\u00e8re la boule d&rsquo;alimentation, puis fixez-le sur votre volant et utilisez les vis pour renforcer la boule d&rsquo;alimentation.<br \/>\nLarge compatibilit\u00e9 : compatible avec tous les v\u00e9hicules, y compris voiture\/bateau\/tracteur\/camion.<\/p>","protected":false},"excerpt":{"rendered":"<p>Mat\u00e9riau : le rehausseur de volant est fabriqu\u00e9 en PC, ABS, acier m\u00e9tallique et silicone de haute qualit\u00e9, qui est flexible en rotation, pas facile \u00e0 rouiller, r\u00e9sistant aux hautes temp\u00e9ratures. Antid\u00e9rapant : les boutons de volant textur\u00e9s en silicone emp\u00eachent de glisser lorsque vous transpirez ou avez de l&rsquo;eau sur vos mains, vous offrant [&hellip;]<\/p>","protected":false},"featured_media":11002,"comment_status":"open","ping_status":"closed","template":"","meta":[],"product_brand":[],"product_cat":[24],"product_tag":[],"class_list":{"0":"post-11008","1":"product","2":"type-product","3":"status-publish","4":"has-post-thumbnail","6":"product_cat-accessoires-interieur","8":"first","9":"outofstock","10":"shipping-taxable","11":"purchasable","12":"product-type-simple"},"jetpack_sharing_enabled":true,"_links":{"self":[{"href":"https:\/\/autopdz.com\/ar\/wp-json\/wp\/v2\/product\/11008","targetHints":{"allow":["GET"]}}],"collection":[{"href":"https:\/\/autopdz.com\/ar\/wp-json\/wp\/v2\/product"}],"about":[{"href":"https:\/\/autopdz.com\/ar\/wp-json\/wp\/v2\/types\/product"}],"replies":[{"embeddable":true,"href":"https:\/\/autopdz.com\/ar\/wp-json\/wp\/v2\/comments?post=11008"}],"wp:featuredmedia":[{"embeddable":true,"href":"https:\/\/autopdz.com\/ar\/wp-json\/wp\/v2\/media\/11002"}],"wp:attachment":[{"href":"https:\/\/autopdz.com\/ar\/wp-json\/wp\/v2\/media?parent=11008"}],"wp:term":[{"taxonomy":"product_brand","embeddable":true,"href":"https:\/\/autopdz.com\/ar\/wp-json\/wp\/v2\/product_brand?post=11008"},{"taxonomy":"product_cat","embeddable":true,"href":"https:\/\/autopdz.com\/ar\/wp-json\/wp\/v2\/product_cat?post=11008"},{"taxonomy":"product_tag","embeddable":true,"href":"https:\/\/autopdz.com\/ar\/wp-json\/wp\/v2\/product_tag?post=11008"}],"curies":[{"name":"wp","href":"https:\/\/api.w.org\/{rel}","templated":true}]}}