{"id":11093,"date":"2025-01-28T21:30:45","date_gmt":"2025-01-28T20:30:45","guid":{"rendered":"https:\/\/autopdz.com\/product\/autoradio-avec-ecran-tactile-62-et-carplay-android-sans-fil\/"},"modified":"2025-02-25T14:10:24","modified_gmt":"2025-02-25T13:10:24","slug":"autoradio-avec-ecran-tactile-62-et-carplay-android-sans-fil","status":"publish","type":"product","link":"https:\/\/autopdz.com\/ar\/product\/autoradio-avec-ecran-tactile-62-et-carplay-android-sans-fil\/","title":{"rendered":"Autoradio avec \u00c9cran Tactile 6,2&Prime; et CarPlay\/Android Sans Fil"},"content":{"rendered":"<p>L&rsquo;Apple CarPlay simple din prend en charge l&rsquo;Apple CarPlay sans fil et c\u00e2bl\u00e9. Avec la commande vocale int\u00e9gr\u00e9e, vous pouvez r\u00e9veiller l&rsquo;assistant vocal Siri pour passer des appels t\u00e9l\u00e9phoniques, acc\u00e9der \u00e0 la musique, \u00e0 la navigation dans le tableau de bord et plus encore. Le tout en mains libres pour une conduite en toute s\u00e9curit\u00e9.[Commande vocale sans fil Android Auto] : La radio \u00e0 \u00e9cran tactile simple din fonctionne avec Android Auto sans fil et c\u00e2bl\u00e9. Android Auto vous permet de r\u00e9veiller Google_Assistant pour passer des appels, \u00e9couter de la musique, acc\u00e9der \u00e0 la navigation GPS et plus encore.<br \/>\n[Phone Mirror Link &amp; EQ ] : Le syst\u00e8me carplay simple din est dot\u00e9 de la fonction mirror-Link qui permet de projeter l&rsquo;\u00e9cran de votre t\u00e9l\u00e9phone sur l&rsquo;\u00e9cran de l&rsquo;autoradio. \u00c9quip\u00e9 d&rsquo;un \u00e9galiseur \u00e0 10 bandes et de 7 pr\u00e9r\u00e9glages, ainsi que de fonctions de filtrage des basses, l&rsquo;autoradio simple din vous permet de personnaliser votre syst\u00e8me audio pour un divertissement ultime dans la voiture.[\u00c9cran tactile IPS am\u00e9lior\u00e9 ] : L&rsquo;autoradio simple din est \u00e9quip\u00e9 d&rsquo;un \u00e9cran HD IPS 1248*480 avec un angle de vision de 178\u00b0, ce qui vous permet de voir clairement l&rsquo;\u00e9cran dans n&rsquo;importe quelle position. L&rsquo;\u00e9cran tactile simple din prend en charge la lecture vid\u00e9o 1920 X 1080P, vous offrant une excellente exp\u00e9rience visuelle.[Bluetooth 5.1 ] : L&rsquo;autoradio simple din Android Auto est \u00e9quip\u00e9 d&rsquo;un module Bluetooth ind\u00e9pendant. Puissante puce intelligente am\u00e9lior\u00e9e, connexion plus rapide, d\u00e9lai de signal plus faible, permet le streaming sans fil de la musique, des appels, des MP3 et plus encore, fournissant un lien clair et fiable pour vos besoins de conduite.[Radio FM et autres fonctions ] : L&rsquo;unit\u00e9 principale \u00e0 \u00e9cran tactile simple din a des fonctions suppl\u00e9mentaires : USB de type C, entr\u00e9e USB\/Aux, radio FM, sortie audio\/vid\u00e9o<\/p>","protected":false},"excerpt":{"rendered":"<p>L&rsquo;Apple CarPlay simple din prend en charge l&rsquo;Apple CarPlay sans fil et c\u00e2bl\u00e9. Avec la commande vocale int\u00e9gr\u00e9e, vous pouvez r\u00e9veiller l&rsquo;assistant vocal Siri pour passer des appels t\u00e9l\u00e9phoniques, acc\u00e9der \u00e0 la musique, \u00e0 la navigation dans le tableau de bord et plus encore. Le tout en mains libres pour une conduite en toute s\u00e9curit\u00e9.[Commande [&hellip;]<\/p>","protected":false},"featured_media":11087,"comment_status":"open","ping_status":"closed","template":"","meta":[],"product_brand":[],"product_cat":[24],"product_tag":[],"class_list":{"0":"post-11093","1":"product","2":"type-product","3":"status-publish","4":"has-post-thumbnail","6":"product_cat-accessoires-interieur","8":"first","9":"outofstock","10":"shipping-taxable","11":"purchasable","12":"product-type-simple"},"jetpack_sharing_enabled":true,"_links":{"self":[{"href":"https:\/\/autopdz.com\/ar\/wp-json\/wp\/v2\/product\/11093","targetHints":{"allow":["GET"]}}],"collection":[{"href":"https:\/\/autopdz.com\/ar\/wp-json\/wp\/v2\/product"}],"about":[{"href":"https:\/\/autopdz.com\/ar\/wp-json\/wp\/v2\/types\/product"}],"replies":[{"embeddable":true,"href":"https:\/\/autopdz.com\/ar\/wp-json\/wp\/v2\/comments?post=11093"}],"wp:featuredmedia":[{"embeddable":true,"href":"https:\/\/autopdz.com\/ar\/wp-json\/wp\/v2\/media\/11087"}],"wp:attachment":[{"href":"https:\/\/autopdz.com\/ar\/wp-json\/wp\/v2\/media?parent=11093"}],"wp:term":[{"taxonomy":"product_brand","embeddable":true,"href":"https:\/\/autopdz.com\/ar\/wp-json\/wp\/v2\/product_brand?post=11093"},{"taxonomy":"product_cat","embeddable":true,"href":"https:\/\/autopdz.com\/ar\/wp-json\/wp\/v2\/product_cat?post=11093"},{"taxonomy":"product_tag","embeddable":true,"href":"https:\/\/autopdz.com\/ar\/wp-json\/wp\/v2\/product_tag?post=11093"}],"curies":[{"name":"wp","href":"https:\/\/api.w.org\/{rel}","templated":true}]}}