{"id":11182,"date":"2025-01-30T11:01:02","date_gmt":"2025-01-30T10:01:02","guid":{"rendered":"https:\/\/autopdz.com\/product\/support-et-chargeur-de-telephone-sans-fil-66w\/"},"modified":"2025-11-10T14:45:26","modified_gmt":"2025-11-10T13:45:26","slug":"support-et-chargeur-de-telephone-sans-fil-66w","status":"publish","type":"product","link":"https:\/\/autopdz.com\/ar\/product\/support-et-chargeur-de-telephone-sans-fil-66w\/","title":{"rendered":"Support et Chargeur de Telephone Sans Fil 66W"},"content":{"rendered":"<p>\u27b7Magn\u00e9tique et transparent : chargez votre t\u00e9l\u00e9phone dans votre voiture avec facilit\u00e9 et commodit\u00e9. Ce support de charge sans fil a une conception magn\u00e9tique qui vous permet de fixer et de d\u00e9tacher votre t\u00e9l\u00e9phone sans aucun c\u00e2ble. Il est \u00e9galement transparent, ce qui vous permet de voir clairement l&rsquo;\u00e9cran de votre t\u00e9l\u00e9phone pendant la conduite.<br \/>\n\u27b7Optimisation de la capacit\u00e9 de la batterie : ce support de charge sans fil dispose d&rsquo;une puce intelligente qui peut d\u00e9tecter le mod\u00e8le de t\u00e9l\u00e9phone et r\u00e9guler la puissance de sortie pour optimiser la capacit\u00e9 de la batterie et \u00e9viter les dommages caus\u00e9s par un exc\u00e8s de courant ou de chaleur.<br \/>\n\u27b7 et stable : le support de charge sans fil assure une charge stable et antid\u00e9rapante avec des clips hautement \u00e9lastiques et des coussinets antid\u00e9rapants. Ils maintiennent fermement la sortie d&rsquo;air de la voiture, vous n&rsquo;avez donc pas \u00e0 vous soucier de desserrer ou de tomber pendant la conduite.<br \/>\n\u27b7Pivotez et d\u00e9tendez-vous : le support de charge sans fil vous permet de faire pivoter votre t\u00e9l\u00e9phone dans n&rsquo;importe quel angle et dans n&rsquo;importe quelle direction, vous donnant plus de contr\u00f4le et de confort. Il dispose d&rsquo;une option de rotation \u00e0 360 degr\u00e9s qui am\u00e9liore votre d\u00e9tente au volant.<br \/>\n\u27b7Rapide et fiable : ce support de charge sans fil vous permet de charger votre t\u00e9l\u00e9phone avec n&rsquo;importe quelle coque, quelle que soit l&rsquo;\u00e9paisseur de la coque. Il est compatible avec divers t\u00e9l\u00e9phones portables, vous pouvez donc compter sur ses fonctionnalit\u00e9s. Il vous fait gagner du temps et des probl\u00e8mes en \u00e9liminant le besoin de brancher et de d\u00e9brancher les c\u00e2bles.<\/p>","protected":false},"excerpt":{"rendered":"<p>\u27b7Magn\u00e9tique et transparent : chargez votre t\u00e9l\u00e9phone dans votre voiture avec facilit\u00e9 et commodit\u00e9. Ce support de charge sans fil a une conception magn\u00e9tique qui vous permet de fixer et de d\u00e9tacher votre t\u00e9l\u00e9phone sans aucun c\u00e2ble. Il est \u00e9galement transparent, ce qui vous permet de voir clairement l&rsquo;\u00e9cran de votre t\u00e9l\u00e9phone pendant la conduite. [&hellip;]<\/p>","protected":false},"featured_media":11180,"comment_status":"open","ping_status":"closed","template":"","meta":[],"product_brand":[],"product_cat":[38],"product_tag":[],"class_list":{"0":"post-11182","1":"product","2":"type-product","3":"status-publish","4":"has-post-thumbnail","6":"product_cat-support-telephone","8":"first","9":"outofstock","10":"shipping-taxable","11":"purchasable","12":"product-type-simple"},"jetpack_sharing_enabled":true,"_links":{"self":[{"href":"https:\/\/autopdz.com\/ar\/wp-json\/wp\/v2\/product\/11182","targetHints":{"allow":["GET"]}}],"collection":[{"href":"https:\/\/autopdz.com\/ar\/wp-json\/wp\/v2\/product"}],"about":[{"href":"https:\/\/autopdz.com\/ar\/wp-json\/wp\/v2\/types\/product"}],"replies":[{"embeddable":true,"href":"https:\/\/autopdz.com\/ar\/wp-json\/wp\/v2\/comments?post=11182"}],"wp:featuredmedia":[{"embeddable":true,"href":"https:\/\/autopdz.com\/ar\/wp-json\/wp\/v2\/media\/11180"}],"wp:attachment":[{"href":"https:\/\/autopdz.com\/ar\/wp-json\/wp\/v2\/media?parent=11182"}],"wp:term":[{"taxonomy":"product_brand","embeddable":true,"href":"https:\/\/autopdz.com\/ar\/wp-json\/wp\/v2\/product_brand?post=11182"},{"taxonomy":"product_cat","embeddable":true,"href":"https:\/\/autopdz.com\/ar\/wp-json\/wp\/v2\/product_cat?post=11182"},{"taxonomy":"product_tag","embeddable":true,"href":"https:\/\/autopdz.com\/ar\/wp-json\/wp\/v2\/product_tag?post=11182"}],"curies":[{"name":"wp","href":"https:\/\/api.w.org\/{rel}","templated":true}]}}