{"id":11215,"date":"2025-01-30T12:13:46","date_gmt":"2025-01-30T11:13:46","guid":{"rendered":"https:\/\/autopdz.com\/product\/support-voiture-magnetique-a-ventouse-avec-sticker-repositionnable-master\/"},"modified":"2025-01-30T12:13:46","modified_gmt":"2025-01-30T11:13:46","slug":"support-voiture-magnetique-a-ventouse-avec-sticker-repositionnable-master","status":"publish","type":"product","link":"https:\/\/autopdz.com\/ar\/product\/support-voiture-magnetique-a-ventouse-avec-sticker-repositionnable-master\/","title":{"rendered":"Support voiture magnetique \u00e0 Ventouse avec Sticker Repositionnable &#8211; MASTER"},"content":{"rendered":"<p>Le support MASTER appartient \u00e0 la toute derni\u00e8re g\u00e9n\u00e9ration de supports voiture MOXIE. Ses finitions \u00e9l\u00e9gantes, son syst\u00e8me PUSH and CLIP et la puissance de ses aimants sauront vous s\u00e9duire.<\/p>\n<p>Ventouse ultra puissante<\/p>\n<p>Fixation ventouse dot\u00e9e d&rsquo;un adh\u00e9sif 3M repositionnable.<\/p>\n<p>Syst\u00e8me PUSH and CLIP<\/p>\n<p>Pour une meilleure adh\u00e9rence.<\/p>\n<p>Vis de r\u00e9glage<\/p>\n<p>La vis de r\u00e9glage permet un choix d&rsquo;inclinaison s&rsquo;\u00e9talant sur 90\u00b0<\/p>\n<p>6 aimants puissants<\/p>\n<p>La puissance des 6 aimants maintiendra votre smartphone bien en place. Il ne se d\u00e9crochera pas lors d&rsquo;un passage dans un nid de poule ou sur un ralentisseur.<\/p>\n<p>Fourni avec deux plaque m\u00e9taliques \u00e0 coller ou placer \u00e0 l&rsquo;int\u00e9rieur de la coque du t\u00e9l\u00e9phone.<\/p>","protected":false},"excerpt":{"rendered":"<p>Le support MASTER appartient \u00e0 la toute derni\u00e8re g\u00e9n\u00e9ration de supports voiture MOXIE. Ses finitions \u00e9l\u00e9gantes, son syst\u00e8me PUSH and CLIP et la puissance de ses aimants sauront vous s\u00e9duire. Ventouse ultra puissante Fixation ventouse dot\u00e9e d&rsquo;un adh\u00e9sif 3M repositionnable. Syst\u00e8me PUSH and CLIP Pour une meilleure adh\u00e9rence. Vis de r\u00e9glage La vis de r\u00e9glage [&hellip;]<\/p>","protected":false},"featured_media":11211,"comment_status":"open","ping_status":"closed","template":"","meta":[],"product_brand":[],"product_cat":[38],"product_tag":[],"class_list":{"0":"post-11215","1":"product","2":"type-product","3":"status-publish","4":"has-post-thumbnail","6":"product_cat-support-telephone","8":"first","9":"instock","10":"shipping-taxable","11":"purchasable","12":"product-type-simple"},"jetpack_sharing_enabled":true,"_links":{"self":[{"href":"https:\/\/autopdz.com\/ar\/wp-json\/wp\/v2\/product\/11215","targetHints":{"allow":["GET"]}}],"collection":[{"href":"https:\/\/autopdz.com\/ar\/wp-json\/wp\/v2\/product"}],"about":[{"href":"https:\/\/autopdz.com\/ar\/wp-json\/wp\/v2\/types\/product"}],"replies":[{"embeddable":true,"href":"https:\/\/autopdz.com\/ar\/wp-json\/wp\/v2\/comments?post=11215"}],"wp:featuredmedia":[{"embeddable":true,"href":"https:\/\/autopdz.com\/ar\/wp-json\/wp\/v2\/media\/11211"}],"wp:attachment":[{"href":"https:\/\/autopdz.com\/ar\/wp-json\/wp\/v2\/media?parent=11215"}],"wp:term":[{"taxonomy":"product_brand","embeddable":true,"href":"https:\/\/autopdz.com\/ar\/wp-json\/wp\/v2\/product_brand?post=11215"},{"taxonomy":"product_cat","embeddable":true,"href":"https:\/\/autopdz.com\/ar\/wp-json\/wp\/v2\/product_cat?post=11215"},{"taxonomy":"product_tag","embeddable":true,"href":"https:\/\/autopdz.com\/ar\/wp-json\/wp\/v2\/product_tag?post=11215"}],"curies":[{"name":"wp","href":"https:\/\/api.w.org\/{rel}","templated":true}]}}