{"id":1149,"date":"2024-02-10T15:58:54","date_gmt":"2024-02-10T14:58:54","guid":{"rendered":"https:\/\/autopdz.com\/product\/auto-radio-bluetooth-lecteur-mp3\/"},"modified":"2025-02-02T12:13:50","modified_gmt":"2025-02-02T11:13:50","slug":"auto-radio-bluetooth-lecteur-mp3","status":"publish","type":"product","link":"https:\/\/autopdz.com\/ar\/product\/auto-radio-bluetooth-lecteur-mp3\/","title":{"rendered":"Auto Radio Bluetooth Lecteur MP3"},"content":{"rendered":"<p>\u3010Entr\u00e9e de plusieurs modes de musique\u3011 L&rsquo;autoradio Bluetooth prend en charge une entr\u00e9e auxiliaire de 3,5 mm, une carte SD et un port USB pouvant piloter jusqu&rsquo;\u00e0 64 Go). Le lecteur multim\u00e9dia num\u00e9rique de voiture prend en charge les formats de musique MP3, WAV et WMA.<br \/>\n\u3010Conduite s\u00fbre et connect\u00e9e\u3011 Restez connect\u00e9 en toute s\u00e9curit\u00e9 pendant la conduite gr\u00e2ce \u00e0 la fonction mains libres, vous permettant de recevoir des appels et de g\u00e9rer la lecture de musique de votre t\u00e9l\u00e9phone de mani\u00e8re transparente. L&rsquo;\u00e9cran LCD clair vous tient inform\u00e9 et la radio FM Band PLL avec 18 pr\u00e9r\u00e9glages de stations garantit que vos stations pr\u00e9f\u00e9r\u00e9es sont toujours \u00e0 port\u00e9e de main.<br \/>\n\u3010Personnalisation audio au bout des doigts\u3011 Affinez votre exp\u00e9rience audio avec pr\u00e9cision \u00e0 l&rsquo;aide du s\u00e9lecteur st\u00e9r\u00e9o\/mono, du s\u00e9lecteur LOC\/DX et des pr\u00e9r\u00e9glages d&rsquo;\u00e9galisation pour les basses, les aigus, la balance et le fader. La fonction R\u00e9p\u00e9tition\/Random\/Intro Play garde votre musique fra\u00eeche et attrayante.<br \/>\n\u3010Options de connectivit\u00e9 pratiques\u3011 Ne perdez jamais la notion du temps gr\u00e2ce \u00e0 l&rsquo;affichage de l&rsquo;horloge num\u00e9rique. De plus, la prise Aux in Connector (3,5 mm) vous permet de connecter d&rsquo;autres appareils pour encore plus d&rsquo;options de divertissement. La sortie audio pr\u00e9ampli RCA(L\/R) offre une connectivit\u00e9 audio avanc\u00e9e pour les syst\u00e8mes externes.<br \/>\n\u3010Qualit\u00e9 sonore puissante\u3011 B\u00e9n\u00e9ficiant d&rsquo;une puissance de sortie robuste de 50 watts X 4 Max, ce syst\u00e8me offre une qualit\u00e9 sonore exceptionnelle, qui impressionnera \u00e0 coup s\u00fbr m\u00eame les audiophiles les plus exigeants. Et n&rsquo;oubliez pas que la t\u00e9l\u00e9commande sans fil incluse vous donne le contr\u00f4le depuis le confort de votre si\u00e8ge conducteur. Am\u00e9liorez votre exp\u00e9rience audio en voiture avec le lecteur USB\/MP3\/WMA mono-DIN \u2013 le compagnon ultime des m\u00e9lomanes en d\u00e9placement.<\/p>","protected":false},"excerpt":{"rendered":"<p>\u3010Entr\u00e9e de plusieurs modes de musique\u3011 L&rsquo;autoradio Bluetooth prend en charge une entr\u00e9e auxiliaire de 3,5 mm, une carte SD et un port USB pouvant piloter jusqu&rsquo;\u00e0 64 Go). Le lecteur multim\u00e9dia num\u00e9rique de voiture prend en charge les formats de musique MP3, WAV et WMA. \u3010Conduite s\u00fbre et connect\u00e9e\u3011 Restez connect\u00e9 en toute s\u00e9curit\u00e9 [&hellip;]<\/p>","protected":false},"featured_media":1150,"comment_status":"open","ping_status":"closed","template":"","meta":[],"product_brand":[],"product_cat":[15],"product_tag":[],"class_list":{"0":"post-1149","1":"product","2":"type-product","3":"status-publish","4":"has-post-thumbnail","6":"product_cat-divers","8":"first","9":"outofstock","10":"shipping-taxable","11":"purchasable","12":"product-type-simple"},"jetpack_sharing_enabled":true,"_links":{"self":[{"href":"https:\/\/autopdz.com\/ar\/wp-json\/wp\/v2\/product\/1149","targetHints":{"allow":["GET"]}}],"collection":[{"href":"https:\/\/autopdz.com\/ar\/wp-json\/wp\/v2\/product"}],"about":[{"href":"https:\/\/autopdz.com\/ar\/wp-json\/wp\/v2\/types\/product"}],"replies":[{"embeddable":true,"href":"https:\/\/autopdz.com\/ar\/wp-json\/wp\/v2\/comments?post=1149"}],"wp:featuredmedia":[{"embeddable":true,"href":"https:\/\/autopdz.com\/ar\/wp-json\/wp\/v2\/media\/1150"}],"wp:attachment":[{"href":"https:\/\/autopdz.com\/ar\/wp-json\/wp\/v2\/media?parent=1149"}],"wp:term":[{"taxonomy":"product_brand","embeddable":true,"href":"https:\/\/autopdz.com\/ar\/wp-json\/wp\/v2\/product_brand?post=1149"},{"taxonomy":"product_cat","embeddable":true,"href":"https:\/\/autopdz.com\/ar\/wp-json\/wp\/v2\/product_cat?post=1149"},{"taxonomy":"product_tag","embeddable":true,"href":"https:\/\/autopdz.com\/ar\/wp-json\/wp\/v2\/product_tag?post=1149"}],"curies":[{"name":"wp","href":"https:\/\/api.w.org\/{rel}","templated":true}]}}