{"id":1160,"date":"2024-02-10T21:26:09","date_gmt":"2024-02-10T20:26:09","guid":{"rendered":"https:\/\/autopdz.com\/product\/mini-compresseur-a-air-auto-12v-et-220v-prise\/"},"modified":"2026-02-05T11:44:15","modified_gmt":"2026-02-05T10:44:15","slug":"mini-compresseur-a-air-auto-12v-et-220v-prise","status":"publish","type":"product","link":"https:\/\/autopdz.com\/ar\/product\/mini-compresseur-a-air-auto-12v-et-220v-prise\/","title":{"rendered":"Compresseur A Air Auto 12V \/220V-240V prise"},"content":{"rendered":"<div style=\"font-family:Lato,sans-serif;font-style:normal;font-weight:400;letter-spacing:normal;text-transform:none;text-align:left\">Ce compresseur d\u2019air avec alimentation \u00e9lectrique domestique et alimentation allume cigare pour auto, est employ\u00e9 couramment, tel que: pneus d\u2019automobile, bateau \u00e0 moteur, bicyclette, coussin d\u2019air de jouet toutes sortes de jeux de boule,<\/div>\n<div style=\"font-family:Lato,sans-serif;font-size:16px;font-style:normal;font-weight:400;letter-spacing:normal;text-transform:none\"><\/div>\n<div style=\"font-family:Lato,sans-serif;font-size:16px;font-style:normal;font-weight:400;letter-spacing:normal;text-transform:none;text-align:left\">\n<p style=\"margin-bottom:1.3em;margin-top:0px\">Lorsque vous \u00eates sur l\u2019autoroute dans une route rurale ou sur le chemin du travail le matin, vous avez une crevaison, alors ce peut \u00eatre une urgence.<\/p>\n<\/div>\n<div style=\"font-family:Lato,sans-serif;font-size:16px;font-style:normal;font-weight:400;letter-spacing:normal;text-transform:none\"><\/div>\n<div style=\"font-family:Lato,sans-serif;font-style:normal;font-weight:400;letter-spacing:normal;text-transform:none;text-align:left\">Pour faciliter dans la voiture, n\u2019occupe pas un espace<\/div>\n<div style=\"font-family:Lato,sans-serif;font-size:16px;font-style:normal;font-weight:400;letter-spacing:normal;text-transform:none\"><\/div>\n<div style=\"font-family:Lato,sans-serif;font-size:16px;font-style:normal;font-weight:400;letter-spacing:normal;text-transform:none\"><\/div>\n<div style=\"font-family:Lato,sans-serif;font-style:normal;font-weight:400;letter-spacing:normal;text-transform:none;text-align:left\">Maintenir la pression normale des pneus non seulement en toute s\u00e9curit\u00e9, mais aussi pour \u00e9conomiser du carburant.<\/div>\n<div style=\"font-family:Lato,sans-serif;font-size:16px;font-style:normal;font-weight:400;letter-spacing:normal;text-transform:none;text-align:left\"><span style=\"font-size:medium\"> <\/span><\/div>\n<div style=\"font-family:Lato,sans-serif;font-size:16px;font-style:normal;font-weight:400;letter-spacing:normal;text-transform:none;text-align:left\"><span style=\"font-size:medium\"> <\/span><\/div>\n<div style=\"font-family:Lato,sans-serif;font-size:16px;font-style:normal;font-weight:400;letter-spacing:normal;text-transform:none;text-align:left\"><span style=\"font-size:medium\"><b style=\"font-weight: bolder\">Mode d\u2019emploi <\/b><\/span><\/div>\n<div style=\"font-family:Lato,sans-serif;font-size:16px;font-style:normal;font-weight:400;letter-spacing:normal;text-transform:none;text-align:left\">\n<ol style=\"margin-top:0px;padding:0px;margin-bottom:1.3em\">\n<li style=\"margin-bottom:0.6em;margin-left:1.3em\">Ins\u00e9rez l\u2019allume-cigare dans la prise de l\u2019allume-cigare de la voiture, ou utilisez le pince crocodile sur la batterie de la voiture positive et n\u00e9gatif attention \u00e0 ne pas prendre la cathode<\/li>\n<li style=\"margin-bottom:0.6em;margin-left:1.3em\">D\u00e9marrer le moteur et allumer l\u2019interrupteur<\/li>\n<li style=\"margin-bottom:0.6em;margin-left:1.3em\">Pour gonfler la buse de gaz directement sur la cavit\u00e9 d\u2019air du pneu<\/li>\n<li style=\"margin-bottom:0.6em;margin-left:1.3em\">Le gonflable devrait pr\u00eater attention \u00e0 l\u2019indicateur de manom\u00e8tre, apr\u00e8s avoir atteint la cote, \u00e9teindre l\u2019interrupteur, retirer la buse de gaz<\/li>\n<\/ol>\n<div><\/div>\n<\/div>\n<div style=\"font-family:Lato,sans-serif;font-size:16px;font-style:normal;font-weight:400;letter-spacing:normal;text-transform:none;text-align:left\">\n<ul style=\"margin-top:0px;padding:0px;margin-bottom:1.3em\">\n<li style=\"margin-bottom:0.6em;margin-left:1.3em\">DC 12V 40PSI (2,75Bar) ;  Cylinders diam\u00e8tre: 30mm<\/li>\n<li style=\"margin-bottom:0.6em;margin-left:1.3em\">D\u00e9bit d\u2019air Max: 60L \/ min: Tension Max: 13.8V, Courant max: 18A<\/li>\n<li style=\"margin-bottom:0.6em;margin-left:1.3em\">5m tuyau PU avec manom\u00e8tre m\u00e9tallique<\/li>\n<li style=\"margin-bottom:0.6em;margin-left:1.3em\">Tuyau d\u2019air en caoutchouc de -60cm avec connecteur de vanne en laiton<\/li>\n<li style=\"margin-bottom:0.6em;margin-left:1.3em\">couleur: orange<\/li>\n<li style=\"margin-bottom:0.6em;margin-left:1.3em\">Accessoires:  adaptateurs de buse et 1 aiguille de sport.<\/li>\n<li style=\"margin-bottom:0.6em;margin-left:1.3em\">Capable de gonfler des pneus de v\u00e9lo, des pneus de voiture, des balles d\u2019athl\u00e9tisme,zodiac,  p\u00e9scine, \u2026etc.<\/li>\n<\/ul>\n<\/div>","protected":false},"excerpt":{"rendered":"<p>Ce compresseur d\u2019air avec alimentation \u00e9lectrique domestique et alimentation allume cigare pour auto, est employ\u00e9 couramment, tel que: pneus d\u2019automobile, bateau \u00e0 moteur, bicyclette, coussin d\u2019air de jouet toutes sortes de jeux de boule, Lorsque vous \u00eates sur l\u2019autoroute dans une route rurale ou sur le chemin du travail le matin, vous avez une crevaison, [&hellip;]<\/p>","protected":false},"featured_media":1157,"comment_status":"open","ping_status":"closed","template":"","meta":[],"product_brand":[],"product_cat":[15],"product_tag":[],"class_list":{"0":"post-1160","1":"product","2":"type-product","3":"status-publish","4":"has-post-thumbnail","6":"product_cat-divers","8":"first","9":"instock","10":"sale","11":"shipping-taxable","12":"purchasable","13":"product-type-simple"},"jetpack_sharing_enabled":true,"_links":{"self":[{"href":"https:\/\/autopdz.com\/ar\/wp-json\/wp\/v2\/product\/1160","targetHints":{"allow":["GET"]}}],"collection":[{"href":"https:\/\/autopdz.com\/ar\/wp-json\/wp\/v2\/product"}],"about":[{"href":"https:\/\/autopdz.com\/ar\/wp-json\/wp\/v2\/types\/product"}],"replies":[{"embeddable":true,"href":"https:\/\/autopdz.com\/ar\/wp-json\/wp\/v2\/comments?post=1160"}],"wp:featuredmedia":[{"embeddable":true,"href":"https:\/\/autopdz.com\/ar\/wp-json\/wp\/v2\/media\/1157"}],"wp:attachment":[{"href":"https:\/\/autopdz.com\/ar\/wp-json\/wp\/v2\/media?parent=1160"}],"wp:term":[{"taxonomy":"product_brand","embeddable":true,"href":"https:\/\/autopdz.com\/ar\/wp-json\/wp\/v2\/product_brand?post=1160"},{"taxonomy":"product_cat","embeddable":true,"href":"https:\/\/autopdz.com\/ar\/wp-json\/wp\/v2\/product_cat?post=1160"},{"taxonomy":"product_tag","embeddable":true,"href":"https:\/\/autopdz.com\/ar\/wp-json\/wp\/v2\/product_tag?post=1160"}],"curies":[{"name":"wp","href":"https:\/\/api.w.org\/{rel}","templated":true}]}}