{"id":1165,"date":"2024-02-10T21:29:17","date_gmt":"2024-02-10T20:29:17","guid":{"rendered":"https:\/\/autopdz.com\/product\/kit-outils-pour-garnitures-19pcs-automobile\/"},"modified":"2026-02-16T10:40:57","modified_gmt":"2026-02-16T09:40:57","slug":"kit-outils-pour-garnitures-19pcs-automobile","status":"publish","type":"product","link":"https:\/\/autopdz.com\/ar\/product\/kit-outils-pour-garnitures-19pcs-automobile\/","title":{"rendered":"Kit Outils Pour Garnitures 19Pcs Automobile"},"content":{"rendered":"<ul class=\"a-unordered-list a-vertical a-spacing-mini\" style=\"margin-top:0px;padding:0px;margin-bottom:1.3em;font-family:Lato,sans-serif;font-size:16px;font-style:normal;font-weight:400;letter-spacing:normal;text-transform:none;text-align:left\">\n<li style=\"margin-bottom:0.6em;margin-left:1.3em\">\n<h1 class=\"a-size-large a-spacing-none\" id=\"title\" style=\"width:361.393px;margin-top:0px;margin-bottom:0.5em;font-size:1.4em;line-height:1.3;font-family:Lato,sans-serif;font-weight:700\"><span class=\"a-size-large product-title-word-break\" id=\"productTitle\">19 Pi\u00e8ces Outils pour Garnitures, Difficile Outil D\u00e9montage Auto avec Extracteur d\u2019agrafe \u2013 pour Panneau Accessoires Porte Autoradio Tableau de Bord de Voiture Installateur <\/span><\/h1>\n<\/li>\n<li style=\"margin-bottom:0.6em;margin-left:1.3em\"><span class=\"a-list-item\">\u3010R\u00e9pond \u00e0 vos besoins\u3011 Les outils d\u2019enl\u00e8vement de garniture de voiture de 19pcs ensemble, contiennent presque tous les outils n\u00e9cessaires pour l\u2019assemblage et le d\u00e9montage. Vous aider \u00e0 am\u00e9liorer l\u2019efficacit\u00e9 de rognage. Conception ergonomique et l\u00e9g\u00e8re, main facile tenue pour l\u2019effort \u00e9conomisant quand divers int\u00e9rieur et garniture de voiture ext\u00e9rieure.<\/span><\/li>\n<li style=\"margin-bottom:0.6em;margin-left:1.3em\"><span class=\"a-list-item\">\u3010Durable et inoffensif pour la voiture\u3011 La garniture int\u00e9rieure d\u00e9montent des outils sont faits de fibre en nylon superbe, traitement de surface mat. Pas comme l\u2019ABS r\u00e9gulier, fibre de nylon est extra durable, robuste et r\u00e9sistant \u00e0 la rupture. Conception de courbe mod\u00e9r\u00e9e sans tranchant, anti-rayures et inoffensif \u00e0 la peinture de voiture dans l\u2019ensemble du processus de modification. Ils peuvent \u00eatre utilis\u00e9s pendant une longue p\u00e9riode sans \u00e9moussement de bord.<\/span><\/li>\n<li style=\"margin-bottom:0.6em;margin-left:1.3em\"><span class=\"a-list-item\">\u3010Meilleure exp\u00e9rience utilisateur\u3011 2 d\u00e9coupeurs de clips en m\u00e9tal et 1 clip pince ajout\u00e9 dans cet ensemble pour rendre ce kit encore plus pratique pour enlever les clips ou les attaches qui ne se d\u00e9tachent pas facilement. 2 cl\u00e9s d\u2019enl\u00e8vement d\u2019audio de voiture et 3 outils de retrait de terminal de voiture. Offrez un sac portatif de rangement de tirette. Vous ne vous inqui\u00e9terez pas de les perdre. Vous aider \u00e0 mieux faire le travail.<\/span><\/li>\n<li style=\"margin-bottom:0.6em;margin-left:1.3em\"><span class=\"a-list-item\">\u3010Usages multiples\u3011 Le kit d\u2019outils de retrait automatique de panneau de porte, fonctionne grand pour couper l\u2019audio\/radio de voiture, panneau de porte, console centrale, tableaux de bord, fen\u00eatre, lumi\u00e8res de toit, accessoires int\u00e9rieurs, etc.<\/span><\/li>\n<li style=\"margin-bottom:0.6em;margin-left:1.3em\"><span class=\"a-list-item\">\u3010Forfait comprennent\u3011 11pcs interior trim d\u00e9monter les outils, les d\u00e9m\u00e9nageurs de fixation 2pcs, 2pcs outils d\u2019enl\u00e8vement st\u00e9r\u00e9o, 3pcs les outils de d\u00e9montage terminal de voiture, 1pcs clip pince, 1pcs sac de rangement portable. Si vous avez n\u2019importe quelles questions s\u2019il vous pla\u00eet contactez-nous, nous fournirons le meilleur service de qualit\u00e9.<\/span><\/li>\n<\/ul>","protected":false},"excerpt":{"rendered":"<p>19 Pi\u00e8ces Outils pour Garnitures, Difficile Outil D\u00e9montage Auto avec Extracteur d\u2019agrafe \u2013 pour Panneau Accessoires Porte Autoradio Tableau de Bord de Voiture Installateur \u3010R\u00e9pond \u00e0 vos besoins\u3011 Les outils d\u2019enl\u00e8vement de garniture de voiture de 19pcs ensemble, contiennent presque tous les outils n\u00e9cessaires pour l\u2019assemblage et le d\u00e9montage. Vous aider \u00e0 am\u00e9liorer l\u2019efficacit\u00e9 de [&hellip;]<\/p>","protected":false},"featured_media":1161,"comment_status":"open","ping_status":"closed","template":"","meta":[],"product_brand":[],"product_cat":[15],"product_tag":[],"class_list":{"0":"post-1165","1":"product","2":"type-product","3":"status-publish","4":"has-post-thumbnail","6":"product_cat-divers","8":"first","9":"instock","10":"sale","11":"shipping-taxable","12":"purchasable","13":"product-type-simple"},"jetpack_sharing_enabled":true,"_links":{"self":[{"href":"https:\/\/autopdz.com\/ar\/wp-json\/wp\/v2\/product\/1165","targetHints":{"allow":["GET"]}}],"collection":[{"href":"https:\/\/autopdz.com\/ar\/wp-json\/wp\/v2\/product"}],"about":[{"href":"https:\/\/autopdz.com\/ar\/wp-json\/wp\/v2\/types\/product"}],"replies":[{"embeddable":true,"href":"https:\/\/autopdz.com\/ar\/wp-json\/wp\/v2\/comments?post=1165"}],"wp:featuredmedia":[{"embeddable":true,"href":"https:\/\/autopdz.com\/ar\/wp-json\/wp\/v2\/media\/1161"}],"wp:attachment":[{"href":"https:\/\/autopdz.com\/ar\/wp-json\/wp\/v2\/media?parent=1165"}],"wp:term":[{"taxonomy":"product_brand","embeddable":true,"href":"https:\/\/autopdz.com\/ar\/wp-json\/wp\/v2\/product_brand?post=1165"},{"taxonomy":"product_cat","embeddable":true,"href":"https:\/\/autopdz.com\/ar\/wp-json\/wp\/v2\/product_cat?post=1165"},{"taxonomy":"product_tag","embeddable":true,"href":"https:\/\/autopdz.com\/ar\/wp-json\/wp\/v2\/product_tag?post=1165"}],"curies":[{"name":"wp","href":"https:\/\/api.w.org\/{rel}","templated":true}]}}