{"id":11692,"date":"2025-02-06T21:16:20","date_gmt":"2025-02-06T20:16:20","guid":{"rendered":"https:\/\/autopdz.com\/?post_type=product&#038;p=11692"},"modified":"2025-05-07T08:13:43","modified_gmt":"2025-05-07T07:13:43","slug":"mini-loupe-led-phare-h4-h7","status":"publish","type":"product","link":"https:\/\/autopdz.com\/ar\/product\/mini-loupe-led-phare-h4-h7\/","title":{"rendered":"Mini Loupe LED phare H4\/H7"},"content":{"rendered":"<p>Phare LED h 7 avec mini lentille.<br \/>\nLe kit comprend 2 phares \u00e0 LED.<br \/>\nTension de fonctionnement : 12-24 V.<br \/>\nDur\u00e9e de vie : &gt; 30 000 heures.<br \/>\nTemp\u00e9rature de couleur : 6000 K blanc.<br \/>\nCaract\u00e9ristiques principales : refroidissement par ventilateur \u00e0 grande vitesse.<\/p>","protected":false},"excerpt":{"rendered":"<p>Phare LED h 7 avec mini lentille. Le kit comprend 2 phares \u00e0 LED. Tension de fonctionnement : 12-24 V. Dur\u00e9e de vie : &gt; 30 000 heures. Temp\u00e9rature de couleur : 6000 K blanc. Caract\u00e9ristiques principales : refroidissement par ventilateur \u00e0 grande vitesse.<\/p>","protected":false},"featured_media":11689,"comment_status":"open","ping_status":"closed","template":"","meta":[],"product_brand":[],"product_cat":[23],"product_tag":[],"class_list":{"0":"post-11692","1":"product","2":"type-product","3":"status-publish","4":"has-post-thumbnail","6":"product_cat-eclairage","8":"first","9":"instock","10":"shipping-taxable","11":"purchasable","12":"product-type-variable"},"jetpack_sharing_enabled":true,"_links":{"self":[{"href":"https:\/\/autopdz.com\/ar\/wp-json\/wp\/v2\/product\/11692","targetHints":{"allow":["GET"]}}],"collection":[{"href":"https:\/\/autopdz.com\/ar\/wp-json\/wp\/v2\/product"}],"about":[{"href":"https:\/\/autopdz.com\/ar\/wp-json\/wp\/v2\/types\/product"}],"replies":[{"embeddable":true,"href":"https:\/\/autopdz.com\/ar\/wp-json\/wp\/v2\/comments?post=11692"}],"wp:featuredmedia":[{"embeddable":true,"href":"https:\/\/autopdz.com\/ar\/wp-json\/wp\/v2\/media\/11689"}],"wp:attachment":[{"href":"https:\/\/autopdz.com\/ar\/wp-json\/wp\/v2\/media?parent=11692"}],"wp:term":[{"taxonomy":"product_brand","embeddable":true,"href":"https:\/\/autopdz.com\/ar\/wp-json\/wp\/v2\/product_brand?post=11692"},{"taxonomy":"product_cat","embeddable":true,"href":"https:\/\/autopdz.com\/ar\/wp-json\/wp\/v2\/product_cat?post=11692"},{"taxonomy":"product_tag","embeddable":true,"href":"https:\/\/autopdz.com\/ar\/wp-json\/wp\/v2\/product_tag?post=11692"}],"curies":[{"name":"wp","href":"https:\/\/api.w.org\/{rel}","templated":true}]}}