{"id":1170,"date":"2024-02-10T21:32:22","date_gmt":"2024-02-10T20:32:22","guid":{"rendered":"https:\/\/autopdz.com\/product\/arrache-frein-repousse-piston-detrier-de-frein-3pcs\/"},"modified":"2025-02-26T12:47:06","modified_gmt":"2025-02-26T11:47:06","slug":"arrache-frein-repousse-piston-detrier-de-frein-3pcs","status":"publish","type":"product","link":"https:\/\/autopdz.com\/ar\/product\/arrache-frein-repousse-piston-detrier-de-frein-3pcs\/","title":{"rendered":"Arrache Frein \u2013 Repousse piston d\u2019\u00e9trier de frein 3pcs"},"content":{"rendered":"<p>En acier fortement alli\u00e9 chrom\u00e9<br \/>\nCet outil permet de repousser facilement les pistons de l\u2019\u00e9trier de frein.<br \/>\nConvient aux \u00e9triers de freins \u00e0 disques avec filetage \u00e0 droite pr\u00e9sents dans la plupart des v\u00e9hicules europ\u00e9ens et japonais.<br \/>\nComprend un adaptateur double face (ergots de 32,5 mm x 5,8 mm et 23 mm x 5,8 mm).<\/p>","protected":false},"excerpt":{"rendered":"<p>En acier fortement alli\u00e9 chrom\u00e9 Cet outil permet de repousser facilement les pistons de l\u2019\u00e9trier de frein. Convient aux \u00e9triers de freins \u00e0 disques avec filetage \u00e0 droite pr\u00e9sents dans la plupart des v\u00e9hicules europ\u00e9ens et japonais. Comprend un adaptateur double face (ergots de 32,5 mm x 5,8 mm et 23 mm x 5,8 mm).<\/p>","protected":false},"featured_media":1166,"comment_status":"open","ping_status":"closed","template":"","meta":[],"product_brand":[],"product_cat":[15],"product_tag":[],"class_list":{"0":"post-1170","1":"product","2":"type-product","3":"status-publish","4":"has-post-thumbnail","6":"product_cat-divers","8":"first","9":"outofstock","10":"shipping-taxable","11":"purchasable","12":"product-type-simple"},"jetpack_sharing_enabled":true,"_links":{"self":[{"href":"https:\/\/autopdz.com\/ar\/wp-json\/wp\/v2\/product\/1170","targetHints":{"allow":["GET"]}}],"collection":[{"href":"https:\/\/autopdz.com\/ar\/wp-json\/wp\/v2\/product"}],"about":[{"href":"https:\/\/autopdz.com\/ar\/wp-json\/wp\/v2\/types\/product"}],"replies":[{"embeddable":true,"href":"https:\/\/autopdz.com\/ar\/wp-json\/wp\/v2\/comments?post=1170"}],"wp:featuredmedia":[{"embeddable":true,"href":"https:\/\/autopdz.com\/ar\/wp-json\/wp\/v2\/media\/1166"}],"wp:attachment":[{"href":"https:\/\/autopdz.com\/ar\/wp-json\/wp\/v2\/media?parent=1170"}],"wp:term":[{"taxonomy":"product_brand","embeddable":true,"href":"https:\/\/autopdz.com\/ar\/wp-json\/wp\/v2\/product_brand?post=1170"},{"taxonomy":"product_cat","embeddable":true,"href":"https:\/\/autopdz.com\/ar\/wp-json\/wp\/v2\/product_cat?post=1170"},{"taxonomy":"product_tag","embeddable":true,"href":"https:\/\/autopdz.com\/ar\/wp-json\/wp\/v2\/product_tag?post=1170"}],"curies":[{"name":"wp","href":"https:\/\/api.w.org\/{rel}","templated":true}]}}