{"id":1172,"date":"2024-02-10T21:33:53","date_gmt":"2024-02-10T20:33:53","guid":{"rendered":"https:\/\/autopdz.com\/product\/caisse-a-outils-108-pcs-6pt-gs-optimus\/"},"modified":"2025-10-28T15:15:25","modified_gmt":"2025-10-28T14:15:25","slug":"caisse-a-outils-108-pcs-6pt-gs-optimus","status":"publish","type":"product","link":"https:\/\/autopdz.com\/ar\/product\/caisse-a-outils-108-pcs-6pt-gs-optimus\/","title":{"rendered":"Caisse A Outils 108 Pcs 6PT GS OPTIMUS"},"content":{"rendered":"<p>Description : Caisse A Outils 108Pcs GS Optimus | GS64017<\/p>\n<p>La Mallette \u00e0 outils GS Optimus de 108 pi\u00e8ces pour une utilisation pratique et efficace vous aide dans toutes les t\u00e2ches, que ce soit \u00e0 la maison, \u00e0 l\u2019atelier ou \u00e0 l\u2019ext\u00e9rieur Comprend de nombreux outils dont vous avez besoin au travail Livr\u00e9 dans un \u00e9tui de transport en plastique durable pour le rendre facile \u00e0 Emportez vos outils professionnels n\u2019importe o\u00f9 Facilement.<br \/>\nFiche technique : Caisse A Outils 108Pcs GS Optimus | GS64017<\/p>\n<p>Dimensions: 38,5 x 27 x 8,5 cm<br \/>\nMat\u00e9riau: Acier au carbone<br \/>\nPoids: 6,5 kg<br \/>\nMat\u00e9riel de l\u2019\u00e9tui: Alliage d\u2019aluminium, MDF<br \/>\nEmballage inclus: Caisse A Outils 108Pcs GS Optimus | GS64017<\/p>\n<p>Douilles Dr. Bit 18 x 1\/4 pouces: SL4, 5.5, 6.5 PH1,2 PZ1, 2 HEX3,4,5,6, T8,10,15,20,25,27,30<br \/>\n13 x 1\/4 pouces Dr. Sockets: 4, 4,5, 5,5. 5, 6, 7, 8, 9, 10, 11, 12, 13, 14 mm<br \/>\n8 x 1\/4 po Douilles Dr.Deep: 6, 7, 8, 9, 10, 11, 12, 13, 14 mm<br \/>\nBarres d\u2019extension Dr. Extension 2 x 1\/4 pouces: 2 pouces et 3 pouces<br \/>\n1 x 1\/4 pouce Dr. Universal Joint<br \/>\n1 x 1\/4 pouce poign\u00e9e \u00e0 cliquet rapide<br \/>\n5 x douilles Dr.Torx 1\/4 pouces: E4, E5, E6, E7, E8<br \/>\n1 x 1\/4 pouce Dr.Sliding T Bar<br \/>\n1 x 1\/4 pouce Poign\u00e9e Dr. Spinner: 6 pouces<br \/>\n17 x 1\/2 pouces Dr. Sockets: 10, 11, 12, 13, 14, 15, 16, 17, 18, 19, 20, 21, 22, 24, 27, 30, 32 mm<br \/>\n5 x 1\/2 pouces douilles Dr.Deep: 14,15,17,19,22mm<br \/>\n2 x 1\/2 pouces Dr. Extension Bars: 5 \u2033 &amp; 10 \u2033<br \/>\n1 x 1\/2 pouce Dr.Universal Joint<br \/>\n8 x 1\/2 pouces Dr.Torx Socdets: E10, E11, E12, E14, E16, E18, E20, E24<br \/>\n1 poign\u00e9e \u00e0 cliquet Dr.Quick 1\/2 pouce<br \/>\n2 x 1\/2 pouces Dr.Spark Plug Sockets: 16 mm et 21 mm<br \/>\n1 x adaptateur 3 voies<br \/>\n3 x cl\u00e9s hexagonales: 1,5,2,2,5 mm<br \/>\n17 x Bits (30l): Sl8,10,12 T40,45,50,55,60 Ph3,4 Pz3,4 Hex7,8,10,12,14<br \/>\n1 x porte-embouts<br \/>\n1 x bo\u00eete de transport<\/p>","protected":false},"excerpt":{"rendered":"<p>Description : Caisse A Outils 108Pcs GS Optimus | GS64017 La Mallette \u00e0 outils GS Optimus de 108 pi\u00e8ces pour une utilisation pratique et efficace vous aide dans toutes les t\u00e2ches, que ce soit \u00e0 la maison, \u00e0 l\u2019atelier ou \u00e0 l\u2019ext\u00e9rieur Comprend de nombreux outils dont vous avez besoin au travail Livr\u00e9 dans un [&hellip;]<\/p>","protected":false},"featured_media":2274,"comment_status":"open","ping_status":"closed","template":"","meta":[],"product_brand":[],"product_cat":[15],"product_tag":[],"class_list":{"0":"post-1172","1":"product","2":"type-product","3":"status-publish","4":"has-post-thumbnail","6":"product_cat-divers","8":"first","9":"outofstock","10":"sale","11":"shipping-taxable","12":"purchasable","13":"product-type-simple"},"jetpack_sharing_enabled":true,"_links":{"self":[{"href":"https:\/\/autopdz.com\/ar\/wp-json\/wp\/v2\/product\/1172","targetHints":{"allow":["GET"]}}],"collection":[{"href":"https:\/\/autopdz.com\/ar\/wp-json\/wp\/v2\/product"}],"about":[{"href":"https:\/\/autopdz.com\/ar\/wp-json\/wp\/v2\/types\/product"}],"replies":[{"embeddable":true,"href":"https:\/\/autopdz.com\/ar\/wp-json\/wp\/v2\/comments?post=1172"}],"wp:featuredmedia":[{"embeddable":true,"href":"https:\/\/autopdz.com\/ar\/wp-json\/wp\/v2\/media\/2274"}],"wp:attachment":[{"href":"https:\/\/autopdz.com\/ar\/wp-json\/wp\/v2\/media?parent=1172"}],"wp:term":[{"taxonomy":"product_brand","embeddable":true,"href":"https:\/\/autopdz.com\/ar\/wp-json\/wp\/v2\/product_brand?post=1172"},{"taxonomy":"product_cat","embeddable":true,"href":"https:\/\/autopdz.com\/ar\/wp-json\/wp\/v2\/product_cat?post=1172"},{"taxonomy":"product_tag","embeddable":true,"href":"https:\/\/autopdz.com\/ar\/wp-json\/wp\/v2\/product_tag?post=1172"}],"curies":[{"name":"wp","href":"https:\/\/api.w.org\/{rel}","templated":true}]}}