{"id":1176,"date":"2024-02-10T21:37:07","date_gmt":"2024-02-10T20:37:07","guid":{"rendered":"https:\/\/autopdz.com\/product\/gomme-de-voiture-enlevement-et-effaceur-de-peinture-et-texte\/"},"modified":"2024-08-27T12:29:24","modified_gmt":"2024-08-27T11:29:24","slug":"gomme-de-voiture-enlevement-et-effaceur-de-peinture-et-texte","status":"publish","type":"product","link":"https:\/\/autopdz.com\/ar\/product\/gomme-de-voiture-enlevement-et-effaceur-de-peinture-et-texte\/","title":{"rendered":"Gomme De Voiture, enl\u00e8vement et effaceur de peinture et texte"},"content":{"rendered":"<p style=\"margin-bottom:1.3em;margin-top:0px;font-family:Lato,sans-serif;font-style:normal;font-weight:400;letter-spacing:normal;text-transform:none;text-align:left\">Description:<br \/>\n100% neuf et de haute qualit\u00e9<br \/>\nFabriqu\u00e9 en mat\u00e9riau de haute qualit\u00e9, plus durable.<br \/>\nDiam\u00e8tre de l\u2019engrenage: 87\/100mm<br \/>\n\u00c9paisseur: 15mm\/20mm\/26mm<br \/>\nFiletage: 5\/16-24<br \/>\nNombre de r\u00e9veils: 4000<br \/>\nCouleur: Jaune<br \/>\nMat\u00e9riau: plastique<\/p>\n<p style=\"margin-bottom:1.3em;margin-top:0px;font-family:Lato,sans-serif;font-style:normal;font-weight:400;letter-spacing:normal;text-transform:none;text-align:left\">Sp\u00e9cification:<br \/>\nMat\u00e9riau: PLASTIQUE<br \/>\nProfil de dent: engrenage droit<br \/>\nForme: Pignon<br \/>\nNum\u00e9ro de mod\u00e8le: filetage de disque de d\u00e9gommage pneumatique en caoutchouc<br \/>\nTraitement: Moulage sous pression<br \/>\nStandard ou non Standard: Standard<br \/>\nAngle de pression: 5\/16-24<\/p>\n<p style=\"margin-bottom:1.3em;margin-top:0px;font-family:Lato,sans-serif;font-style:normal;font-weight:400;letter-spacing:normal;text-transform:none;text-align:left\">Caract\u00e9ristique:<br \/>\n1. Il peut rapidement enlever les d\u00e9calcomanies, les bandes, les graphiques en vinyle, etc. sur la surface des v\u00e9hicules ou d\u2019autres produits.<br \/>\n2. Fabriqu\u00e9 en caoutchouc, il n\u2019endommagera pas la surface de la peinture.<br \/>\n3. Comprend un \u00e9crou adaptateur \u00e9lectrique de 1\/4 pouces.<br \/>\n4. Facile \u00e0 utiliser, pratique et s\u00fbr.<br \/>\n5. Chaque meule est \u00e9quip\u00e9e d\u2019une bielle!<\/p>","protected":false},"excerpt":{"rendered":"<p>Description: 100% neuf et de haute qualit\u00e9 Fabriqu\u00e9 en mat\u00e9riau de haute qualit\u00e9, plus durable. Diam\u00e8tre de l\u2019engrenage: 87\/100mm \u00c9paisseur: 15mm\/20mm\/26mm Filetage: 5\/16-24 Nombre de r\u00e9veils: 4000 Couleur: Jaune Mat\u00e9riau: plastique Sp\u00e9cification: Mat\u00e9riau: PLASTIQUE Profil de dent: engrenage droit Forme: Pignon Num\u00e9ro de mod\u00e8le: filetage de disque de d\u00e9gommage pneumatique en caoutchouc Traitement: Moulage sous [&hellip;]<\/p>","protected":false},"featured_media":1173,"comment_status":"open","ping_status":"closed","template":"","meta":[],"product_brand":[],"product_cat":[26],"product_tag":[],"class_list":{"0":"post-1176","1":"product","2":"type-product","3":"status-publish","4":"has-post-thumbnail","6":"product_cat-accessoires-exterieur","8":"first","9":"instock","10":"shipping-taxable","11":"purchasable","12":"product-type-simple"},"jetpack_sharing_enabled":true,"_links":{"self":[{"href":"https:\/\/autopdz.com\/ar\/wp-json\/wp\/v2\/product\/1176","targetHints":{"allow":["GET"]}}],"collection":[{"href":"https:\/\/autopdz.com\/ar\/wp-json\/wp\/v2\/product"}],"about":[{"href":"https:\/\/autopdz.com\/ar\/wp-json\/wp\/v2\/types\/product"}],"replies":[{"embeddable":true,"href":"https:\/\/autopdz.com\/ar\/wp-json\/wp\/v2\/comments?post=1176"}],"wp:featuredmedia":[{"embeddable":true,"href":"https:\/\/autopdz.com\/ar\/wp-json\/wp\/v2\/media\/1173"}],"wp:attachment":[{"href":"https:\/\/autopdz.com\/ar\/wp-json\/wp\/v2\/media?parent=1176"}],"wp:term":[{"taxonomy":"product_brand","embeddable":true,"href":"https:\/\/autopdz.com\/ar\/wp-json\/wp\/v2\/product_brand?post=1176"},{"taxonomy":"product_cat","embeddable":true,"href":"https:\/\/autopdz.com\/ar\/wp-json\/wp\/v2\/product_cat?post=1176"},{"taxonomy":"product_tag","embeddable":true,"href":"https:\/\/autopdz.com\/ar\/wp-json\/wp\/v2\/product_tag?post=1176"}],"curies":[{"name":"wp","href":"https:\/\/api.w.org\/{rel}","templated":true}]}}