{"id":11781,"date":"2025-02-08T10:49:45","date_gmt":"2025-02-08T09:49:45","guid":{"rendered":"https:\/\/autopdz.com\/product\/coque-de-cle-telecommande-3-boutons-pour-peugeot\/"},"modified":"2025-09-02T08:58:27","modified_gmt":"2025-09-02T07:58:27","slug":"coque-de-cle-telecommande-3-boutons-pour-peugeot","status":"publish","type":"product","link":"https:\/\/autopdz.com\/ar\/product\/coque-de-cle-telecommande-3-boutons-pour-peugeot\/","title":{"rendered":"Coque de Cl\u00e9 t\u00e9l\u00e9commande 3 boutons pour Peugeot"},"content":{"rendered":"","protected":false},"excerpt":{"rendered":"","protected":false},"featured_media":11779,"comment_status":"open","ping_status":"closed","template":"","meta":[],"product_brand":[],"product_cat":[15],"product_tag":[],"class_list":{"0":"post-11781","1":"product","2":"type-product","3":"status-publish","4":"has-post-thumbnail","6":"product_cat-divers","8":"first","9":"instock","10":"shipping-taxable","11":"purchasable","12":"product-type-simple"},"jetpack_sharing_enabled":true,"_links":{"self":[{"href":"https:\/\/autopdz.com\/ar\/wp-json\/wp\/v2\/product\/11781","targetHints":{"allow":["GET"]}}],"collection":[{"href":"https:\/\/autopdz.com\/ar\/wp-json\/wp\/v2\/product"}],"about":[{"href":"https:\/\/autopdz.com\/ar\/wp-json\/wp\/v2\/types\/product"}],"replies":[{"embeddable":true,"href":"https:\/\/autopdz.com\/ar\/wp-json\/wp\/v2\/comments?post=11781"}],"wp:featuredmedia":[{"embeddable":true,"href":"https:\/\/autopdz.com\/ar\/wp-json\/wp\/v2\/media\/11779"}],"wp:attachment":[{"href":"https:\/\/autopdz.com\/ar\/wp-json\/wp\/v2\/media?parent=11781"}],"wp:term":[{"taxonomy":"product_brand","embeddable":true,"href":"https:\/\/autopdz.com\/ar\/wp-json\/wp\/v2\/product_brand?post=11781"},{"taxonomy":"product_cat","embeddable":true,"href":"https:\/\/autopdz.com\/ar\/wp-json\/wp\/v2\/product_cat?post=11781"},{"taxonomy":"product_tag","embeddable":true,"href":"https:\/\/autopdz.com\/ar\/wp-json\/wp\/v2\/product_tag?post=11781"}],"curies":[{"name":"wp","href":"https:\/\/api.w.org\/{rel}","templated":true}]}}