{"id":11818,"date":"2025-02-08T12:17:25","date_gmt":"2025-02-08T11:17:25","guid":{"rendered":"https:\/\/autopdz.com\/product\/kit-de-reparation-de-pneus-6pcs\/"},"modified":"2026-04-11T15:58:06","modified_gmt":"2026-04-11T14:58:06","slug":"kit-de-reparation-de-pneus-6pcs","status":"publish","type":"product","link":"https:\/\/autopdz.com\/ar\/product\/kit-de-reparation-de-pneus-6pcs\/","title":{"rendered":"Kit de r\u00e9paration de pneus 6Pcs"},"content":{"rendered":"<p>Petit outil de r\u00e9paration de pneus, utilis\u00e9 pour la r\u00e9paration rapide de pneus de v\u00e9lo, d\u2019automobile, de moto et d\u2019autres<br \/>\nsp\u00e9cifications :<br \/>\nMat\u00e9riau :<br \/>\nForets : fer, plastique<br \/>\nColle de r\u00e9paration de pneus : colle<br \/>\nBande de caoutchouc : caoutchouc<br \/>\nTaille : confirmation d\u2019arriv\u00e9e<br \/>\nLe paquet comprend :<br \/>\n1 * colle<br \/>\n2 * embout<br \/>\n3 * bande de caoutchouc pour pneu<\/p>","protected":false},"excerpt":{"rendered":"<p>Petit outil de r\u00e9paration de pneus, utilis\u00e9 pour la r\u00e9paration rapide de pneus de v\u00e9lo, d\u2019automobile, de moto et d\u2019autres sp\u00e9cifications : Mat\u00e9riau : Forets : fer, plastique Colle de r\u00e9paration de pneus : colle Bande de caoutchouc : caoutchouc Taille : confirmation d\u2019arriv\u00e9e Le paquet comprend : 1 * colle 2 * embout 3 [&hellip;]<\/p>","protected":false},"featured_media":11817,"comment_status":"open","ping_status":"closed","template":"","meta":[],"product_brand":[],"product_cat":[26],"product_tag":[],"class_list":{"0":"post-11818","1":"product","2":"type-product","3":"status-publish","4":"has-post-thumbnail","6":"product_cat-accessoires-exterieur","8":"first","9":"outofstock","10":"shipping-taxable","11":"purchasable","12":"product-type-simple"},"jetpack_sharing_enabled":true,"_links":{"self":[{"href":"https:\/\/autopdz.com\/ar\/wp-json\/wp\/v2\/product\/11818","targetHints":{"allow":["GET"]}}],"collection":[{"href":"https:\/\/autopdz.com\/ar\/wp-json\/wp\/v2\/product"}],"about":[{"href":"https:\/\/autopdz.com\/ar\/wp-json\/wp\/v2\/types\/product"}],"replies":[{"embeddable":true,"href":"https:\/\/autopdz.com\/ar\/wp-json\/wp\/v2\/comments?post=11818"}],"wp:featuredmedia":[{"embeddable":true,"href":"https:\/\/autopdz.com\/ar\/wp-json\/wp\/v2\/media\/11817"}],"wp:attachment":[{"href":"https:\/\/autopdz.com\/ar\/wp-json\/wp\/v2\/media?parent=11818"}],"wp:term":[{"taxonomy":"product_brand","embeddable":true,"href":"https:\/\/autopdz.com\/ar\/wp-json\/wp\/v2\/product_brand?post=11818"},{"taxonomy":"product_cat","embeddable":true,"href":"https:\/\/autopdz.com\/ar\/wp-json\/wp\/v2\/product_cat?post=11818"},{"taxonomy":"product_tag","embeddable":true,"href":"https:\/\/autopdz.com\/ar\/wp-json\/wp\/v2\/product_tag?post=11818"}],"curies":[{"name":"wp","href":"https:\/\/api.w.org\/{rel}","templated":true}]}}