{"id":11823,"date":"2025-02-08T12:23:37","date_gmt":"2025-02-08T11:23:37","guid":{"rendered":"https:\/\/autopdz.com\/product\/kit-de-reparation-de-pneus-de-voiture-9pcs\/"},"modified":"2025-12-21T09:31:10","modified_gmt":"2025-12-21T08:31:10","slug":"kit-de-reparation-de-pneus-de-voiture-9pcs","status":"publish","type":"product","link":"https:\/\/autopdz.com\/ar\/product\/kit-de-reparation-de-pneus-de-voiture-9pcs\/","title":{"rendered":"Kit de r\u00e9paration de pneus de voiture 9Pcs"},"content":{"rendered":"<p>Le kit de r\u00e9paration de pneus comprend 8 pi\u00e8ces essentielles con\u00e7ues pour la r\u00e9paration rapide et efficace des pneus. Ce kit inclut un tube de colle, des bandes de r\u00e9paration de pneus, un foret d&rsquo;insertion de pneu, et un foret \u00e0 filetage de pneu. Les forets sont fabriqu\u00e9s avec des mat\u00e9riaux robustes, assurant durabilit\u00e9 et fiabilit\u00e9 \u00e0 long terme.<\/p>\n<p>Gr\u00e2ce \u00e0 ce kit de r\u00e9paration de pneus, vous pourrez effectuer des petites ou grandes r\u00e9parations sur les pneus de voiture ou de moto. Con\u00e7u pour \u00eatre utilis\u00e9 facilement par les amateurs et les professionnels, il est accompagn\u00e9 d&rsquo;instructions simples pour guider les utilisateurs \u00e0 travers le processus de r\u00e9paration.<\/p>\n<p>Id\u00e9al pour les situations d&rsquo;urgence sur la route, ce kit permet une r\u00e9paration rapide d&rsquo;une crevaison, permettant ainsi aux conducteurs de continuer leur trajet en toute s\u00e9curit\u00e9.<\/p>\n<p>Contenu<\/p>\n<p>1 pc tube de colle 1 pc lame coupante 1 pc foret d&rsquo;insertion de pneu 1 pc foret \u00e0 filetage de pneu 4 pcs bandes de r\u00e9paration de pneus<\/p>\n<p>Dimensions:<\/p>\n<p>Poids du tube de colle : 12g Longueur des bandes de r\u00e9paration : 10cm chacune<\/p>\n<p>Emballage<\/p>\n<p>Type d\u2019emballage: Ce produit est livr\u00e9 avec une carte en carton lamin\u00e9e thermiquement avec du plastique.<\/p>\n<p>Pays d\u2019origine: Chine<\/p>","protected":false},"excerpt":{"rendered":"<p>Le kit de r\u00e9paration de pneus comprend 8 pi\u00e8ces essentielles con\u00e7ues pour la r\u00e9paration rapide et efficace des pneus. Ce kit inclut un tube de colle, des bandes de r\u00e9paration de pneus, un foret d&rsquo;insertion de pneu, et un foret \u00e0 filetage de pneu. Les forets sont fabriqu\u00e9s avec des mat\u00e9riaux robustes, assurant durabilit\u00e9 et [&hellip;]<\/p>","protected":false},"featured_media":11820,"comment_status":"open","ping_status":"closed","template":"","meta":[],"product_brand":[],"product_cat":[24],"product_tag":[],"class_list":{"0":"post-11823","1":"product","2":"type-product","3":"status-publish","4":"has-post-thumbnail","6":"product_cat-accessoires-interieur","8":"first","9":"outofstock","10":"shipping-taxable","11":"purchasable","12":"product-type-simple"},"jetpack_sharing_enabled":true,"_links":{"self":[{"href":"https:\/\/autopdz.com\/ar\/wp-json\/wp\/v2\/product\/11823","targetHints":{"allow":["GET"]}}],"collection":[{"href":"https:\/\/autopdz.com\/ar\/wp-json\/wp\/v2\/product"}],"about":[{"href":"https:\/\/autopdz.com\/ar\/wp-json\/wp\/v2\/types\/product"}],"replies":[{"embeddable":true,"href":"https:\/\/autopdz.com\/ar\/wp-json\/wp\/v2\/comments?post=11823"}],"wp:featuredmedia":[{"embeddable":true,"href":"https:\/\/autopdz.com\/ar\/wp-json\/wp\/v2\/media\/11820"}],"wp:attachment":[{"href":"https:\/\/autopdz.com\/ar\/wp-json\/wp\/v2\/media?parent=11823"}],"wp:term":[{"taxonomy":"product_brand","embeddable":true,"href":"https:\/\/autopdz.com\/ar\/wp-json\/wp\/v2\/product_brand?post=11823"},{"taxonomy":"product_cat","embeddable":true,"href":"https:\/\/autopdz.com\/ar\/wp-json\/wp\/v2\/product_cat?post=11823"},{"taxonomy":"product_tag","embeddable":true,"href":"https:\/\/autopdz.com\/ar\/wp-json\/wp\/v2\/product_tag?post=11823"}],"curies":[{"name":"wp","href":"https:\/\/api.w.org\/{rel}","templated":true}]}}