{"id":11829,"date":"2025-02-08T12:36:23","date_gmt":"2025-02-08T11:36:23","guid":{"rendered":"https:\/\/autopdz.com\/product\/mini-led-portable-a-usb-dc5v-4w\/"},"modified":"2025-02-08T12:36:23","modified_gmt":"2025-02-08T11:36:23","slug":"mini-led-portable-a-usb-dc5v-4w","status":"publish","type":"product","link":"https:\/\/autopdz.com\/ar\/product\/mini-led-portable-a-usb-dc5v-4w\/","title":{"rendered":"Mini Led Portable \u00e0 USB DC5V 4W"},"content":{"rendered":"<p>LED Petite boule magique<\/p>\n<p>Convient \u00e0 la plupart des appareils \u00e9lectriques \u00e0 interface USB<\/p>\n<p>Peut-\u00eatre qu&rsquo;un convertisseur USB est connect\u00e9 au t\u00e9l\u00e9phone<\/p>\n<p>Param\u00e8tres du produit :<br \/>\nPouvoir:4W<br \/>\ntension: DC5V<br \/>\nPort\u00e9e du flash : 50-10m<\/p>","protected":false},"excerpt":{"rendered":"<p>LED Petite boule magique Convient \u00e0 la plupart des appareils \u00e9lectriques \u00e0 interface USB Peut-\u00eatre qu&rsquo;un convertisseur USB est connect\u00e9 au t\u00e9l\u00e9phone Param\u00e8tres du produit : Pouvoir:4W tension: DC5V Port\u00e9e du flash : 50-10m<\/p>","protected":false},"featured_media":11828,"comment_status":"open","ping_status":"closed","template":"","meta":[],"product_brand":[],"product_cat":[23],"product_tag":[],"class_list":{"0":"post-11829","1":"product","2":"type-product","3":"status-publish","4":"has-post-thumbnail","6":"product_cat-eclairage","8":"first","9":"instock","10":"shipping-taxable","11":"purchasable","12":"product-type-simple"},"jetpack_sharing_enabled":true,"_links":{"self":[{"href":"https:\/\/autopdz.com\/ar\/wp-json\/wp\/v2\/product\/11829","targetHints":{"allow":["GET"]}}],"collection":[{"href":"https:\/\/autopdz.com\/ar\/wp-json\/wp\/v2\/product"}],"about":[{"href":"https:\/\/autopdz.com\/ar\/wp-json\/wp\/v2\/types\/product"}],"replies":[{"embeddable":true,"href":"https:\/\/autopdz.com\/ar\/wp-json\/wp\/v2\/comments?post=11829"}],"wp:featuredmedia":[{"embeddable":true,"href":"https:\/\/autopdz.com\/ar\/wp-json\/wp\/v2\/media\/11828"}],"wp:attachment":[{"href":"https:\/\/autopdz.com\/ar\/wp-json\/wp\/v2\/media?parent=11829"}],"wp:term":[{"taxonomy":"product_brand","embeddable":true,"href":"https:\/\/autopdz.com\/ar\/wp-json\/wp\/v2\/product_brand?post=11829"},{"taxonomy":"product_cat","embeddable":true,"href":"https:\/\/autopdz.com\/ar\/wp-json\/wp\/v2\/product_cat?post=11829"},{"taxonomy":"product_tag","embeddable":true,"href":"https:\/\/autopdz.com\/ar\/wp-json\/wp\/v2\/product_tag?post=11829"}],"curies":[{"name":"wp","href":"https:\/\/api.w.org\/{rel}","templated":true}]}}