{"id":11864,"date":"2025-02-08T14:48:08","date_gmt":"2025-02-08T13:48:08","guid":{"rendered":"https:\/\/autopdz.com\/product\/systeme-de-securite-alarmr-avec-telecommande-bemaz\/"},"modified":"2026-03-05T12:33:04","modified_gmt":"2026-03-05T11:33:04","slug":"systeme-de-securite-alarmr-avec-telecommande-bemaz","status":"publish","type":"product","link":"https:\/\/autopdz.com\/ar\/product\/systeme-de-securite-alarmr-avec-telecommande-bemaz\/","title":{"rendered":"Syst\u00e8me De S\u00e9curit\u00e9 Alarme Avec T\u00e9l\u00e9commande &#8211; BEMAZ"},"content":{"rendered":"<p>FONCTIONS :<\/p>\n<p>Verrouillage\/d\u00e9verrouillage centralis\u00e9 \u00e0 distance<\/p>\n<p>Verrouillage\/d\u00e9verrouillage centralis\u00e9 manuel<\/p>\n<p>Recherche de voiture de panique<\/p>\n<p>Indication de porte ouverte<\/p>\n<p>Capots de porte Protection de d\u00e9marrage<\/p>\n<p>LED d&rsquo;indication de l&rsquo;\u00e9tat du syst\u00e8me<\/p>\n<p>Reverrouillage et r\u00e9armement apr\u00e8s 30 secondes<\/p>\n<p>Verrouillage automatique\/d\u00e9verrouillage automatique<\/p>\n<p>Armement passif (armement automatique apr\u00e8s 30 secondes)<\/p>\n<p>sans serrure de porte<\/p>\n<p>Le choix fait<\/p>\n<p>D\u00e9sarmement du code PIN<\/p>\n<p>R\u00e9initialisation du code PIN<\/p>\n<p>Zone Rypass<\/p>\n<p>Coupure d&rsquo;allumage\/d\u00e9marreur<\/p>\n<p>Protection d&rsquo;allumage Toute tentative de d\u00e9marrage d\u00e9clenche l&rsquo;alarme<\/p>\n<p>Capteur d&rsquo;impact<\/p>\n<p>Clignotant pour avertissement de porte ouverte<\/p>\n<p>Verrouillage\/d\u00e9verrouillage muet<\/p>\n<p>Indication d&rsquo;ouverture de porte\/coffre\/banquette en mode d\u00e9sarmement<\/p>\n<p>R\u00e9glage de la sensibilit\u00e9 du capteur d&rsquo;impact<\/p>\n<p>Statut du bras mammaire<\/p>","protected":false},"excerpt":{"rendered":"<p>FONCTIONS : Verrouillage\/d\u00e9verrouillage centralis\u00e9 \u00e0 distance Verrouillage\/d\u00e9verrouillage centralis\u00e9 manuel Recherche de voiture de panique Indication de porte ouverte Capots de porte Protection de d\u00e9marrage LED d&rsquo;indication de l&rsquo;\u00e9tat du syst\u00e8me Reverrouillage et r\u00e9armement apr\u00e8s 30 secondes Verrouillage automatique\/d\u00e9verrouillage automatique Armement passif (armement automatique apr\u00e8s 30 secondes) sans serrure de porte Le choix fait D\u00e9sarmement du [&hellip;]<\/p>","protected":false},"featured_media":11861,"comment_status":"open","ping_status":"closed","template":"","meta":[],"product_brand":[],"product_cat":[26,24],"product_tag":[],"class_list":{"0":"post-11864","1":"product","2":"type-product","3":"status-publish","4":"has-post-thumbnail","6":"product_cat-accessoires-exterieur","7":"product_cat-accessoires-interieur","9":"first","10":"instock","11":"sale","12":"shipping-taxable","13":"purchasable","14":"product-type-simple"},"jetpack_sharing_enabled":true,"_links":{"self":[{"href":"https:\/\/autopdz.com\/ar\/wp-json\/wp\/v2\/product\/11864","targetHints":{"allow":["GET"]}}],"collection":[{"href":"https:\/\/autopdz.com\/ar\/wp-json\/wp\/v2\/product"}],"about":[{"href":"https:\/\/autopdz.com\/ar\/wp-json\/wp\/v2\/types\/product"}],"replies":[{"embeddable":true,"href":"https:\/\/autopdz.com\/ar\/wp-json\/wp\/v2\/comments?post=11864"}],"wp:featuredmedia":[{"embeddable":true,"href":"https:\/\/autopdz.com\/ar\/wp-json\/wp\/v2\/media\/11861"}],"wp:attachment":[{"href":"https:\/\/autopdz.com\/ar\/wp-json\/wp\/v2\/media?parent=11864"}],"wp:term":[{"taxonomy":"product_brand","embeddable":true,"href":"https:\/\/autopdz.com\/ar\/wp-json\/wp\/v2\/product_brand?post=11864"},{"taxonomy":"product_cat","embeddable":true,"href":"https:\/\/autopdz.com\/ar\/wp-json\/wp\/v2\/product_cat?post=11864"},{"taxonomy":"product_tag","embeddable":true,"href":"https:\/\/autopdz.com\/ar\/wp-json\/wp\/v2\/product_tag?post=11864"}],"curies":[{"name":"wp","href":"https:\/\/api.w.org\/{rel}","templated":true}]}}