{"id":12082,"date":"2025-02-12T12:40:11","date_gmt":"2025-02-12T11:40:11","guid":{"rendered":"https:\/\/autopdz.com\/product\/led-pedal-avec-controle-par-telephone-bluetooth\/"},"modified":"2025-02-12T12:40:51","modified_gmt":"2025-02-12T11:40:51","slug":"led-pedal-avec-controle-par-telephone-bluetooth","status":"publish","type":"product","link":"https:\/\/autopdz.com\/ar\/product\/led-pedal-avec-controle-par-telephone-bluetooth\/","title":{"rendered":"Led P\u00e9dal Avec Contr\u00f4le par t\u00e9l\u00e9phone Bluetooth"},"content":{"rendered":"<p>Sp\u00e9cification:<\/p>\n<p>Mat\u00e9riau : PVC de haute qualit\u00e9<br \/>\nCouleur : RVB<br \/>\nSource de lumi\u00e8re : LED<br \/>\nTension : 12 V<br \/>\nType d&rsquo;ajustement : ajustement universel<br \/>\nCouleur : RVB<br \/>\nQuantit\u00e9 : 4 pi\u00e8ces<br \/>\nCaract\u00e9ristiques du produit :<\/p>\n<p>Puces LED de haute qualit\u00e9<br \/>\nApplication Bluetooth pour iOS \/ Android<br \/>\nFixer la bande lumineuse<br \/>\nFonctions:<\/p>\n<p>Son actif<br \/>\nPlusieurs couleurs<\/p>","protected":false},"excerpt":{"rendered":"<p>Sp\u00e9cification: Mat\u00e9riau : PVC de haute qualit\u00e9 Couleur : RVB Source de lumi\u00e8re : LED Tension : 12 V Type d&rsquo;ajustement : ajustement universel Couleur : RVB Quantit\u00e9 : 4 pi\u00e8ces Caract\u00e9ristiques du produit : Puces LED de haute qualit\u00e9 Application Bluetooth pour iOS \/ Android Fixer la bande lumineuse Fonctions: Son actif Plusieurs couleurs<\/p>","protected":false},"featured_media":12080,"comment_status":"open","ping_status":"closed","template":"","meta":[],"product_brand":[],"product_cat":[23],"product_tag":[],"class_list":{"0":"post-12082","1":"product","2":"type-product","3":"status-publish","4":"has-post-thumbnail","6":"product_cat-eclairage","8":"first","9":"instock","10":"shipping-taxable","11":"purchasable","12":"product-type-simple"},"jetpack_sharing_enabled":true,"_links":{"self":[{"href":"https:\/\/autopdz.com\/ar\/wp-json\/wp\/v2\/product\/12082","targetHints":{"allow":["GET"]}}],"collection":[{"href":"https:\/\/autopdz.com\/ar\/wp-json\/wp\/v2\/product"}],"about":[{"href":"https:\/\/autopdz.com\/ar\/wp-json\/wp\/v2\/types\/product"}],"replies":[{"embeddable":true,"href":"https:\/\/autopdz.com\/ar\/wp-json\/wp\/v2\/comments?post=12082"}],"wp:featuredmedia":[{"embeddable":true,"href":"https:\/\/autopdz.com\/ar\/wp-json\/wp\/v2\/media\/12080"}],"wp:attachment":[{"href":"https:\/\/autopdz.com\/ar\/wp-json\/wp\/v2\/media?parent=12082"}],"wp:term":[{"taxonomy":"product_brand","embeddable":true,"href":"https:\/\/autopdz.com\/ar\/wp-json\/wp\/v2\/product_brand?post=12082"},{"taxonomy":"product_cat","embeddable":true,"href":"https:\/\/autopdz.com\/ar\/wp-json\/wp\/v2\/product_cat?post=12082"},{"taxonomy":"product_tag","embeddable":true,"href":"https:\/\/autopdz.com\/ar\/wp-json\/wp\/v2\/product_tag?post=12082"}],"curies":[{"name":"wp","href":"https:\/\/api.w.org\/{rel}","templated":true}]}}