{"id":12654,"date":"2025-02-26T23:52:48","date_gmt":"2025-02-26T22:52:48","guid":{"rendered":"https:\/\/autopdz.com\/product\/gonfleur-pompe-a-air-intelligente-portable-150-psi\/"},"modified":"2025-04-24T09:23:31","modified_gmt":"2025-04-24T08:23:31","slug":"gonfleur-pompe-a-air-intelligente-portable-150-psi","status":"publish","type":"product","link":"https:\/\/autopdz.com\/ar\/product\/gonfleur-pompe-a-air-intelligente-portable-150-psi\/","title":{"rendered":"Gonfleur pompe \u00e0 air intelligente portable 150 PSI"},"content":{"rendered":"<p>PARAMETRE PRODUIT<\/p>\n<p>Dimensions : 6,5 x 2,7 x 2,0 pouces<\/p>\n<p>Longueur du tuyau : 7,9 pouces<\/p>\n<p>Puissance nominale : 80 W<\/p>\n<p>Entr\u00e9e : 5 V-2 A<\/p>\n<p>Capacit\u00e9 de la batterie : 3 x 2 000 mAh<\/p>\n<p>Pr\u00e9cision de mesure de pression : \u00b1 1 PSI<\/p>\n<p>Unit\u00e9s de pression : PSI, BAR, KPA, KG\/CM\u00b2<\/p>\n<p>Plage de pression : 3 \u00e0 150 psi<\/p>","protected":false},"excerpt":{"rendered":"<p>PARAMETRE PRODUIT Dimensions : 6,5 x 2,7 x 2,0 pouces Longueur du tuyau : 7,9 pouces Puissance nominale : 80 W Entr\u00e9e : 5 V-2 A Capacit\u00e9 de la batterie : 3 x 2 000 mAh Pr\u00e9cision de mesure de pression : \u00b1 1 PSI Unit\u00e9s de pression : PSI, BAR, KPA, KG\/CM\u00b2 Plage de [&hellip;]<\/p>","protected":false},"featured_media":12649,"comment_status":"open","ping_status":"closed","template":"","meta":[],"product_brand":[],"product_cat":[26,24],"product_tag":[],"class_list":{"0":"post-12654","1":"product","2":"type-product","3":"status-publish","4":"has-post-thumbnail","6":"product_cat-accessoires-exterieur","7":"product_cat-accessoires-interieur","9":"first","10":"outofstock","11":"shipping-taxable","12":"purchasable","13":"product-type-simple"},"jetpack_sharing_enabled":true,"_links":{"self":[{"href":"https:\/\/autopdz.com\/ar\/wp-json\/wp\/v2\/product\/12654","targetHints":{"allow":["GET"]}}],"collection":[{"href":"https:\/\/autopdz.com\/ar\/wp-json\/wp\/v2\/product"}],"about":[{"href":"https:\/\/autopdz.com\/ar\/wp-json\/wp\/v2\/types\/product"}],"replies":[{"embeddable":true,"href":"https:\/\/autopdz.com\/ar\/wp-json\/wp\/v2\/comments?post=12654"}],"wp:featuredmedia":[{"embeddable":true,"href":"https:\/\/autopdz.com\/ar\/wp-json\/wp\/v2\/media\/12649"}],"wp:attachment":[{"href":"https:\/\/autopdz.com\/ar\/wp-json\/wp\/v2\/media?parent=12654"}],"wp:term":[{"taxonomy":"product_brand","embeddable":true,"href":"https:\/\/autopdz.com\/ar\/wp-json\/wp\/v2\/product_brand?post=12654"},{"taxonomy":"product_cat","embeddable":true,"href":"https:\/\/autopdz.com\/ar\/wp-json\/wp\/v2\/product_cat?post=12654"},{"taxonomy":"product_tag","embeddable":true,"href":"https:\/\/autopdz.com\/ar\/wp-json\/wp\/v2\/product_tag?post=12654"}],"curies":[{"name":"wp","href":"https:\/\/api.w.org\/{rel}","templated":true}]}}