{"id":1276,"date":"2024-02-12T10:32:14","date_gmt":"2024-02-12T09:32:14","guid":{"rendered":"https:\/\/autopdz.com\/?post_type=product&#038;p=1276"},"modified":"2026-04-13T15:35:43","modified_gmt":"2026-04-13T14:35:43","slug":"protecteur-boite-caisse-de-porte-de-voiture","status":"publish","type":"product","link":"https:\/\/autopdz.com\/ar\/product\/protecteur-boite-caisse-de-porte-de-voiture\/","title":{"rendered":"Protecteur bas de caisse de porte de voiture"},"content":{"rendered":"<p>Description de l&rsquo;article<\/p>\n<p>Caract\u00e9ristiques:<\/p>\n<p>Film protecteur en fibre de carbone pour voiture 3D<\/p>\n<p>Fabriqu\u00e9 en \u00e9ponge, imperm\u00e9able, ignifuge, pas facile \u00e0 craquer, un<\/p>\n<p>outil de d\u00e9coration de voiture de mode.<\/p>\n<p>Tapis antid\u00e9rapant<\/p>\n<p>Lorsqu&rsquo;une femme entre dans votre voiture avec des chaussures \u00e0 talons hauts ou que vous rencontrez un temps pluvieux et humide, restez propre et en s\u00e9curit\u00e9.<\/p>\n<p>\u00c9vitez les rayures ou l&rsquo;abrasion<\/p>\n<p>Prot\u00e9gez la porte de la voiture des rayures ou de l&rsquo;abrasion lorsque vous entrez ou<\/p>\n<p>descendez. Pas besoin de d\u00e9penser beaucoup d\u2019argent en entretien.<\/p>\n<p>Installation facile<\/p>\n<p>Ruban adh\u00e9sif int\u00e9gr\u00e9 \u00e0 l&rsquo;arri\u00e8re de l&rsquo;autocollant de seuil de porte. Ajoutez moins d&rsquo;eau dans le ruban, d\u00e9placez l&rsquo;autocollant librement jusqu&rsquo;\u00e0 trouver le bon<\/p>\n<p>positionner et installer.<\/p>\n<p>Autocollant universel<\/p>\n<p>Comprend 4 autocollants<\/p>\n<p>\u00e0 plat, s&rsquo;applique \u00e0 tous types de v\u00e9hicules.<\/p>","protected":false},"excerpt":{"rendered":"<p>Description de l&rsquo;article Caract\u00e9ristiques: Film protecteur en fibre de carbone pour voiture 3D Fabriqu\u00e9 en \u00e9ponge, imperm\u00e9able, ignifuge, pas facile \u00e0 craquer, un outil de d\u00e9coration de voiture de mode. Tapis antid\u00e9rapant Lorsqu&rsquo;une femme entre dans votre voiture avec des chaussures \u00e0 talons hauts ou que vous rencontrez un temps pluvieux et humide, restez propre [&hellip;]<\/p>","protected":false},"featured_media":1273,"comment_status":"open","ping_status":"closed","template":"","meta":[],"product_brand":[],"product_cat":[15],"product_tag":[],"class_list":{"0":"post-1276","1":"product","2":"type-product","3":"status-publish","4":"has-post-thumbnail","6":"product_cat-divers","8":"first","9":"instock","10":"shipping-taxable","11":"purchasable","12":"product-type-variable"},"jetpack_sharing_enabled":true,"_links":{"self":[{"href":"https:\/\/autopdz.com\/ar\/wp-json\/wp\/v2\/product\/1276","targetHints":{"allow":["GET"]}}],"collection":[{"href":"https:\/\/autopdz.com\/ar\/wp-json\/wp\/v2\/product"}],"about":[{"href":"https:\/\/autopdz.com\/ar\/wp-json\/wp\/v2\/types\/product"}],"replies":[{"embeddable":true,"href":"https:\/\/autopdz.com\/ar\/wp-json\/wp\/v2\/comments?post=1276"}],"wp:featuredmedia":[{"embeddable":true,"href":"https:\/\/autopdz.com\/ar\/wp-json\/wp\/v2\/media\/1273"}],"wp:attachment":[{"href":"https:\/\/autopdz.com\/ar\/wp-json\/wp\/v2\/media?parent=1276"}],"wp:term":[{"taxonomy":"product_brand","embeddable":true,"href":"https:\/\/autopdz.com\/ar\/wp-json\/wp\/v2\/product_brand?post=1276"},{"taxonomy":"product_cat","embeddable":true,"href":"https:\/\/autopdz.com\/ar\/wp-json\/wp\/v2\/product_cat?post=1276"},{"taxonomy":"product_tag","embeddable":true,"href":"https:\/\/autopdz.com\/ar\/wp-json\/wp\/v2\/product_tag?post=1276"}],"curies":[{"name":"wp","href":"https:\/\/api.w.org\/{rel}","templated":true}]}}