{"id":13161,"date":"2025-04-06T15:49:55","date_gmt":"2025-04-06T14:49:55","guid":{"rendered":"https:\/\/autopdz.com\/product\/bouteille-de-liquide-pour-bateau-de-croisiere-decoration\/"},"modified":"2026-04-06T14:34:51","modified_gmt":"2026-04-06T13:34:51","slug":"bouteille-de-liquide-pour-bateau-de-croisiere-decoration","status":"publish","type":"product","link":"https:\/\/autopdz.com\/ar\/product\/bouteille-de-liquide-pour-bateau-de-croisiere-decoration\/","title":{"rendered":"Bouteille de liquide pour bateau de croisi\u00e8re d\u00e9coration"},"content":{"rendered":"<p>Bouteille de liquide de bateau de croisi\u00e8re : cette d\u00e9coration de bateau insubmersible symbolise le courage, lorsque vous secouez cette bouteille de fluide, il y a une mer survenante, des navires de croisi\u00e8re et des icebergs flottent avec l&rsquo;eau, comme s&rsquo;ils sont sur le point de caprir, et finissent par flotter sur l&rsquo;eau, ne coulent jamais.<br \/>\nMat\u00e9riau : cette d\u00e9coration est fabriqu\u00e9e en PVC, son ext\u00e9rieur robuste vous offrira la tranquillit\u00e9 d&rsquo;esprit que votre jouet est \u00e0 l&rsquo;abri des chutes dangereuses.<br \/>\nD\u00e9corations parfaites pour le bureau \u00e0 domicile : sans aucun doute, cette d\u00e9coration est parfaite pour votre bureau, bureau ou maison.<br \/>\nPlus qu&rsquo;un simple jouet : c&rsquo;est le genre d&rsquo;ornement qui vous aide \u00e0 vous d\u00e9tendre, \u00e0 vous d\u00e9tendre et \u00e0 respirer plus facilement. Cependant, cela peut \u00e9galement soulager les affections plus graves telles que le TDAH, la d\u00e9pression, l&rsquo;anxi\u00e9t\u00e9 et les probl\u00e8mes de coordination \u0153il-main.<br \/>\nUn cadeau inoubliable : si vous achetez ce presse-papier accrocheur comme cadeau, vous ne le regretterez jamais. Offrir le cadeau de d\u00e9tente est le bon moyen de montrer votre attention.<\/p>","protected":false},"excerpt":{"rendered":"<p>Bouteille de liquide de bateau de croisi\u00e8re : cette d\u00e9coration de bateau insubmersible symbolise le courage, lorsque vous secouez cette bouteille de fluide, il y a une mer survenante, des navires de croisi\u00e8re et des icebergs flottent avec l&rsquo;eau, comme s&rsquo;ils sont sur le point de caprir, et finissent par flotter sur l&rsquo;eau, ne coulent [&hellip;]<\/p>","protected":false},"featured_media":13155,"comment_status":"open","ping_status":"closed","template":"","meta":[],"product_brand":[],"product_cat":[24],"product_tag":[],"class_list":{"0":"post-13161","1":"product","2":"type-product","3":"status-publish","4":"has-post-thumbnail","6":"product_cat-accessoires-interieur","8":"first","9":"outofstock","10":"shipping-taxable","11":"purchasable","12":"product-type-simple"},"jetpack_sharing_enabled":true,"_links":{"self":[{"href":"https:\/\/autopdz.com\/ar\/wp-json\/wp\/v2\/product\/13161","targetHints":{"allow":["GET"]}}],"collection":[{"href":"https:\/\/autopdz.com\/ar\/wp-json\/wp\/v2\/product"}],"about":[{"href":"https:\/\/autopdz.com\/ar\/wp-json\/wp\/v2\/types\/product"}],"replies":[{"embeddable":true,"href":"https:\/\/autopdz.com\/ar\/wp-json\/wp\/v2\/comments?post=13161"}],"wp:featuredmedia":[{"embeddable":true,"href":"https:\/\/autopdz.com\/ar\/wp-json\/wp\/v2\/media\/13155"}],"wp:attachment":[{"href":"https:\/\/autopdz.com\/ar\/wp-json\/wp\/v2\/media?parent=13161"}],"wp:term":[{"taxonomy":"product_brand","embeddable":true,"href":"https:\/\/autopdz.com\/ar\/wp-json\/wp\/v2\/product_brand?post=13161"},{"taxonomy":"product_cat","embeddable":true,"href":"https:\/\/autopdz.com\/ar\/wp-json\/wp\/v2\/product_cat?post=13161"},{"taxonomy":"product_tag","embeddable":true,"href":"https:\/\/autopdz.com\/ar\/wp-json\/wp\/v2\/product_tag?post=13161"}],"curies":[{"name":"wp","href":"https:\/\/api.w.org\/{rel}","templated":true}]}}