{"id":13171,"date":"2025-04-06T16:04:47","date_gmt":"2025-04-06T15:04:47","guid":{"rendered":"https:\/\/autopdz.com\/product\/cle-demonte-roue-telescopique-6-pans-norauto-17-19-mm\/"},"modified":"2026-02-01T14:50:57","modified_gmt":"2026-02-01T13:50:57","slug":"cle-demonte-roue-telescopique-6-pans-norauto-17-19-mm","status":"publish","type":"product","link":"https:\/\/autopdz.com\/ar\/product\/cle-demonte-roue-telescopique-6-pans-norauto-17-19-mm\/","title":{"rendered":"Cl\u00e9 d\u00e9monte-roue t\u00e9lescopique 6 pans  17-19\/21-23 mm"},"content":{"rendered":"<p>Les points forts de ce produit<br \/>\nPoign\u00e9e antid\u00e9rapante.<\/p>\n<p>Cl\u00e9 id\u00e9ale pour le d\u00e9blocage des \u00e9crous.<\/p>\n<p>Manche t\u00e9lescopique.<\/p>\n<p>Description<\/p>\n<p>La cl\u00e9 d\u00e9monte-roue t\u00e9lescopique 6 pans  17-19 mm se compose d&rsquo;un manche t\u00e9lescopique et d&rsquo;une douille r\u00e9versible de 17 mm et 19 mm qui permet de d\u00e9monter facilement les roues. Le manche t\u00e9lescopique offre un effet de levier pour faciliter le d\u00e9montage des \u00e9crous. La poign\u00e9e antid\u00e9rapante assure une prise en main s\u00fbre et confortable, m\u00eame dans des conditions difficiles.<\/p>\n<p>Cette cl\u00e9 d\u00e9monte-roue t\u00e9lescopique est un outil qui vous permettra de changer facilement et rapidement les roues de votre v\u00e9hicule.<\/p>","protected":false},"excerpt":{"rendered":"<p>Les points forts de ce produit Poign\u00e9e antid\u00e9rapante. Cl\u00e9 id\u00e9ale pour le d\u00e9blocage des \u00e9crous. Manche t\u00e9lescopique. Description La cl\u00e9 d\u00e9monte-roue t\u00e9lescopique 6 pans 17-19 mm se compose d&rsquo;un manche t\u00e9lescopique et d&rsquo;une douille r\u00e9versible de 17 mm et 19 mm qui permet de d\u00e9monter facilement les roues. Le manche t\u00e9lescopique offre un effet de [&hellip;]<\/p>","protected":false},"featured_media":20938,"comment_status":"open","ping_status":"closed","template":"","meta":[],"product_brand":[],"product_cat":[26],"product_tag":[],"class_list":{"0":"post-13171","1":"product","2":"type-product","3":"status-publish","4":"has-post-thumbnail","6":"product_cat-accessoires-exterieur","8":"first","9":"instock","10":"shipping-taxable","11":"purchasable","12":"product-type-simple"},"jetpack_sharing_enabled":true,"_links":{"self":[{"href":"https:\/\/autopdz.com\/ar\/wp-json\/wp\/v2\/product\/13171","targetHints":{"allow":["GET"]}}],"collection":[{"href":"https:\/\/autopdz.com\/ar\/wp-json\/wp\/v2\/product"}],"about":[{"href":"https:\/\/autopdz.com\/ar\/wp-json\/wp\/v2\/types\/product"}],"replies":[{"embeddable":true,"href":"https:\/\/autopdz.com\/ar\/wp-json\/wp\/v2\/comments?post=13171"}],"wp:featuredmedia":[{"embeddable":true,"href":"https:\/\/autopdz.com\/ar\/wp-json\/wp\/v2\/media\/20938"}],"wp:attachment":[{"href":"https:\/\/autopdz.com\/ar\/wp-json\/wp\/v2\/media?parent=13171"}],"wp:term":[{"taxonomy":"product_brand","embeddable":true,"href":"https:\/\/autopdz.com\/ar\/wp-json\/wp\/v2\/product_brand?post=13171"},{"taxonomy":"product_cat","embeddable":true,"href":"https:\/\/autopdz.com\/ar\/wp-json\/wp\/v2\/product_cat?post=13171"},{"taxonomy":"product_tag","embeddable":true,"href":"https:\/\/autopdz.com\/ar\/wp-json\/wp\/v2\/product_tag?post=13171"}],"curies":[{"name":"wp","href":"https:\/\/api.w.org\/{rel}","templated":true}]}}