{"id":1323,"date":"2024-02-13T10:57:08","date_gmt":"2024-02-13T09:57:08","guid":{"rendered":"https:\/\/autopdz.com\/?post_type=product&#038;p=1323"},"modified":"2024-02-13T10:57:08","modified_gmt":"2024-02-13T09:57:08","slug":"coque-couvre-cle-de-voiture-2","status":"publish","type":"product","link":"https:\/\/autopdz.com\/ar\/product\/coque-couvre-cle-de-voiture-2\/","title":{"rendered":"Coque couvre cl\u00e9 de voiture"},"content":{"rendered":"<div>\n<p>Sp\u00e9cification:<\/p>\n<p>-100% tout neuf<\/p>\n<p>-Mati\u00e8re: TPU souple<\/p>\n<p>-Couleur: noir, blanc, gris<\/p>\n<p>-Le forfait comprend: 1 X couvercle de cl\u00e9 de voiture (cl\u00e9 non incluse)<\/p>\n<\/div>\n<div>\n<p>Conseils: veuillez confirmer votre cl\u00e9 de voiture avant de commander!*<\/p>\n<p>, coque de protection pour FIAT Tipo,500X,Doblo<\/p>\n<\/div>\n<div><\/div>","protected":false},"excerpt":{"rendered":"<p>Sp\u00e9cification: -100% tout neuf -Mati\u00e8re: TPU souple -Couleur: noir, blanc, gris -Le forfait comprend: 1 X couvercle de cl\u00e9 de voiture (cl\u00e9 non incluse) Conseils: veuillez confirmer votre cl\u00e9 de voiture avant de commander!* , coque de protection pour FIAT Tipo,500X,Doblo<\/p>","protected":false},"featured_media":1324,"comment_status":"open","ping_status":"closed","template":"","meta":[],"product_brand":[],"product_cat":[15],"product_tag":[],"class_list":{"0":"post-1323","1":"product","2":"type-product","3":"status-publish","4":"has-post-thumbnail","6":"product_cat-divers","8":"first","9":"instock","10":"shipping-taxable","11":"purchasable","12":"product-type-simple"},"jetpack_sharing_enabled":true,"_links":{"self":[{"href":"https:\/\/autopdz.com\/ar\/wp-json\/wp\/v2\/product\/1323","targetHints":{"allow":["GET"]}}],"collection":[{"href":"https:\/\/autopdz.com\/ar\/wp-json\/wp\/v2\/product"}],"about":[{"href":"https:\/\/autopdz.com\/ar\/wp-json\/wp\/v2\/types\/product"}],"replies":[{"embeddable":true,"href":"https:\/\/autopdz.com\/ar\/wp-json\/wp\/v2\/comments?post=1323"}],"wp:featuredmedia":[{"embeddable":true,"href":"https:\/\/autopdz.com\/ar\/wp-json\/wp\/v2\/media\/1324"}],"wp:attachment":[{"href":"https:\/\/autopdz.com\/ar\/wp-json\/wp\/v2\/media?parent=1323"}],"wp:term":[{"taxonomy":"product_brand","embeddable":true,"href":"https:\/\/autopdz.com\/ar\/wp-json\/wp\/v2\/product_brand?post=1323"},{"taxonomy":"product_cat","embeddable":true,"href":"https:\/\/autopdz.com\/ar\/wp-json\/wp\/v2\/product_cat?post=1323"},{"taxonomy":"product_tag","embeddable":true,"href":"https:\/\/autopdz.com\/ar\/wp-json\/wp\/v2\/product_tag?post=1323"}],"curies":[{"name":"wp","href":"https:\/\/api.w.org\/{rel}","templated":true}]}}