{"id":13244,"date":"2025-04-07T12:22:32","date_gmt":"2025-04-07T11:22:32","guid":{"rendered":"https:\/\/autopdz.com\/product\/accoudoir-central-usb-avec-porte-goblet\/"},"modified":"2026-02-16T11:38:49","modified_gmt":"2026-02-16T10:38:49","slug":"accoudoir-central-usb-avec-porte-goblet","status":"publish","type":"product","link":"https:\/\/autopdz.com\/ar\/product\/accoudoir-central-usb-avec-porte-goblet\/","title":{"rendered":"Accoudoir Central USB Avec Porte Goblet"},"content":{"rendered":"<p>ABS de haute qualit\u00e9 avec cuir PU<\/p>\n<p>Accoudoirs de remplacement, mat\u00e9riel de montage inclus, faciles \u00e0 installer<br \/>\nContenu de l&#8217;emballage : 1 bo\u00eete de rangement pour accoudoir<\/p>\n<p>Grand espace de rangement, pratique pour ranger des objets dans la voiture. Optimisez l&rsquo;espace int\u00e9rieur.<\/p>","protected":false},"excerpt":{"rendered":"<p>ABS de haute qualit\u00e9 avec cuir PU Accoudoirs de remplacement, mat\u00e9riel de montage inclus, faciles \u00e0 installer Contenu de l&#8217;emballage : 1 bo\u00eete de rangement pour accoudoir Grand espace de rangement, pratique pour ranger des objets dans la voiture. Optimisez l&rsquo;espace int\u00e9rieur.<\/p>","protected":false},"featured_media":13240,"comment_status":"open","ping_status":"closed","template":"","meta":[],"product_brand":[],"product_cat":[24],"product_tag":[],"class_list":{"0":"post-13244","1":"product","2":"type-product","3":"status-publish","4":"has-post-thumbnail","6":"product_cat-accessoires-interieur","8":"first","9":"outofstock","10":"shipping-taxable","11":"purchasable","12":"product-type-simple"},"jetpack_sharing_enabled":true,"_links":{"self":[{"href":"https:\/\/autopdz.com\/ar\/wp-json\/wp\/v2\/product\/13244","targetHints":{"allow":["GET"]}}],"collection":[{"href":"https:\/\/autopdz.com\/ar\/wp-json\/wp\/v2\/product"}],"about":[{"href":"https:\/\/autopdz.com\/ar\/wp-json\/wp\/v2\/types\/product"}],"replies":[{"embeddable":true,"href":"https:\/\/autopdz.com\/ar\/wp-json\/wp\/v2\/comments?post=13244"}],"wp:featuredmedia":[{"embeddable":true,"href":"https:\/\/autopdz.com\/ar\/wp-json\/wp\/v2\/media\/13240"}],"wp:attachment":[{"href":"https:\/\/autopdz.com\/ar\/wp-json\/wp\/v2\/media?parent=13244"}],"wp:term":[{"taxonomy":"product_brand","embeddable":true,"href":"https:\/\/autopdz.com\/ar\/wp-json\/wp\/v2\/product_brand?post=13244"},{"taxonomy":"product_cat","embeddable":true,"href":"https:\/\/autopdz.com\/ar\/wp-json\/wp\/v2\/product_cat?post=13244"},{"taxonomy":"product_tag","embeddable":true,"href":"https:\/\/autopdz.com\/ar\/wp-json\/wp\/v2\/product_tag?post=13244"}],"curies":[{"name":"wp","href":"https:\/\/api.w.org\/{rel}","templated":true}]}}