{"id":13279,"date":"2025-04-07T15:20:53","date_gmt":"2025-04-07T14:20:53","guid":{"rendered":"https:\/\/autopdz.com\/product\/demarreur-de-secoursmultifonction-12v-1200a\/"},"modified":"2025-07-22T10:01:42","modified_gmt":"2025-07-22T09:01:42","slug":"demarreur-de-secoursmultifonction-12v-1200a","status":"publish","type":"product","link":"https:\/\/autopdz.com\/ar\/product\/demarreur-de-secoursmultifonction-12v-1200a\/","title":{"rendered":"D\u00c9MARREUR DE SECOURS\nMULTIFONCTION 12V 1200A"},"content":{"rendered":"<p>Sp\u00e9cifications fonctionnelles<\/p>\n<p>1. Sortie de d\u00e9marrage de voiture : d\u00e9marreur 12 V<\/p>\n<p>2. Lampe de poche LED\/avertissement SOS antid\u00e9flagrant Remarque : apr\u00e8s avoir allum\u00e9 la lampe de poche, cliquez \u00e0 nouveau pour activer le flash, appuyez \u00e0 nouveau pour activer le SOS, puis \u00e9teignez la lampe.<\/p>\n<p>3. Entr\u00e9e : 5 V\/2 A<\/p>\n<p>4. Sortie USB : 5 V\/2 A<\/p>\n<p>5. Tension de d\u00e9marrage : 12 V<\/p>\n<p>6. Dur\u00e9e de vie : \u2265 1000 fois<\/p>\n<p>7. Temp\u00e9rature appropri\u00e9e : -20 \u2103 &#8211; 60 \u2103<\/p>","protected":false},"excerpt":{"rendered":"<p>Sp\u00e9cifications fonctionnelles 1. Sortie de d\u00e9marrage de voiture : d\u00e9marreur 12 V 2. Lampe de poche LED\/avertissement SOS antid\u00e9flagrant Remarque : apr\u00e8s avoir allum\u00e9 la lampe de poche, cliquez \u00e0 nouveau pour activer le flash, appuyez \u00e0 nouveau pour activer le SOS, puis \u00e9teignez la lampe. 3. Entr\u00e9e : 5 V\/2 A 4. Sortie USB [&hellip;]<\/p>","protected":false},"featured_media":13271,"comment_status":"open","ping_status":"closed","template":"","meta":[],"product_brand":[],"product_cat":[15],"product_tag":[],"class_list":{"0":"post-13279","1":"product","2":"type-product","3":"status-publish","4":"has-post-thumbnail","6":"product_cat-divers","8":"first","9":"outofstock","10":"shipping-taxable","11":"purchasable","12":"product-type-simple"},"jetpack_sharing_enabled":true,"_links":{"self":[{"href":"https:\/\/autopdz.com\/ar\/wp-json\/wp\/v2\/product\/13279","targetHints":{"allow":["GET"]}}],"collection":[{"href":"https:\/\/autopdz.com\/ar\/wp-json\/wp\/v2\/product"}],"about":[{"href":"https:\/\/autopdz.com\/ar\/wp-json\/wp\/v2\/types\/product"}],"replies":[{"embeddable":true,"href":"https:\/\/autopdz.com\/ar\/wp-json\/wp\/v2\/comments?post=13279"}],"wp:featuredmedia":[{"embeddable":true,"href":"https:\/\/autopdz.com\/ar\/wp-json\/wp\/v2\/media\/13271"}],"wp:attachment":[{"href":"https:\/\/autopdz.com\/ar\/wp-json\/wp\/v2\/media?parent=13279"}],"wp:term":[{"taxonomy":"product_brand","embeddable":true,"href":"https:\/\/autopdz.com\/ar\/wp-json\/wp\/v2\/product_brand?post=13279"},{"taxonomy":"product_cat","embeddable":true,"href":"https:\/\/autopdz.com\/ar\/wp-json\/wp\/v2\/product_cat?post=13279"},{"taxonomy":"product_tag","embeddable":true,"href":"https:\/\/autopdz.com\/ar\/wp-json\/wp\/v2\/product_tag?post=13279"}],"curies":[{"name":"wp","href":"https:\/\/api.w.org\/{rel}","templated":true}]}}