{"id":1329,"date":"2024-02-13T11:10:06","date_gmt":"2024-02-13T10:10:06","guid":{"rendered":"https:\/\/autopdz.com\/?post_type=product&#038;p=1329"},"modified":"2024-02-13T11:11:32","modified_gmt":"2024-02-13T10:11:32","slug":"coque-couvre-cle-de-voiture-4","status":"publish","type":"product","link":"https:\/\/autopdz.com\/ar\/product\/coque-couvre-cle-de-voiture-4\/","title":{"rendered":"Coque couvre cl\u00e9 de voiture"},"content":{"rendered":"<div>\n<p>Sp\u00e9cification:<\/p>\n<p>-100% tout neuf<\/p>\n<p>-Mati\u00e8re: TPU souple<\/p>\n<p>-Le forfait comprend: 1 X couvercle de cl\u00e9 de voiture (cl\u00e9 non incluse)<\/p>\n<\/div>\n<div>\n<p>Conseils: veuillez confirmer votre cl\u00e9 de voiture avant de commander!*<\/p>\n<p>coque de protection pour Renault Symbol Dacia Sandero Logan Duster 2016-2018<\/p>\n<\/div>","protected":false},"excerpt":{"rendered":"<p>Sp\u00e9cification: -100% tout neuf -Mati\u00e8re: TPU souple -Le forfait comprend: 1 X couvercle de cl\u00e9 de voiture (cl\u00e9 non incluse) Conseils: veuillez confirmer votre cl\u00e9 de voiture avant de commander!* coque de protection pour Renault Symbol Dacia Sandero Logan Duster 2016-2018<\/p>","protected":false},"featured_media":1330,"comment_status":"open","ping_status":"closed","template":"","meta":[],"product_brand":[],"product_cat":[15],"product_tag":[],"class_list":{"0":"post-1329","1":"product","2":"type-product","3":"status-publish","4":"has-post-thumbnail","6":"product_cat-divers","8":"first","9":"instock","10":"shipping-taxable","11":"purchasable","12":"product-type-simple"},"jetpack_sharing_enabled":true,"_links":{"self":[{"href":"https:\/\/autopdz.com\/ar\/wp-json\/wp\/v2\/product\/1329","targetHints":{"allow":["GET"]}}],"collection":[{"href":"https:\/\/autopdz.com\/ar\/wp-json\/wp\/v2\/product"}],"about":[{"href":"https:\/\/autopdz.com\/ar\/wp-json\/wp\/v2\/types\/product"}],"replies":[{"embeddable":true,"href":"https:\/\/autopdz.com\/ar\/wp-json\/wp\/v2\/comments?post=1329"}],"wp:featuredmedia":[{"embeddable":true,"href":"https:\/\/autopdz.com\/ar\/wp-json\/wp\/v2\/media\/1330"}],"wp:attachment":[{"href":"https:\/\/autopdz.com\/ar\/wp-json\/wp\/v2\/media?parent=1329"}],"wp:term":[{"taxonomy":"product_brand","embeddable":true,"href":"https:\/\/autopdz.com\/ar\/wp-json\/wp\/v2\/product_brand?post=1329"},{"taxonomy":"product_cat","embeddable":true,"href":"https:\/\/autopdz.com\/ar\/wp-json\/wp\/v2\/product_cat?post=1329"},{"taxonomy":"product_tag","embeddable":true,"href":"https:\/\/autopdz.com\/ar\/wp-json\/wp\/v2\/product_tag?post=1329"}],"curies":[{"name":"wp","href":"https:\/\/api.w.org\/{rel}","templated":true}]}}