{"id":1338,"date":"2024-02-17T12:25:18","date_gmt":"2024-02-17T11:25:18","guid":{"rendered":"https:\/\/autopdz.com\/product\/radar-de-recul-voiture-afficheur-led-aide-stationnement\/"},"modified":"2024-05-19T18:21:07","modified_gmt":"2024-05-19T17:21:07","slug":"radar-de-recul-voiture-afficheur-led-aide-stationnement","status":"publish","type":"product","link":"https:\/\/autopdz.com\/ar\/product\/radar-de-recul-voiture-afficheur-led-aide-stationnement\/","title":{"rendered":"Radar de Recul Voiture Afficheur Led (aide stationnement)"},"content":{"rendered":"<div class=\"card aim -mtm\">\n<div class=\"markup -mhm -pvl -oxa -sc\">Vous \u00eates probablement ici parce que vous recherchez des capteurs de stationnement arri\u00e8re de qualit\u00e9 pour votre voiture\u00a0mais qui soit \u00e9conomique \u00e9galement sur lesquels vous pouvez compter \u00e0 chaque fois que vous essayez de garer votre voiture dans des situations difficiles.<\/p>\n<p>Bien! parce que vous \u00eates en retard si vous n\u2019en avez pas\u2026<\/p>\n<p>4 capteurs \u00e0 ultrasons sont fourni dans la boite ainsi que la m\u00e8che ad\u00e9quate pour percer votre par-choc en utilisant n\u2019importe quel viseuse m\u00eame de faible puissance, vous installez donc les 4 capteurs dans le pare-chocs arri\u00e8re de votre voiture. Lorsque vous mettez votre \u00e9quipement en marche arri\u00e8re, l&rsquo;appareil s&rsquo;active.<\/p>\n<p>Les capteurs \u00e9mettent alors un bip et la fr\u00e9quence du bip augmente au fur et \u00e0 mesure que votre voiture se rapproche des objets environnants.<\/p>\n<p>Il commence g\u00e9n\u00e9ralement \u00e0 augmenter en fr\u00e9quence lorsque l\u2019objet se trouve \u00e0 une distance de 150 cm \u00e0 30 cm ensuite il \u00e9met un bip sonore constant.<\/p>\n<p><b><br \/>\n<\/b><b><br \/>\n<\/b><b>Sp\u00e9cifications :\u00a0<\/b><b><br \/>\n<\/b><b><br \/>\n<\/b><\/p>\n<ul>\n<li>4 capteurs invers\u00e9s, avec un affichage de distance pour le tableau de bord en temps reel.<\/li>\n<li>Technologie de d\u00e9tection ultrasonique de pointe<\/li>\n<li>Performance rapide et pr\u00e9cise en temps reel<\/li>\n<li>Alerte sonore bipante (le bipeur peut \u00eatre \u00e9teint)<\/li>\n<li>S&rsquo;engage automatiquement lors du passage en marche arri\u00e8re<\/li>\n<li>Inverse avec une s\u00e9curit\u00e9 accrue et r\u00e9duit le risque de blessure &#8211; \u00e9vitez les objets, les personnes, les enfants et les animaux domestiques.<\/li>\n<li>Confiance accrue &#8211; La premi\u00e8re fois, installez-vous dans n\u2019importe quelle place de stationnement sur une route tr\u00e8s fr\u00e9quent\u00e9e.<\/li>\n<li>Plus facile de se garer dans des conditions humides \/ sombres o\u00f9 la visibilit\u00e9 est faible<\/li>\n<li>Emp\u00eache les dommages accidentels co\u00fbteux \u00e0 votre voiture et \u00e0 d\u2019autres personnes, en \u00e9vitant des r\u00e9parations co\u00fbteuses \u00e0 l\u2019avenir ou en augmentant les primes d\u2019assurance.<\/li>\n<\/ul>\n<\/div>\n<\/div>\n<section class=\"card aim -mtm -fs16\">\n<div id=\"specifications\" class=\"hook\"><\/div>\n<header class=\"-pvs -bb\"><\/header>\n<\/section>","protected":false},"excerpt":{"rendered":"<p>Vous \u00eates probablement ici parce que vous recherchez des capteurs de stationnement arri\u00e8re de qualit\u00e9 pour votre voiture\u00a0mais qui soit \u00e9conomique \u00e9galement sur lesquels vous pouvez compter \u00e0 chaque fois que vous essayez de garer votre voiture dans des situations difficiles. Bien! parce que vous \u00eates en retard si vous n\u2019en avez pas\u2026 4 capteurs [&hellip;]<\/p>","protected":false},"featured_media":1336,"comment_status":"open","ping_status":"closed","template":"","meta":[],"product_brand":[],"product_cat":[15],"product_tag":[],"class_list":{"0":"post-1338","1":"product","2":"type-product","3":"status-publish","4":"has-post-thumbnail","6":"product_cat-divers","8":"first","9":"instock","10":"shipping-taxable","11":"purchasable","12":"product-type-variable"},"jetpack_sharing_enabled":true,"_links":{"self":[{"href":"https:\/\/autopdz.com\/ar\/wp-json\/wp\/v2\/product\/1338","targetHints":{"allow":["GET"]}}],"collection":[{"href":"https:\/\/autopdz.com\/ar\/wp-json\/wp\/v2\/product"}],"about":[{"href":"https:\/\/autopdz.com\/ar\/wp-json\/wp\/v2\/types\/product"}],"replies":[{"embeddable":true,"href":"https:\/\/autopdz.com\/ar\/wp-json\/wp\/v2\/comments?post=1338"}],"wp:featuredmedia":[{"embeddable":true,"href":"https:\/\/autopdz.com\/ar\/wp-json\/wp\/v2\/media\/1336"}],"wp:attachment":[{"href":"https:\/\/autopdz.com\/ar\/wp-json\/wp\/v2\/media?parent=1338"}],"wp:term":[{"taxonomy":"product_brand","embeddable":true,"href":"https:\/\/autopdz.com\/ar\/wp-json\/wp\/v2\/product_brand?post=1338"},{"taxonomy":"product_cat","embeddable":true,"href":"https:\/\/autopdz.com\/ar\/wp-json\/wp\/v2\/product_cat?post=1338"},{"taxonomy":"product_tag","embeddable":true,"href":"https:\/\/autopdz.com\/ar\/wp-json\/wp\/v2\/product_tag?post=1338"}],"curies":[{"name":"wp","href":"https:\/\/api.w.org\/{rel}","templated":true}]}}