{"id":13407,"date":"2025-04-09T15:25:22","date_gmt":"2025-04-09T14:25:22","guid":{"rendered":"https:\/\/autopdz.com\/product\/bouton-commande-ecran-multimedia-android\/"},"modified":"2025-10-11T16:50:45","modified_gmt":"2025-10-11T15:50:45","slug":"bouton-commande-ecran-multimedia-android","status":"publish","type":"product","link":"https:\/\/autopdz.com\/ar\/product\/bouton-commande-ecran-multimedia-android\/","title":{"rendered":"Bouton Commande \u00c9cran Multim\u00e9dia Android"},"content":{"rendered":"<p>Sp\u00e9cifications :<\/p>\n<p>Mat\u00e9riau : ABS + PC<\/p>\n<p>Couleur : Noir<\/p>\n<p>Forme : Ronde<\/p>\n<p>Quantit\u00e9 de boutons : 8 boutons<\/p>\n<p>Taille de la commande au volant : 5,5 x 7,5 cm\/2,2 x 3 pouces<\/p>\n<p>Fonctions des boutons : Chanson pr\u00e9c\u00e9dente, Chanson suivante, Vol-\/Vol+, Lecture\/Pause, R\u00e9pondre au t\u00e9l\u00e9phone, Raccrocher.<\/p>\n<p>Temp\u00e9rature de fonctionnement : -20 \u00b0C \u00e0 85 \u00b0C<\/p>\n<p>Instructions d&rsquo;installation :<\/p>\n<p>1. Ouvrez les param\u00e8tres de navigation.<\/p>\n<p>2. Acc\u00e9dez \u00e0 l&rsquo;interface d&rsquo;apprentissage du contr\u00f4le de navigation.<\/p>\n<p>Non<\/p>\n<p>3. Cliquez sur la fonction correspondante dans l&rsquo;image.<\/p>\n<p>4. Appuyez sur le bouton du contr\u00f4leur rotatif.<\/p>\n<p>5. Une fois termin\u00e9, cliquez sur Enregistrer.<\/p>\n<p>Contenu de l&#8217;emballage :<\/p>\n<p>1 x manette sans fil<\/p>","protected":false},"excerpt":{"rendered":"<p>Sp\u00e9cifications : Mat\u00e9riau : ABS + PC Couleur : Noir Forme : Ronde Quantit\u00e9 de boutons : 8 boutons Taille de la commande au volant : 5,5 x 7,5 cm\/2,2 x 3 pouces Fonctions des boutons : Chanson pr\u00e9c\u00e9dente, Chanson suivante, Vol-\/Vol+, Lecture\/Pause, R\u00e9pondre au t\u00e9l\u00e9phone, Raccrocher. Temp\u00e9rature de fonctionnement : -20 \u00b0C \u00e0 85 [&hellip;]<\/p>","protected":false},"featured_media":13405,"comment_status":"open","ping_status":"closed","template":"","meta":[],"product_brand":[],"product_cat":[24],"product_tag":[],"class_list":{"0":"post-13407","1":"product","2":"type-product","3":"status-publish","4":"has-post-thumbnail","6":"product_cat-accessoires-interieur","8":"first","9":"outofstock","10":"shipping-taxable","11":"purchasable","12":"product-type-simple"},"jetpack_sharing_enabled":true,"_links":{"self":[{"href":"https:\/\/autopdz.com\/ar\/wp-json\/wp\/v2\/product\/13407","targetHints":{"allow":["GET"]}}],"collection":[{"href":"https:\/\/autopdz.com\/ar\/wp-json\/wp\/v2\/product"}],"about":[{"href":"https:\/\/autopdz.com\/ar\/wp-json\/wp\/v2\/types\/product"}],"replies":[{"embeddable":true,"href":"https:\/\/autopdz.com\/ar\/wp-json\/wp\/v2\/comments?post=13407"}],"wp:featuredmedia":[{"embeddable":true,"href":"https:\/\/autopdz.com\/ar\/wp-json\/wp\/v2\/media\/13405"}],"wp:attachment":[{"href":"https:\/\/autopdz.com\/ar\/wp-json\/wp\/v2\/media?parent=13407"}],"wp:term":[{"taxonomy":"product_brand","embeddable":true,"href":"https:\/\/autopdz.com\/ar\/wp-json\/wp\/v2\/product_brand?post=13407"},{"taxonomy":"product_cat","embeddable":true,"href":"https:\/\/autopdz.com\/ar\/wp-json\/wp\/v2\/product_cat?post=13407"},{"taxonomy":"product_tag","embeddable":true,"href":"https:\/\/autopdz.com\/ar\/wp-json\/wp\/v2\/product_tag?post=13407"}],"curies":[{"name":"wp","href":"https:\/\/api.w.org\/{rel}","templated":true}]}}