{"id":13440,"date":"2025-04-10T12:08:26","date_gmt":"2025-04-10T11:08:26","guid":{"rendered":"https:\/\/autopdz.com\/?post_type=product&#038;p=13440"},"modified":"2026-04-01T17:19:43","modified_gmt":"2026-04-01T16:19:43","slug":"kit-bluetooth-avec-micro-pour-autoradio-dorigine","status":"publish","type":"product","link":"https:\/\/autopdz.com\/ar\/product\/kit-bluetooth-avec-micro-pour-autoradio-dorigine\/","title":{"rendered":"Kit Bluetooth Avec Micro Pour Autoradio D&rsquo;Origine"},"content":{"rendered":"<p>Ce kit Bluetooth s\u2019int\u00e8gre \u00e0 l\u2019autoradio d\u2019origine Volkswagen id\u00e9al pour parl\u00e9 au volant vu qil contient un micro professionnelle et permet d\u2019\u00e9cout\u00e9 le son via Bluetooth sans avoir a change la mini chaine d\u2019origine il est tr\u00e8s facile a installe et tr\u00e8s pratique profiter  D&rsquo;un produit unique sur le march\u00e9 D&rsquo;un produit<br \/>\nsimple \u00e0 installer D&rsquo;un produit invisible une fois install\u00e9vous permettra de profiter partout de votre<br \/>\nmusique et de connecter votre SmartphoneReliez le bluetooth dans un premier temps sur<br \/>\nvotre autoradio puis connectez-le ensuite \u00e0 votre SmartphoneCe Bluetooth est d\u00e9velopp\u00e9 sp\u00e9cifiquement pour<br \/>\nles autoradios<br \/>\nd&rsquo;origine Volkswagen<br \/>\nvous permettra de<br \/>\nconnecter votre Smartphone en Bluetooth \u00e0 votre v\u00e9hicule.<\/p>","protected":false},"excerpt":{"rendered":"<p>Ce kit Bluetooth s\u2019int\u00e8gre \u00e0 l\u2019autoradio d\u2019origine Volkswagen id\u00e9al pour parl\u00e9 au volant vu qil contient un micro professionnelle et permet d\u2019\u00e9cout\u00e9 le son via Bluetooth sans avoir a change la mini chaine d\u2019origine il est tr\u00e8s facile a installe et tr\u00e8s pratique profiter D&rsquo;un produit unique sur le march\u00e9 D&rsquo;un produit simple \u00e0 installer [&hellip;]<\/p>","protected":false},"featured_media":13447,"comment_status":"open","ping_status":"closed","template":"","meta":[],"product_brand":[],"product_cat":[24],"product_tag":[],"class_list":{"0":"post-13440","1":"product","2":"type-product","3":"status-publish","4":"has-post-thumbnail","6":"product_cat-accessoires-interieur","8":"first","9":"instock","10":"sale","11":"shipping-taxable","12":"purchasable","13":"product-type-variable"},"jetpack_sharing_enabled":true,"_links":{"self":[{"href":"https:\/\/autopdz.com\/ar\/wp-json\/wp\/v2\/product\/13440","targetHints":{"allow":["GET"]}}],"collection":[{"href":"https:\/\/autopdz.com\/ar\/wp-json\/wp\/v2\/product"}],"about":[{"href":"https:\/\/autopdz.com\/ar\/wp-json\/wp\/v2\/types\/product"}],"replies":[{"embeddable":true,"href":"https:\/\/autopdz.com\/ar\/wp-json\/wp\/v2\/comments?post=13440"}],"wp:featuredmedia":[{"embeddable":true,"href":"https:\/\/autopdz.com\/ar\/wp-json\/wp\/v2\/media\/13447"}],"wp:attachment":[{"href":"https:\/\/autopdz.com\/ar\/wp-json\/wp\/v2\/media?parent=13440"}],"wp:term":[{"taxonomy":"product_brand","embeddable":true,"href":"https:\/\/autopdz.com\/ar\/wp-json\/wp\/v2\/product_brand?post=13440"},{"taxonomy":"product_cat","embeddable":true,"href":"https:\/\/autopdz.com\/ar\/wp-json\/wp\/v2\/product_cat?post=13440"},{"taxonomy":"product_tag","embeddable":true,"href":"https:\/\/autopdz.com\/ar\/wp-json\/wp\/v2\/product_tag?post=13440"}],"curies":[{"name":"wp","href":"https:\/\/api.w.org\/{rel}","templated":true}]}}