{"id":13560,"date":"2025-04-12T12:44:51","date_gmt":"2025-04-12T11:44:51","guid":{"rendered":"https:\/\/autopdz.com\/product\/led-eclairage-interieur-de-cabine-2pcs-12w\/"},"modified":"2025-05-24T10:29:46","modified_gmt":"2025-05-24T09:29:46","slug":"led-eclairage-interieur-de-cabine-2pcs-12w","status":"publish","type":"product","link":"https:\/\/autopdz.com\/ar\/product\/led-eclairage-interieur-de-cabine-2pcs-12w\/","title":{"rendered":"LED \u00e9clairage int\u00e9rieur de cabine 2Pcs 12W"},"content":{"rendered":"<p>\u00c9clairage int\u00e9rieur pour voiture<\/p>\n<p>Taille : 30 x 4 cm<\/p>\n<p>Puissance : 12 W<\/p>\n<p>Tension : 9-90 V<\/p>\n<p>Fabriqu\u00e9 en Chine<\/p>","protected":false},"excerpt":{"rendered":"<p>\u00c9clairage int\u00e9rieur pour voiture Taille : 30 x 4 cm Puissance : 12 W Tension : 9-90 V Fabriqu\u00e9 en Chine<\/p>","protected":false},"featured_media":13558,"comment_status":"open","ping_status":"closed","template":"","meta":[],"product_brand":[],"product_cat":[23],"product_tag":[],"class_list":{"0":"post-13560","1":"product","2":"type-product","3":"status-publish","4":"has-post-thumbnail","6":"product_cat-eclairage","8":"first","9":"instock","10":"shipping-taxable","11":"purchasable","12":"product-type-simple"},"jetpack_sharing_enabled":true,"_links":{"self":[{"href":"https:\/\/autopdz.com\/ar\/wp-json\/wp\/v2\/product\/13560","targetHints":{"allow":["GET"]}}],"collection":[{"href":"https:\/\/autopdz.com\/ar\/wp-json\/wp\/v2\/product"}],"about":[{"href":"https:\/\/autopdz.com\/ar\/wp-json\/wp\/v2\/types\/product"}],"replies":[{"embeddable":true,"href":"https:\/\/autopdz.com\/ar\/wp-json\/wp\/v2\/comments?post=13560"}],"wp:featuredmedia":[{"embeddable":true,"href":"https:\/\/autopdz.com\/ar\/wp-json\/wp\/v2\/media\/13558"}],"wp:attachment":[{"href":"https:\/\/autopdz.com\/ar\/wp-json\/wp\/v2\/media?parent=13560"}],"wp:term":[{"taxonomy":"product_brand","embeddable":true,"href":"https:\/\/autopdz.com\/ar\/wp-json\/wp\/v2\/product_brand?post=13560"},{"taxonomy":"product_cat","embeddable":true,"href":"https:\/\/autopdz.com\/ar\/wp-json\/wp\/v2\/product_cat?post=13560"},{"taxonomy":"product_tag","embeddable":true,"href":"https:\/\/autopdz.com\/ar\/wp-json\/wp\/v2\/product_tag?post=13560"}],"curies":[{"name":"wp","href":"https:\/\/api.w.org\/{rel}","templated":true}]}}