{"id":13573,"date":"2025-04-12T13:52:08","date_gmt":"2025-04-12T12:52:08","guid":{"rendered":"https:\/\/autopdz.com\/product\/compresseur-double-piston-avec-valise-150psi\/"},"modified":"2026-02-17T13:52:59","modified_gmt":"2026-02-17T12:52:59","slug":"compresseur-double-piston-avec-valise-150psi","status":"publish","type":"product","link":"https:\/\/autopdz.com\/ar\/product\/compresseur-double-piston-avec-valise-150psi\/","title":{"rendered":"Compresseur Double Piston Avec Valise 150Psi"},"content":{"rendered":"<p>Tension<\/p>\n<p>12 volts<\/p>\n<p>Amp\u00e9rage max. :<\/p>\n<p>30 A<\/p>\n<p>Pression max. :<\/p>\n<p>150 psi<\/p>\n<p>Cycle de service max. (\u00e0 23 \u00b0C et 100 psi)<\/p>\n<p>33%<\/p>\n<p>D\u00e9bit \u00e0 0 psi (13,8 volts) :<\/p>\n<p>2,54 pi3\/min<\/p>\n<p>IMPORTANT :<\/p>\n<p>Ce compresseur d&rsquo;air est \u00e9quip\u00e9 d&rsquo;un dispositif de protection contre les surcharges thermiques. Si l&rsquo;appareil s&rsquo;\u00e9teint automatiquement pendant le fonctionnement, n&rsquo;essayez pas de red\u00e9marrer le compresseur. Mettez l&rsquo;interrupteur marche\/arr\u00eat du compresseur en position arr\u00eat. Laissez le compresseur refroidir pendant environ 15 minutes avant de le reprendre.<\/p>\n<p>ATTENTION :<\/p>\n<p>CHAUD. Ne touchez pas le compresseur ou les raccords, \u00e0 l&rsquo;exception de l&rsquo;interrupteur marche\/arr\u00eat, \u00e0 mains nues pendant ou imm\u00e9diatement apr\u00e8s l&rsquo;utilisation<\/p>","protected":false},"excerpt":{"rendered":"<p>Tension 12 volts Amp\u00e9rage max. : 30 A Pression max. : 150 psi Cycle de service max. (\u00e0 23 \u00b0C et 100 psi) 33% D\u00e9bit \u00e0 0 psi (13,8 volts) : 2,54 pi3\/min IMPORTANT : Ce compresseur d&rsquo;air est \u00e9quip\u00e9 d&rsquo;un dispositif de protection contre les surcharges thermiques. Si l&rsquo;appareil s&rsquo;\u00e9teint automatiquement pendant le fonctionnement, [&hellip;]<\/p>","protected":false},"featured_media":16482,"comment_status":"open","ping_status":"closed","template":"","meta":[],"product_brand":[],"product_cat":[26],"product_tag":[],"class_list":{"0":"post-13573","1":"product","2":"type-product","3":"status-publish","4":"has-post-thumbnail","6":"product_cat-accessoires-exterieur","8":"first","9":"instock","10":"sale","11":"shipping-taxable","12":"purchasable","13":"product-type-simple"},"jetpack_sharing_enabled":true,"_links":{"self":[{"href":"https:\/\/autopdz.com\/ar\/wp-json\/wp\/v2\/product\/13573","targetHints":{"allow":["GET"]}}],"collection":[{"href":"https:\/\/autopdz.com\/ar\/wp-json\/wp\/v2\/product"}],"about":[{"href":"https:\/\/autopdz.com\/ar\/wp-json\/wp\/v2\/types\/product"}],"replies":[{"embeddable":true,"href":"https:\/\/autopdz.com\/ar\/wp-json\/wp\/v2\/comments?post=13573"}],"wp:featuredmedia":[{"embeddable":true,"href":"https:\/\/autopdz.com\/ar\/wp-json\/wp\/v2\/media\/16482"}],"wp:attachment":[{"href":"https:\/\/autopdz.com\/ar\/wp-json\/wp\/v2\/media?parent=13573"}],"wp:term":[{"taxonomy":"product_brand","embeddable":true,"href":"https:\/\/autopdz.com\/ar\/wp-json\/wp\/v2\/product_brand?post=13573"},{"taxonomy":"product_cat","embeddable":true,"href":"https:\/\/autopdz.com\/ar\/wp-json\/wp\/v2\/product_cat?post=13573"},{"taxonomy":"product_tag","embeddable":true,"href":"https:\/\/autopdz.com\/ar\/wp-json\/wp\/v2\/product_tag?post=13573"}],"curies":[{"name":"wp","href":"https:\/\/api.w.org\/{rel}","templated":true}]}}