{"id":13611,"date":"2025-04-12T23:25:36","date_gmt":"2025-04-12T22:25:36","guid":{"rendered":"https:\/\/autopdz.com\/product\/sac-de-rangement-multi-poches-siege-auto\/"},"modified":"2025-06-03T12:25:22","modified_gmt":"2025-06-03T11:25:22","slug":"sac-de-rangement-multi-poches-siege-auto","status":"publish","type":"product","link":"https:\/\/autopdz.com\/ar\/product\/sac-de-rangement-multi-poches-siege-auto\/","title":{"rendered":"Sac de rangement multi-poches si\u00e9ge auto"},"content":{"rendered":"<p>Organiseur de si\u00e8ge auto SEAMETAL, sac en cuir PU, organiseur de rangement pour voiture, sac de rangement multi-poches<\/p>\n<p>Sp\u00e9cification:<br \/>\nNom : Sac de rangement multifonctionnel pour voiture<br \/>\nOrigine : Chine Marque : SEAMETAL<br \/>\nMati\u00e8re : Cuir + \u00e9ponge + flanelle Couleur : noir<br \/>\nApplication : Commun \u00e0 tous les mod\u00e8les<br \/>\nFonctions : Sac de rangement + bo\u00eete \u00e0 mouchoirs + porte-gobelet + crochet<\/p>\n<p>Caract\u00e9ristiques:<br \/>\n1. Il peut \u00eatre plac\u00e9 derri\u00e8re le si\u00e8ge pour une protection contre les chocs<br \/>\n2. Simple et facile \u00e0 entretenir, \u00e9galement tr\u00e8s pratique \u00e0 plier, sac de rangement multifonctionnel<br \/>\n3. Pour la banquette arri\u00e8re, pour manger ou regarder un film en voyage.<\/p>\n<p>Le forfait comprend :<br \/>\nSac de rangement pour dossier de si\u00e8ge de voiture 1 pi\u00e8ce<\/p>","protected":false},"excerpt":{"rendered":"<p>Organiseur de si\u00e8ge auto SEAMETAL, sac en cuir PU, organiseur de rangement pour voiture, sac de rangement multi-poches Sp\u00e9cification: Nom : Sac de rangement multifonctionnel pour voiture Origine : Chine Marque : SEAMETAL Mati\u00e8re : Cuir + \u00e9ponge + flanelle Couleur : noir Application : Commun \u00e0 tous les mod\u00e8les Fonctions : Sac de rangement [&hellip;]<\/p>","protected":false},"featured_media":13606,"comment_status":"open","ping_status":"closed","template":"","meta":[],"product_brand":[],"product_cat":[24],"product_tag":[],"class_list":{"0":"post-13611","1":"product","2":"type-product","3":"status-publish","4":"has-post-thumbnail","6":"product_cat-accessoires-interieur","8":"first","9":"instock","10":"shipping-taxable","11":"purchasable","12":"product-type-simple"},"jetpack_sharing_enabled":true,"_links":{"self":[{"href":"https:\/\/autopdz.com\/ar\/wp-json\/wp\/v2\/product\/13611","targetHints":{"allow":["GET"]}}],"collection":[{"href":"https:\/\/autopdz.com\/ar\/wp-json\/wp\/v2\/product"}],"about":[{"href":"https:\/\/autopdz.com\/ar\/wp-json\/wp\/v2\/types\/product"}],"replies":[{"embeddable":true,"href":"https:\/\/autopdz.com\/ar\/wp-json\/wp\/v2\/comments?post=13611"}],"wp:featuredmedia":[{"embeddable":true,"href":"https:\/\/autopdz.com\/ar\/wp-json\/wp\/v2\/media\/13606"}],"wp:attachment":[{"href":"https:\/\/autopdz.com\/ar\/wp-json\/wp\/v2\/media?parent=13611"}],"wp:term":[{"taxonomy":"product_brand","embeddable":true,"href":"https:\/\/autopdz.com\/ar\/wp-json\/wp\/v2\/product_brand?post=13611"},{"taxonomy":"product_cat","embeddable":true,"href":"https:\/\/autopdz.com\/ar\/wp-json\/wp\/v2\/product_cat?post=13611"},{"taxonomy":"product_tag","embeddable":true,"href":"https:\/\/autopdz.com\/ar\/wp-json\/wp\/v2\/product_tag?post=13611"}],"curies":[{"name":"wp","href":"https:\/\/api.w.org\/{rel}","templated":true}]}}