{"id":13648,"date":"2025-04-13T13:33:18","date_gmt":"2025-04-13T12:33:18","guid":{"rendered":"https:\/\/autopdz.com\/product\/nettoyant-radiateur-atq-germany-300ml\/"},"modified":"2025-04-13T13:33:18","modified_gmt":"2025-04-13T12:33:18","slug":"nettoyant-radiateur-atq-germany-300ml","status":"publish","type":"product","link":"https:\/\/autopdz.com\/ar\/product\/nettoyant-radiateur-atq-germany-300ml\/","title":{"rendered":"Nettoyant Radiateur ATQ Germany 300ml"},"content":{"rendered":"<p>UTILISATION<\/p>\n<p>Ajouter le produit au liquide de refroidissement. D\u00e9marrez le moteur, ouvrez la vanne de chauffage et faites toumer le moteur pendant 20 \u00e0 30 minutes. Vidange: compl\u00e8tement le syst\u00e8me, rincez \u00e0 l&rsquo;eau douce et remplissez de liquide de refroidissement. Suffisant pour traiter un syst\u00e8me de refroidissement de 5 \u00e0 9 litres.<\/p>","protected":false},"excerpt":{"rendered":"<p>UTILISATION Ajouter le produit au liquide de refroidissement. D\u00e9marrez le moteur, ouvrez la vanne de chauffage et faites toumer le moteur pendant 20 \u00e0 30 minutes. Vidange: compl\u00e8tement le syst\u00e8me, rincez \u00e0 l&rsquo;eau douce et remplissez de liquide de refroidissement. Suffisant pour traiter un syst\u00e8me de refroidissement de 5 \u00e0 9 litres.<\/p>","protected":false},"featured_media":13646,"comment_status":"open","ping_status":"closed","template":"","meta":[],"product_brand":[],"product_cat":[24],"product_tag":[],"class_list":{"0":"post-13648","1":"product","2":"type-product","3":"status-publish","4":"has-post-thumbnail","6":"product_cat-accessoires-interieur","8":"first","9":"instock","10":"shipping-taxable","11":"purchasable","12":"product-type-simple"},"jetpack_sharing_enabled":true,"_links":{"self":[{"href":"https:\/\/autopdz.com\/ar\/wp-json\/wp\/v2\/product\/13648","targetHints":{"allow":["GET"]}}],"collection":[{"href":"https:\/\/autopdz.com\/ar\/wp-json\/wp\/v2\/product"}],"about":[{"href":"https:\/\/autopdz.com\/ar\/wp-json\/wp\/v2\/types\/product"}],"replies":[{"embeddable":true,"href":"https:\/\/autopdz.com\/ar\/wp-json\/wp\/v2\/comments?post=13648"}],"wp:featuredmedia":[{"embeddable":true,"href":"https:\/\/autopdz.com\/ar\/wp-json\/wp\/v2\/media\/13646"}],"wp:attachment":[{"href":"https:\/\/autopdz.com\/ar\/wp-json\/wp\/v2\/media?parent=13648"}],"wp:term":[{"taxonomy":"product_brand","embeddable":true,"href":"https:\/\/autopdz.com\/ar\/wp-json\/wp\/v2\/product_brand?post=13648"},{"taxonomy":"product_cat","embeddable":true,"href":"https:\/\/autopdz.com\/ar\/wp-json\/wp\/v2\/product_cat?post=13648"},{"taxonomy":"product_tag","embeddable":true,"href":"https:\/\/autopdz.com\/ar\/wp-json\/wp\/v2\/product_tag?post=13648"}],"curies":[{"name":"wp","href":"https:\/\/api.w.org\/{rel}","templated":true}]}}