{"id":13930,"date":"2025-04-17T13:53:09","date_gmt":"2025-04-17T12:53:09","guid":{"rendered":"https:\/\/autopdz.com\/product\/mini-loupe-prilight-p16-h4-150w\/"},"modified":"2025-09-28T15:21:22","modified_gmt":"2025-09-28T14:21:22","slug":"mini-loupe-prilight-p16-h4-150w","status":"publish","type":"product","link":"https:\/\/autopdz.com\/ar\/product\/mini-loupe-prilight-p16-h4-150w\/","title":{"rendered":"Mini Loupe Prilight P16 H4 150W"},"content":{"rendered":"<p>CARACT\u00c9RISTIQUES DU PRODUIT<\/p>\n<p>Tension de fonctionnement<\/p>\n<p>9-32 V CC<\/p>\n<p>IP65<\/p>\n<p>Indice de protection<\/p>\n<p>Mod\u00e8le de source lumineuse<\/p>\n<p>7535&amp;1860<\/p>\n<p>Temp\u00e9rature de couleur<\/p>\n<p>6500 K<\/p>\n<p>Th\u00e9orie de la dissipation thermique<\/p>\n<p>Alliage de zinc et Al6063<\/p>\n<p>Dur\u00e9e de vie<\/p>\n<p>&gt; 30 000 h<\/p>\n<p>Temp\u00e9rature de fonctionnement<\/p>\n<p>-40 \u00b0C \u00e0 +80 \u00b0C<\/p>\n<p>VISION PLUS LARGE<\/p>\n<p>16000LM<\/p>","protected":false},"excerpt":{"rendered":"<p>CARACT\u00c9RISTIQUES DU PRODUIT Tension de fonctionnement 9-32 V CC IP65 Indice de protection Mod\u00e8le de source lumineuse 7535&amp;1860 Temp\u00e9rature de couleur 6500 K Th\u00e9orie de la dissipation thermique Alliage de zinc et Al6063 Dur\u00e9e de vie &gt; 30 000 h Temp\u00e9rature de fonctionnement -40 \u00b0C \u00e0 +80 \u00b0C VISION PLUS LARGE 16000LM<\/p>","protected":false},"featured_media":13927,"comment_status":"open","ping_status":"closed","template":"","meta":[],"product_brand":[],"product_cat":[23],"product_tag":[],"class_list":{"0":"post-13930","1":"product","2":"type-product","3":"status-publish","4":"has-post-thumbnail","6":"product_cat-eclairage","8":"first","9":"outofstock","10":"shipping-taxable","11":"purchasable","12":"product-type-simple"},"jetpack_sharing_enabled":true,"_links":{"self":[{"href":"https:\/\/autopdz.com\/ar\/wp-json\/wp\/v2\/product\/13930","targetHints":{"allow":["GET"]}}],"collection":[{"href":"https:\/\/autopdz.com\/ar\/wp-json\/wp\/v2\/product"}],"about":[{"href":"https:\/\/autopdz.com\/ar\/wp-json\/wp\/v2\/types\/product"}],"replies":[{"embeddable":true,"href":"https:\/\/autopdz.com\/ar\/wp-json\/wp\/v2\/comments?post=13930"}],"wp:featuredmedia":[{"embeddable":true,"href":"https:\/\/autopdz.com\/ar\/wp-json\/wp\/v2\/media\/13927"}],"wp:attachment":[{"href":"https:\/\/autopdz.com\/ar\/wp-json\/wp\/v2\/media?parent=13930"}],"wp:term":[{"taxonomy":"product_brand","embeddable":true,"href":"https:\/\/autopdz.com\/ar\/wp-json\/wp\/v2\/product_brand?post=13930"},{"taxonomy":"product_cat","embeddable":true,"href":"https:\/\/autopdz.com\/ar\/wp-json\/wp\/v2\/product_cat?post=13930"},{"taxonomy":"product_tag","embeddable":true,"href":"https:\/\/autopdz.com\/ar\/wp-json\/wp\/v2\/product_tag?post=13930"}],"curies":[{"name":"wp","href":"https:\/\/api.w.org\/{rel}","templated":true}]}}