{"id":13936,"date":"2025-04-17T14:11:45","date_gmt":"2025-04-17T13:11:45","guid":{"rendered":"https:\/\/autopdz.com\/product\/systeme-de-commande-a-distance-topsystem\/"},"modified":"2025-04-17T14:11:45","modified_gmt":"2025-04-17T13:11:45","slug":"systeme-de-commande-a-distance-topsystem","status":"publish","type":"product","link":"https:\/\/autopdz.com\/ar\/product\/systeme-de-commande-a-distance-topsystem\/","title":{"rendered":"Syst\u00e8me de commande \u00e0 distance TOPSYSTEM"},"content":{"rendered":"<p>SYST\u00c8ME DE VERROUILLAGE CENTRALIS\u00c9 DES PORTES \u00c0 T\u00c9L\u00c9COMMANDE<\/p>\n<p>1. VERROUILLAGE \u00c0 T\u00c9L\u00c9COMMANDE<\/p>\n<p>MANUEL D&rsquo;UTILISATION<\/p>\n<p>Appuyez sur le bouton de verrouillage, les feux de la voiture clignotent une fois, la porti\u00e8re se verrouille et la LED commence \u00e0 clignoter lentement.<\/p>\n<p>2. D\u00c9VERROUILLAGE \u00c0 T\u00c9L\u00c9COMMANDE<\/p>\n<p>Appuyez sur le bouton de d\u00e9verrouillage, les feux de la voiture clignotent 3 fois, la porti\u00e8re se d\u00e9verrouille.<\/p>\n<p>3. ANNULATION DU CODE \u00c0 T\u00c9L\u00c9COMMANDE<\/p>\n<p>Appuyez sur le commutateur de code sur la carte de l&rsquo;unit\u00e9 principale et maintenez-le enfonc\u00e9 pendant 3 secondes. La LED clignote 2 fois, indiquant que tous les codes \u00e0 distance sont annul\u00e9s.<\/p>\n<p>4. APPRENTISSAGE DU CODE \u00c0 T\u00c9L\u00c9COMMANDE<\/p>\n<p>Appuyez sur le bouton de code sur la carte de l&rsquo;unit\u00e9 principale et maintenez-le enfonc\u00e9 pendant 1 seconde. La LED clignote une fois pour entrer en mode d&rsquo;apprentissage du code. Appuyez ensuite sur pour la t\u00e9l\u00e9commande. La LED clignote 2 fois, indiquant que l&rsquo;apprentissage du code a r\u00e9ussi.<\/p>\n<p>Remarque : Ce syst\u00e8me peut \u00eatre programm\u00e9 pour jusqu&rsquo;\u00e0 2 t\u00e9l\u00e9commandes.<\/p>","protected":false},"excerpt":{"rendered":"<p>SYST\u00c8ME DE VERROUILLAGE CENTRALIS\u00c9 DES PORTES \u00c0 T\u00c9L\u00c9COMMANDE 1. VERROUILLAGE \u00c0 T\u00c9L\u00c9COMMANDE MANUEL D&rsquo;UTILISATION Appuyez sur le bouton de verrouillage, les feux de la voiture clignotent une fois, la porti\u00e8re se verrouille et la LED commence \u00e0 clignoter lentement. 2. D\u00c9VERROUILLAGE \u00c0 T\u00c9L\u00c9COMMANDE Appuyez sur le bouton de d\u00e9verrouillage, les feux de la voiture clignotent [&hellip;]<\/p>","protected":false},"featured_media":13934,"comment_status":"open","ping_status":"closed","template":"","meta":[],"product_brand":[],"product_cat":[26,24],"product_tag":[],"class_list":{"0":"post-13936","1":"product","2":"type-product","3":"status-publish","4":"has-post-thumbnail","6":"product_cat-accessoires-exterieur","7":"product_cat-accessoires-interieur","9":"first","10":"instock","11":"shipping-taxable","12":"purchasable","13":"product-type-simple"},"jetpack_sharing_enabled":true,"_links":{"self":[{"href":"https:\/\/autopdz.com\/ar\/wp-json\/wp\/v2\/product\/13936","targetHints":{"allow":["GET"]}}],"collection":[{"href":"https:\/\/autopdz.com\/ar\/wp-json\/wp\/v2\/product"}],"about":[{"href":"https:\/\/autopdz.com\/ar\/wp-json\/wp\/v2\/types\/product"}],"replies":[{"embeddable":true,"href":"https:\/\/autopdz.com\/ar\/wp-json\/wp\/v2\/comments?post=13936"}],"wp:featuredmedia":[{"embeddable":true,"href":"https:\/\/autopdz.com\/ar\/wp-json\/wp\/v2\/media\/13934"}],"wp:attachment":[{"href":"https:\/\/autopdz.com\/ar\/wp-json\/wp\/v2\/media?parent=13936"}],"wp:term":[{"taxonomy":"product_brand","embeddable":true,"href":"https:\/\/autopdz.com\/ar\/wp-json\/wp\/v2\/product_brand?post=13936"},{"taxonomy":"product_cat","embeddable":true,"href":"https:\/\/autopdz.com\/ar\/wp-json\/wp\/v2\/product_cat?post=13936"},{"taxonomy":"product_tag","embeddable":true,"href":"https:\/\/autopdz.com\/ar\/wp-json\/wp\/v2\/product_tag?post=13936"}],"curies":[{"name":"wp","href":"https:\/\/api.w.org\/{rel}","templated":true}]}}