{"id":14074,"date":"2025-04-19T13:58:03","date_gmt":"2025-04-19T12:58:03","guid":{"rendered":"https:\/\/autopdz.com\/product\/bluetooth-et-chargeur-de-voiture-fast-retractable-4en1-120-w\/"},"modified":"2025-08-30T14:17:29","modified_gmt":"2025-08-30T13:17:29","slug":"bluetooth-et-chargeur-de-voiture-fast-retractable-4en1-120-w","status":"publish","type":"product","link":"https:\/\/autopdz.com\/ar\/product\/bluetooth-et-chargeur-de-voiture-fast-retractable-4en1-120-w\/","title":{"rendered":"Bluetooth et Chargeur de Voiture Fast  R\u00e9tractable 4en1 120 W"},"content":{"rendered":"<p>Description<\/p>\n<p>1. Appels mains libres Bluetooth<\/p>\n<p>2. Annulation d&rsquo;\u00e9cho et traitement du bruit pendant les appels<\/p>\n<p>3. Technologie de transmission st\u00e9r\u00e9o Bluetooth et FM<\/p>\n<p>4. Prise en charge de la fonction USB\/Bluetooth<\/p>\n<p>5. Prise en charge de son au format MP3<\/p>\n<p>6. Fonction de m\u00e9moire d&rsquo;arr\u00eat automatique<\/p>\n<p>7. Alimentation allume-cigare : alimentation DC12V-24V<\/p>\n<p>8. Version Bluetooth 5.3Fr\u00e9quence de transmission FM : 87,5-108 MHz<\/p>\n<p>9. D\u00e9tection de tension<\/p>\n<p>10. Longueur r\u00e9tractable du c\u00e2ble r\u00e9tractable : environ 800 mm<\/p>\n<p>11. 2 c\u00e2bles de charge r\u00e9tractables int\u00e9gr\u00e9s<\/p>\n<p>Sp\u00e9cification<\/p>\n<p>Nom du mod\u00e8le : Chargeur de voiture rapide Car-Y3 Mat\u00e9riau du produit : ABS + PC<\/p>\n<p>Version Bluetooth : 5.3 Puissance du produit : Max 120 W<\/p>\n<p>Longueur de la ligne extensible : 800 mm<\/p>\n<p>Tension d&rsquo;entr\u00e9e : 12-24 V<\/p>\n<p>Sortie t\u00e9l\u00e9phone : 5 V\/3,1 A<\/p>\n<p>Sortie USB : 5 V\/3,1 A<\/p>\n<p>Sortie Type-C : prise en charge de la charge ultra-rapide (max. 100 W)<\/p>","protected":false},"excerpt":{"rendered":"<p>Description 1. Appels mains libres Bluetooth 2. Annulation d&rsquo;\u00e9cho et traitement du bruit pendant les appels 3. Technologie de transmission st\u00e9r\u00e9o Bluetooth et FM 4. Prise en charge de la fonction USB\/Bluetooth 5. Prise en charge de son au format MP3 6. Fonction de m\u00e9moire d&rsquo;arr\u00eat automatique 7. Alimentation allume-cigare : alimentation DC12V-24V 8. Version [&hellip;]<\/p>","protected":false},"featured_media":14070,"comment_status":"open","ping_status":"closed","template":"","meta":[],"product_brand":[],"product_cat":[24],"product_tag":[],"class_list":{"0":"post-14074","1":"product","2":"type-product","3":"status-publish","4":"has-post-thumbnail","6":"product_cat-accessoires-interieur","8":"first","9":"instock","10":"shipping-taxable","11":"purchasable","12":"product-type-simple"},"jetpack_sharing_enabled":true,"_links":{"self":[{"href":"https:\/\/autopdz.com\/ar\/wp-json\/wp\/v2\/product\/14074","targetHints":{"allow":["GET"]}}],"collection":[{"href":"https:\/\/autopdz.com\/ar\/wp-json\/wp\/v2\/product"}],"about":[{"href":"https:\/\/autopdz.com\/ar\/wp-json\/wp\/v2\/types\/product"}],"replies":[{"embeddable":true,"href":"https:\/\/autopdz.com\/ar\/wp-json\/wp\/v2\/comments?post=14074"}],"wp:featuredmedia":[{"embeddable":true,"href":"https:\/\/autopdz.com\/ar\/wp-json\/wp\/v2\/media\/14070"}],"wp:attachment":[{"href":"https:\/\/autopdz.com\/ar\/wp-json\/wp\/v2\/media?parent=14074"}],"wp:term":[{"taxonomy":"product_brand","embeddable":true,"href":"https:\/\/autopdz.com\/ar\/wp-json\/wp\/v2\/product_brand?post=14074"},{"taxonomy":"product_cat","embeddable":true,"href":"https:\/\/autopdz.com\/ar\/wp-json\/wp\/v2\/product_cat?post=14074"},{"taxonomy":"product_tag","embeddable":true,"href":"https:\/\/autopdz.com\/ar\/wp-json\/wp\/v2\/product_tag?post=14074"}],"curies":[{"name":"wp","href":"https:\/\/api.w.org\/{rel}","templated":true}]}}