{"id":14116,"date":"2025-04-20T09:49:26","date_gmt":"2025-04-20T08:49:26","guid":{"rendered":"https:\/\/autopdz.com\/product\/coussin-en-mousse-a-memoire\/"},"modified":"2025-07-19T15:53:21","modified_gmt":"2025-07-19T14:53:21","slug":"coussin-en-mousse-a-memoire","status":"publish","type":"product","link":"https:\/\/autopdz.com\/ar\/product\/coussin-en-mousse-a-memoire\/","title":{"rendered":"Coussin en mousse \u00e0 m\u00e9moire"},"content":{"rendered":"<p>\u2749Ce coussin d&rsquo;assise ergonomique offre un soutien et un confort optimaux tout en r\u00e9duisant la pression, favorisant une bonne position assise.<br \/>\n\u2749Ce coussin d&rsquo;assise en gel, compos\u00e9 de mousse \u00e0 m\u00e9moire de forme liquide, ajoutera instantan\u00e9ment du confort \u00e0 votre si\u00e8ge ou \u00e0 votre voiture. Il soulage les tensions musculaires et est tr\u00e8s utile pour les personnes souffrant d&rsquo;\u0153d\u00e8mes aux jambes apr\u00e8s de longues p\u00e9riodes assises au bureau ou en voiture.<br \/>\n\u2749Pourquoi choisir ce coussin d&rsquo;assise : \u00c9paisseur mod\u00e9r\u00e9e : 3,6 cm. Il est trop \u00e9pais, inconfortable, trop fin, voire inexistant. Le personnel choisira l&rsquo;\u00e9paisseur appropri\u00e9e apr\u00e8s utilisation. Sa douceur est parfaite, ni trop dure, ni trop molle.<br \/>\n\u2749La coupe respirante du coussin favorise la circulation de l&rsquo;air entre la peau et le coussin. M\u00eame en position assise prolong\u00e9e, il ne g\u00e9n\u00e8re aucune sensation d&rsquo;humidit\u00e9 ni d&rsquo;inconfort.<br \/>\n\u2749Ce coussin d&rsquo;assise en mousse \u00e0 m\u00e9moire de forme est pliable, facile \u00e0 transporter et peut \u00eatre utilis\u00e9 \u00e0 la maison, au bureau, en voiture ou en ext\u00e9rieur.<\/p>","protected":false},"excerpt":{"rendered":"<p>\u2749Ce coussin d&rsquo;assise ergonomique offre un soutien et un confort optimaux tout en r\u00e9duisant la pression, favorisant une bonne position assise. \u2749Ce coussin d&rsquo;assise en gel, compos\u00e9 de mousse \u00e0 m\u00e9moire de forme liquide, ajoutera instantan\u00e9ment du confort \u00e0 votre si\u00e8ge ou \u00e0 votre voiture. Il soulage les tensions musculaires et est tr\u00e8s utile pour [&hellip;]<\/p>","protected":false},"featured_media":14111,"comment_status":"open","ping_status":"closed","template":"","meta":[],"product_brand":[],"product_cat":[24],"product_tag":[],"class_list":{"0":"post-14116","1":"product","2":"type-product","3":"status-publish","4":"has-post-thumbnail","6":"product_cat-accessoires-interieur","8":"first","9":"outofstock","10":"sale","11":"shipping-taxable","12":"purchasable","13":"product-type-simple"},"jetpack_sharing_enabled":true,"_links":{"self":[{"href":"https:\/\/autopdz.com\/ar\/wp-json\/wp\/v2\/product\/14116","targetHints":{"allow":["GET"]}}],"collection":[{"href":"https:\/\/autopdz.com\/ar\/wp-json\/wp\/v2\/product"}],"about":[{"href":"https:\/\/autopdz.com\/ar\/wp-json\/wp\/v2\/types\/product"}],"replies":[{"embeddable":true,"href":"https:\/\/autopdz.com\/ar\/wp-json\/wp\/v2\/comments?post=14116"}],"wp:featuredmedia":[{"embeddable":true,"href":"https:\/\/autopdz.com\/ar\/wp-json\/wp\/v2\/media\/14111"}],"wp:attachment":[{"href":"https:\/\/autopdz.com\/ar\/wp-json\/wp\/v2\/media?parent=14116"}],"wp:term":[{"taxonomy":"product_brand","embeddable":true,"href":"https:\/\/autopdz.com\/ar\/wp-json\/wp\/v2\/product_brand?post=14116"},{"taxonomy":"product_cat","embeddable":true,"href":"https:\/\/autopdz.com\/ar\/wp-json\/wp\/v2\/product_cat?post=14116"},{"taxonomy":"product_tag","embeddable":true,"href":"https:\/\/autopdz.com\/ar\/wp-json\/wp\/v2\/product_tag?post=14116"}],"curies":[{"name":"wp","href":"https:\/\/api.w.org\/{rel}","templated":true}]}}