{"id":14128,"date":"2025-04-20T12:05:40","date_gmt":"2025-04-20T11:05:40","guid":{"rendered":"https:\/\/autopdz.com\/product\/pommeau-boule-vitesse-soufflet-ibiza-iv\/"},"modified":"2025-08-30T07:48:54","modified_gmt":"2025-08-30T06:48:54","slug":"pommeau-boule-vitesse-soufflet-ibiza-iv","status":"publish","type":"product","link":"https:\/\/autopdz.com\/ar\/product\/pommeau-boule-vitesse-soufflet-ibiza-iv\/","title":{"rendered":"Pommeau Boule Vitesse + Soufflet IBIZA IV"},"content":{"rendered":"<p>[Mat\u00e9riau] : la poign\u00e9e du pommeau de levier de vitesse est fabriqu\u00e9e en mat\u00e9riau ABS, r\u00e9sistant \u00e0 l&rsquo;usure, robuste et durable. La conception ergonomique et la conception de la surface antid\u00e9rapante garantissent que vous conduisez plus confortablement.<br \/>\n[Caract\u00e9ristiques] : le pommeau du levier de vitesses est con\u00e7u de mani\u00e8re ergonomique, ce qui rend la conduite plus confortable, les changements de vitesse plus rapides et plus fluides, et am\u00e9liore l&rsquo;exp\u00e9rience de conduite et le contr\u00f4le.<br \/>\n[Installation] : l&rsquo;installation et le retrait de ce pommeau de levier de vitesse sont tr\u00e8s pratiques et rapides, et l&rsquo;op\u00e9ration est simple. Retirez simplement l&rsquo;ancien bouton et vissez le bouton achet\u00e9.<br \/>\nR\u00e9glage pratique : le pommeau de levier de vitesse de voiture, pratique pour changer de vitesse, peut vous apporter une exp\u00e9rience d&rsquo;utilisation fluide.<br \/>\nService : nous sommes responsables de nos produits et croyons en la qualit\u00e9 des produits. Des fonctions professionnelles et une haute fiabilit\u00e9 vous apporteront une exp\u00e9rience diff\u00e9rente et garantiront la satisfaction de chaque client. Si vous avez des questions sur nos produits, nous vous aiderons toujours \u00e0 les r\u00e9soudre.<\/p>","protected":false},"excerpt":{"rendered":"<p>[Mat\u00e9riau] : la poign\u00e9e du pommeau de levier de vitesse est fabriqu\u00e9e en mat\u00e9riau ABS, r\u00e9sistant \u00e0 l&rsquo;usure, robuste et durable. La conception ergonomique et la conception de la surface antid\u00e9rapante garantissent que vous conduisez plus confortablement. [Caract\u00e9ristiques] : le pommeau du levier de vitesses est con\u00e7u de mani\u00e8re ergonomique, ce qui rend la conduite [&hellip;]<\/p>","protected":false},"featured_media":14126,"comment_status":"open","ping_status":"closed","template":"","meta":[],"product_brand":[],"product_cat":[24],"product_tag":[],"class_list":{"0":"post-14128","1":"product","2":"type-product","3":"status-publish","4":"has-post-thumbnail","6":"product_cat-accessoires-interieur","8":"first","9":"outofstock","10":"shipping-taxable","11":"purchasable","12":"product-type-simple"},"jetpack_sharing_enabled":true,"_links":{"self":[{"href":"https:\/\/autopdz.com\/ar\/wp-json\/wp\/v2\/product\/14128","targetHints":{"allow":["GET"]}}],"collection":[{"href":"https:\/\/autopdz.com\/ar\/wp-json\/wp\/v2\/product"}],"about":[{"href":"https:\/\/autopdz.com\/ar\/wp-json\/wp\/v2\/types\/product"}],"replies":[{"embeddable":true,"href":"https:\/\/autopdz.com\/ar\/wp-json\/wp\/v2\/comments?post=14128"}],"wp:featuredmedia":[{"embeddable":true,"href":"https:\/\/autopdz.com\/ar\/wp-json\/wp\/v2\/media\/14126"}],"wp:attachment":[{"href":"https:\/\/autopdz.com\/ar\/wp-json\/wp\/v2\/media?parent=14128"}],"wp:term":[{"taxonomy":"product_brand","embeddable":true,"href":"https:\/\/autopdz.com\/ar\/wp-json\/wp\/v2\/product_brand?post=14128"},{"taxonomy":"product_cat","embeddable":true,"href":"https:\/\/autopdz.com\/ar\/wp-json\/wp\/v2\/product_cat?post=14128"},{"taxonomy":"product_tag","embeddable":true,"href":"https:\/\/autopdz.com\/ar\/wp-json\/wp\/v2\/product_tag?post=14128"}],"curies":[{"name":"wp","href":"https:\/\/api.w.org\/{rel}","templated":true}]}}