{"id":14131,"date":"2025-04-20T12:16:39","date_gmt":"2025-04-20T11:16:39","guid":{"rendered":"https:\/\/autopdz.com\/product\/levier-de-vitesse-adaptable-sur-vw-golf-5-et-6-gti-gtd-r32\/"},"modified":"2026-02-05T16:53:56","modified_gmt":"2026-02-05T15:53:56","slug":"levier-de-vitesse-adaptable-sur-vw-golf-5-et-6-gti-gtd-r32","status":"publish","type":"product","link":"https:\/\/autopdz.com\/ar\/product\/levier-de-vitesse-adaptable-sur-vw-golf-5-et-6-gti-gtd-r32\/","title":{"rendered":"Levier de vitesse adaptable sur Vw Golf 5 et 6 GTI, GTD, R32"},"content":{"rendered":"<p>Description :<\/p>\n<p>Levier de vitesse complet pour Volkswagen Golf 5 et Golf 6<\/p>\n<p>Caract\u00e9ristiques :<\/p>\n<p>&#8211; Installation facile, sans aucune modification<\/p>\n<p>Contenu :<\/p>\n<p>&#8211; Pommeau de vitesse 5 ou 6 vitesses (choisir dans le menu d\u00e9roulant)<\/p>\n<p>&#8211; Soufflet en cuir synth\u00e9tique<\/p>\n<p>&#8211; Bague de serrage<\/p>\n<p>Compatibilit\u00e9 :<\/p>\n<p>VW Golf 6 GTI, GTD et R20 de 2009-2013<br \/>\nVW Golf 5 R32, GTD et GTI de 2004-2009<\/p>","protected":false},"excerpt":{"rendered":"<p>Description : Levier de vitesse complet pour Volkswagen Golf 5 et Golf 6 Caract\u00e9ristiques : &#8211; Installation facile, sans aucune modification Contenu : &#8211; Pommeau de vitesse 5 ou 6 vitesses (choisir dans le menu d\u00e9roulant) &#8211; Soufflet en cuir synth\u00e9tique &#8211; Bague de serrage Compatibilit\u00e9 : VW Golf 6 GTI, GTD et R20 de [&hellip;]<\/p>","protected":false},"featured_media":14130,"comment_status":"open","ping_status":"closed","template":"","meta":[],"product_brand":[],"product_cat":[24],"product_tag":[],"class_list":{"0":"post-14131","1":"product","2":"type-product","3":"status-publish","4":"has-post-thumbnail","6":"product_cat-accessoires-interieur","8":"first","9":"instock","10":"sale","11":"shipping-taxable","12":"purchasable","13":"product-type-simple"},"jetpack_sharing_enabled":true,"_links":{"self":[{"href":"https:\/\/autopdz.com\/ar\/wp-json\/wp\/v2\/product\/14131","targetHints":{"allow":["GET"]}}],"collection":[{"href":"https:\/\/autopdz.com\/ar\/wp-json\/wp\/v2\/product"}],"about":[{"href":"https:\/\/autopdz.com\/ar\/wp-json\/wp\/v2\/types\/product"}],"replies":[{"embeddable":true,"href":"https:\/\/autopdz.com\/ar\/wp-json\/wp\/v2\/comments?post=14131"}],"wp:featuredmedia":[{"embeddable":true,"href":"https:\/\/autopdz.com\/ar\/wp-json\/wp\/v2\/media\/14130"}],"wp:attachment":[{"href":"https:\/\/autopdz.com\/ar\/wp-json\/wp\/v2\/media?parent=14131"}],"wp:term":[{"taxonomy":"product_brand","embeddable":true,"href":"https:\/\/autopdz.com\/ar\/wp-json\/wp\/v2\/product_brand?post=14131"},{"taxonomy":"product_cat","embeddable":true,"href":"https:\/\/autopdz.com\/ar\/wp-json\/wp\/v2\/product_cat?post=14131"},{"taxonomy":"product_tag","embeddable":true,"href":"https:\/\/autopdz.com\/ar\/wp-json\/wp\/v2\/product_tag?post=14131"}],"curies":[{"name":"wp","href":"https:\/\/api.w.org\/{rel}","templated":true}]}}