{"id":14248,"date":"2025-04-21T18:15:58","date_gmt":"2025-04-21T17:15:58","guid":{"rendered":"https:\/\/autopdz.com\/product\/compresseur-dair-pour-voiture-4x4-tout-terrain-150-litres-par-minute\/"},"modified":"2025-11-01T11:05:58","modified_gmt":"2025-11-01T10:05:58","slug":"compresseur-dair-pour-voiture-4x4-tout-terrain-150-litres-par-minute","status":"publish","type":"product","link":"https:\/\/autopdz.com\/ar\/product\/compresseur-dair-pour-voiture-4x4-tout-terrain-150-litres-par-minute\/","title":{"rendered":"Compresseur d&rsquo;air pour voiture 4&#215;4 tout-terrain, 150 litres par minute"},"content":{"rendered":"<p>Compresseur d&rsquo;air prim\u00e9.<br \/>\nMont\u00e9 de fa\u00e7on permanente dans le bo\u00eetier d&rsquo;une bo\u00eete \u00e0 munitions en m\u00e9tal robuste.<br \/>\nProt\u00e8ge parfaitement le compresseur.<br \/>\nId\u00e9al comme rangement lorsqu&rsquo;il n&rsquo;est pas utilis\u00e9.<br \/>\n150 PSI \/ 1034 kPa.<br \/>\nD\u00e9bit d&rsquo;air libre de 150 litres par minute.<br \/>\n\u00c9quip\u00e9 de protections contre les surcharges thermiques et d&rsquo;un disjoncteur.<br \/>\nDimensions des pneus : 205\/60R16.<br \/>\nPression : 0 \u00e0 56 PSI \/ 385 kPA.<br \/>\nTemps de gonflage : environ 2,5 minutes.<br \/>\nDimensions des pneus : 275\/70R16.<br \/>\nPression : 0 \u00e0 56 PSI \/ 385 kPA.<br \/>\nTemps de gonflage : environ 5,5 minutes.<br \/>\nTuyau en caoutchouc de 5 m\u00e8tres.<br \/>\nConnecteur rapide.<br \/>\nValve de pneu sp\u00e9ciale permettant un gonflage\/d\u00e9gonflage mains libres.<br \/>\nManom\u00e8tre en ligne de 50 mm de diam\u00e8tre, calibr\u00e9 en kPa et PSI.<br \/>\nInterrupteur marche\/arr\u00eat int\u00e9gr\u00e9.<br \/>\nDisjoncteur int\u00e9gr\u00e9.<br \/>\nBouton de r\u00e9initialisation.<br \/>\nC\u00e2ble d&rsquo;alimentation 12 V de 2,4 m.<br \/>\nEmbouts de gonflage assortis.<br \/>\nBac \u00e0 sable en m\u00e9tal.<br \/>\nPinces de batterie robustes.<br \/>\nPoign\u00e9e de transport robuste.<\/p>","protected":false},"excerpt":{"rendered":"<p>Compresseur d&rsquo;air prim\u00e9. Mont\u00e9 de fa\u00e7on permanente dans le bo\u00eetier d&rsquo;une bo\u00eete \u00e0 munitions en m\u00e9tal robuste. Prot\u00e8ge parfaitement le compresseur. Id\u00e9al comme rangement lorsqu&rsquo;il n&rsquo;est pas utilis\u00e9. 150 PSI \/ 1034 kPa. D\u00e9bit d&rsquo;air libre de 150 litres par minute. \u00c9quip\u00e9 de protections contre les surcharges thermiques et d&rsquo;un disjoncteur. Dimensions des pneus : [&hellip;]<\/p>","protected":false},"featured_media":14243,"comment_status":"open","ping_status":"closed","template":"","meta":[],"product_brand":[],"product_cat":[26,24],"product_tag":[],"class_list":{"0":"post-14248","1":"product","2":"type-product","3":"status-publish","4":"has-post-thumbnail","6":"product_cat-accessoires-exterieur","7":"product_cat-accessoires-interieur","9":"first","10":"instock","11":"sale","12":"shipping-taxable","13":"purchasable","14":"product-type-simple"},"jetpack_sharing_enabled":true,"_links":{"self":[{"href":"https:\/\/autopdz.com\/ar\/wp-json\/wp\/v2\/product\/14248","targetHints":{"allow":["GET"]}}],"collection":[{"href":"https:\/\/autopdz.com\/ar\/wp-json\/wp\/v2\/product"}],"about":[{"href":"https:\/\/autopdz.com\/ar\/wp-json\/wp\/v2\/types\/product"}],"replies":[{"embeddable":true,"href":"https:\/\/autopdz.com\/ar\/wp-json\/wp\/v2\/comments?post=14248"}],"wp:featuredmedia":[{"embeddable":true,"href":"https:\/\/autopdz.com\/ar\/wp-json\/wp\/v2\/media\/14243"}],"wp:attachment":[{"href":"https:\/\/autopdz.com\/ar\/wp-json\/wp\/v2\/media?parent=14248"}],"wp:term":[{"taxonomy":"product_brand","embeddable":true,"href":"https:\/\/autopdz.com\/ar\/wp-json\/wp\/v2\/product_brand?post=14248"},{"taxonomy":"product_cat","embeddable":true,"href":"https:\/\/autopdz.com\/ar\/wp-json\/wp\/v2\/product_cat?post=14248"},{"taxonomy":"product_tag","embeddable":true,"href":"https:\/\/autopdz.com\/ar\/wp-json\/wp\/v2\/product_tag?post=14248"}],"curies":[{"name":"wp","href":"https:\/\/api.w.org\/{rel}","templated":true}]}}